{"id":5429,"date":"2018-03-01T18:54:36","date_gmt":"2018-03-01T22:34:46","guid":{"rendered":"http:\/\/localhost\/wheaton-dev\/produto\/0921-plato-llano\/"},"modified":"2023-05-31T19:17:20","modified_gmt":"2023-05-31T22:17:20","slug":"0921-plato-llano","status":"publish","type":"product","link":"https:\/\/www.wheaton.com.br\/es\/producto\/0921-plato-llano\/","title":{"rendered":"0921 &#8211; PLATO LLANO"},"content":{"rendered":"","protected":false},"excerpt":{"rendered":"<p>Platos \u00fanicos &#8211; Atrav\u00e9s del proceso de coloreado aleatorio de la masa de vidrio, la l\u00ednea se compone de platos llanos, hondos y de postre, en combinaciones \u00fanicas. Cada plato es \u00fanico, por lo que cada pieza es especial e incomparable.<\/p>\n","protected":false},"featured_media":3928,"comment_status":"closed","ping_status":"closed","template":"","meta":{"_acf_changed":false,"inline_featured_image":false},"product_brand":[],"product_cat":[194,211],"product_tag":[],"class_list":{"0":"post-5429","1":"product","2":"type-product","3":"status-publish","4":"has-post-thumbnail","6":"product_cat-productos-para-el-hogar","7":"product_cat-unique-productos-para-el-hogar","9":"first","10":"instock","11":"product-type-simple"},"acf":[],"yoast_head":"<!-- This site is optimized with the Yoast SEO plugin v27.4 - https:\/\/yoast.com\/product\/yoast-seo-wordpress\/ -->\n<title>0921 - PLATO LLANO - Wheaton<\/title>\n<meta name=\"robots\" content=\"index, follow, max-snippet:-1, max-image-preview:large, max-video-preview:-1\" \/>\n<link rel=\"canonical\" href=\"https:\/\/www.wheaton.com.br\/es\/producto\/0921-plato-llano\/\" \/>\n<meta property=\"og:locale\" content=\"es_ES\" \/>\n<meta property=\"og:type\" content=\"article\" \/>\n<meta property=\"og:title\" content=\"0921 - PLATO LLANO - Wheaton\" \/>\n<meta property=\"og:description\" content=\"Platos \u00fanicos - Atrav\u00e9s del proceso de coloreado aleatorio de la masa de vidrio, la l\u00ednea se compone de platos llanos, hondos y de postre, en combinaciones \u00fanicas. Cada plato es \u00fanico, por lo que cada pieza es especial e incomparable.\" \/>\n<meta property=\"og:url\" content=\"https:\/\/www.wheaton.com.br\/es\/producto\/0921-plato-llano\/\" \/>\n<meta property=\"og:site_name\" content=\"Wheaton\" \/>\n<meta property=\"article:modified_time\" content=\"2023-05-31T22:17:20+00:00\" \/>\n<meta property=\"og:image\" content=\"https:\/\/www.wheaton.com.br\/wp-content\/uploads\/2021\/09\/PUD0921-1.png\" \/>\n\t<meta property=\"og:image:width\" content=\"350\" \/>\n\t<meta property=\"og:image:height\" content=\"350\" \/>\n\t<meta property=\"og:image:type\" content=\"image\/png\" \/>\n<meta name=\"twitter:card\" content=\"summary_large_image\" \/>\n<script type=\"application\/ld+json\" class=\"yoast-schema-graph\">{\"@context\":\"https:\\\/\\\/schema.org\",\"@graph\":[{\"@type\":\"WebPage\",\"@id\":\"https:\\\/\\\/www.wheaton.com.br\\\/es\\\/producto\\\/0921-plato-llano\\\/\",\"url\":\"https:\\\/\\\/www.wheaton.com.br\\\/es\\\/producto\\\/0921-plato-llano\\\/\",\"name\":\"0921 - PLATO LLANO - Wheaton\",\"isPartOf\":{\"@id\":\"https:\\\/\\\/www.wheaton.com.br\\\/es\\\/#website\"},\"primaryImageOfPage\":{\"@id\":\"https:\\\/\\\/www.wheaton.com.br\\\/es\\\/producto\\\/0921-plato-llano\\\/#primaryimage\"},\"image\":{\"@id\":\"https:\\\/\\\/www.wheaton.com.br\\\/es\\\/producto\\\/0921-plato-llano\\\/#primaryimage\"},\"thumbnailUrl\":\"https:\\\/\\\/www.wheaton.com.br\\\/wp-content\\\/uploads\\\/2021\\\/09\\\/PUD0921-1.png\",\"datePublished\":\"2018-03-01T22:34:46+00:00\",\"dateModified\":\"2023-05-31T22:17:20+00:00\",\"breadcrumb\":{\"@id\":\"https:\\\/\\\/www.wheaton.com.br\\\/es\\\/producto\\\/0921-plato-llano\\\/#breadcrumb\"},\"inLanguage\":\"es\",\"potentialAction\":[{\"@type\":\"ReadAction\",\"target\":[\"https:\\\/\\\/www.wheaton.com.br\\\/es\\\/producto\\\/0921-plato-llano\\\/\"]}]},{\"@type\":\"ImageObject\",\"inLanguage\":\"es\",\"@id\":\"https:\\\/\\\/www.wheaton.com.br\\\/es\\\/producto\\\/0921-plato-llano\\\/#primaryimage\",\"url\":\"https:\\\/\\\/www.wheaton.com.br\\\/wp-content\\\/uploads\\\/2021\\\/09\\\/PUD0921-1.png\",\"contentUrl\":\"https:\\\/\\\/www.wheaton.com.br\\\/wp-content\\\/uploads\\\/2021\\\/09\\\/PUD0921-1.png\",\"width\":350,\"height\":350},{\"@type\":\"BreadcrumbList\",\"@id\":\"https:\\\/\\\/www.wheaton.com.br\\\/es\\\/producto\\\/0921-plato-llano\\\/#breadcrumb\",\"itemListElement\":[{\"@type\":\"ListItem\",\"position\":1,\"name\":\"In\u00edcio\",\"item\":\"https:\\\/\\\/www.wheaton.com.br\\\/es\\\/\"},{\"@type\":\"ListItem\",\"position\":2,\"name\":\"Tienda\",\"item\":\"https:\\\/\\\/www.wheaton.com.br\\\/es\\\/tienda\\\/\"},{\"@type\":\"ListItem\",\"position\":3,\"name\":\"0921 &#8211; PLATO LLANO\"}]},{\"@type\":\"WebSite\",\"@id\":\"https:\\\/\\\/www.wheaton.com.br\\\/es\\\/#website\",\"url\":\"https:\\\/\\\/www.wheaton.com.br\\\/es\\\/\",\"name\":\"Wheaton\",\"description\":\"Embalagens de vidro para perfumaria e utilidades dom\u00e9sticas\",\"publisher\":{\"@id\":\"https:\\\/\\\/www.wheaton.com.br\\\/es\\\/#organization\"},\"potentialAction\":[{\"@type\":\"SearchAction\",\"target\":{\"@type\":\"EntryPoint\",\"urlTemplate\":\"https:\\\/\\\/www.wheaton.com.br\\\/es\\\/?s={search_term_string}\"},\"query-input\":{\"@type\":\"PropertyValueSpecification\",\"valueRequired\":true,\"valueName\":\"search_term_string\"}}],\"inLanguage\":\"es\"},{\"@type\":\"Organization\",\"@id\":\"https:\\\/\\\/www.wheaton.com.br\\\/es\\\/#organization\",\"name\":\"Wheaton\",\"url\":\"https:\\\/\\\/www.wheaton.com.br\\\/es\\\/\",\"logo\":{\"@type\":\"ImageObject\",\"inLanguage\":\"es\",\"@id\":\"https:\\\/\\\/www.wheaton.com.br\\\/es\\\/#\\\/schema\\\/logo\\\/image\\\/\",\"url\":\"http:\\\/\\\/wheaton.com.br\\\/wp-content\\\/uploads\\\/2021\\\/09\\\/logo_btn-1.png\",\"contentUrl\":\"http:\\\/\\\/wheaton.com.br\\\/wp-content\\\/uploads\\\/2021\\\/09\\\/logo_btn-1.png\",\"width\":80,\"height\":64,\"caption\":\"Wheaton\"},\"image\":{\"@id\":\"https:\\\/\\\/www.wheaton.com.br\\\/es\\\/#\\\/schema\\\/logo\\\/image\\\/\"}}]}<\/script>\n<!-- \/ Yoast SEO plugin. -->","yoast_head_json":{"title":"0921 - PLATO LLANO - Wheaton","robots":{"index":"index","follow":"follow","max-snippet":"max-snippet:-1","max-image-preview":"max-image-preview:large","max-video-preview":"max-video-preview:-1"},"canonical":"https:\/\/www.wheaton.com.br\/es\/producto\/0921-plato-llano\/","og_locale":"es_ES","og_type":"article","og_title":"0921 - PLATO LLANO - Wheaton","og_description":"Platos \u00fanicos - Atrav\u00e9s del proceso de coloreado aleatorio de la masa de vidrio, la l\u00ednea se compone de platos llanos, hondos y de postre, en combinaciones \u00fanicas. Cada plato es \u00fanico, por lo que cada pieza es especial e incomparable.","og_url":"https:\/\/www.wheaton.com.br\/es\/producto\/0921-plato-llano\/","og_site_name":"Wheaton","article_modified_time":"2023-05-31T22:17:20+00:00","og_image":[{"width":350,"height":350,"url":"https:\/\/www.wheaton.com.br\/wp-content\/uploads\/2021\/09\/PUD0921-1.png","type":"image\/png"}],"twitter_card":"summary_large_image","schema":{"@context":"https:\/\/schema.org","@graph":[{"@type":"WebPage","@id":"https:\/\/www.wheaton.com.br\/es\/producto\/0921-plato-llano\/","url":"https:\/\/www.wheaton.com.br\/es\/producto\/0921-plato-llano\/","name":"0921 - PLATO LLANO - Wheaton","isPartOf":{"@id":"https:\/\/www.wheaton.com.br\/es\/#website"},"primaryImageOfPage":{"@id":"https:\/\/www.wheaton.com.br\/es\/producto\/0921-plato-llano\/#primaryimage"},"image":{"@id":"https:\/\/www.wheaton.com.br\/es\/producto\/0921-plato-llano\/#primaryimage"},"thumbnailUrl":"https:\/\/www.wheaton.com.br\/wp-content\/uploads\/2021\/09\/PUD0921-1.png","datePublished":"2018-03-01T22:34:46+00:00","dateModified":"2023-05-31T22:17:20+00:00","breadcrumb":{"@id":"https:\/\/www.wheaton.com.br\/es\/producto\/0921-plato-llano\/#breadcrumb"},"inLanguage":"es","potentialAction":[{"@type":"ReadAction","target":["https:\/\/www.wheaton.com.br\/es\/producto\/0921-plato-llano\/"]}]},{"@type":"ImageObject","inLanguage":"es","@id":"https:\/\/www.wheaton.com.br\/es\/producto\/0921-plato-llano\/#primaryimage","url":"https:\/\/www.wheaton.com.br\/wp-content\/uploads\/2021\/09\/PUD0921-1.png","contentUrl":"https:\/\/www.wheaton.com.br\/wp-content\/uploads\/2021\/09\/PUD0921-1.png","width":350,"height":350},{"@type":"BreadcrumbList","@id":"https:\/\/www.wheaton.com.br\/es\/producto\/0921-plato-llano\/#breadcrumb","itemListElement":[{"@type":"ListItem","position":1,"name":"In\u00edcio","item":"https:\/\/www.wheaton.com.br\/es\/"},{"@type":"ListItem","position":2,"name":"Tienda","item":"https:\/\/www.wheaton.com.br\/es\/tienda\/"},{"@type":"ListItem","position":3,"name":"0921 &#8211; PLATO LLANO"}]},{"@type":"WebSite","@id":"https:\/\/www.wheaton.com.br\/es\/#website","url":"https:\/\/www.wheaton.com.br\/es\/","name":"Wheaton","description":"Embalagens de vidro para perfumaria e utilidades dom\u00e9sticas","publisher":{"@id":"https:\/\/www.wheaton.com.br\/es\/#organization"},"potentialAction":[{"@type":"SearchAction","target":{"@type":"EntryPoint","urlTemplate":"https:\/\/www.wheaton.com.br\/es\/?s={search_term_string}"},"query-input":{"@type":"PropertyValueSpecification","valueRequired":true,"valueName":"search_term_string"}}],"inLanguage":"es"},{"@type":"Organization","@id":"https:\/\/www.wheaton.com.br\/es\/#organization","name":"Wheaton","url":"https:\/\/www.wheaton.com.br\/es\/","logo":{"@type":"ImageObject","inLanguage":"es","@id":"https:\/\/www.wheaton.com.br\/es\/#\/schema\/logo\/image\/","url":"http:\/\/wheaton.com.br\/wp-content\/uploads\/2021\/09\/logo_btn-1.png","contentUrl":"http:\/\/wheaton.com.br\/wp-content\/uploads\/2021\/09\/logo_btn-1.png","width":80,"height":64,"caption":"Wheaton"},"image":{"@id":"https:\/\/www.wheaton.com.br\/es\/#\/schema\/logo\/image\/"}}]}},"_links":{"self":[{"href":"https:\/\/www.wheaton.com.br\/es\/wp-json\/wp\/v2\/product\/5429","targetHints":{"allow":["GET"]}}],"collection":[{"href":"https:\/\/www.wheaton.com.br\/es\/wp-json\/wp\/v2\/product"}],"about":[{"href":"https:\/\/www.wheaton.com.br\/es\/wp-json\/wp\/v2\/types\/product"}],"replies":[{"embeddable":true,"href":"https:\/\/www.wheaton.com.br\/es\/wp-json\/wp\/v2\/comments?post=5429"}],"wp:featuredmedia":[{"embeddable":true,"href":"https:\/\/www.wheaton.com.br\/es\/wp-json\/wp\/v2\/media\/3928"}],"wp:attachment":[{"href":"https:\/\/www.wheaton.com.br\/es\/wp-json\/wp\/v2\/media?parent=5429"}],"wp:term":[{"taxonomy":"product_brand","embeddable":true,"href":"https:\/\/www.wheaton.com.br\/es\/wp-json\/wp\/v2\/product_brand?post=5429"},{"taxonomy":"product_cat","embeddable":true,"href":"https:\/\/www.wheaton.com.br\/es\/wp-json\/wp\/v2\/product_cat?post=5429"},{"taxonomy":"product_tag","embeddable":true,"href":"https:\/\/www.wheaton.com.br\/es\/wp-json\/wp\/v2\/product_tag?post=5429"}],"curies":[{"name":"wp","href":"https:\/\/api.w.org\/{rel}","templated":true}]}}