{"id":5348,"date":"2017-05-16T22:36:26","date_gmt":"2017-04-28T21:16:53","guid":{"rendered":"http:\/\/localhost\/wheaton-dev\/produto\/5024-compotera-para-cereal-rojo\/"},"modified":"2025-02-04T18:28:46","modified_gmt":"2025-02-04T21:28:46","slug":"5024-compotera-para-cereal-rojo","status":"publish","type":"product","link":"https:\/\/www.wheaton.com.br\/es\/producto\/5024-compotera-para-cereal-rojo\/","title":{"rendered":"5024 &#8211; BOL PARA CEREALES ROJO"},"content":{"rendered":"","protected":false},"excerpt":{"rendered":"<p>Moderno, b\u00e1sico y colorido &#8211; Ideal para todos los d\u00edas y ocasiones especiales. \u00bfQu\u00e9 te parece componer una mesa con  los productos Confetti de colores diferentes, o coordinarlos con los platos y tazas de l\u00ednea Lumini, el audaz dise\u00f1o de la l\u00ednea Petra o los tonos de la l\u00ednea Unique?<\/p>\n","protected":false},"featured_media":2947,"comment_status":"closed","ping_status":"open","template":"","meta":{"_acf_changed":false,"inline_featured_image":false},"product_brand":[],"product_cat":[203,194],"product_tag":[],"class_list":{"0":"post-5348","1":"product","2":"type-product","3":"status-publish","4":"has-post-thumbnail","6":"product_cat-confetti-productos-para-el-hogar","7":"product_cat-productos-para-el-hogar","9":"first","10":"instock","11":"product-type-simple"},"acf":[],"yoast_head":"<!-- This site is optimized with the Yoast SEO plugin v27.2 - https:\/\/yoast.com\/product\/yoast-seo-wordpress\/ -->\n<title>5024 - BOL PARA CEREALES ROJO - Wheaton<\/title>\n<meta name=\"robots\" content=\"index, follow, max-snippet:-1, max-image-preview:large, max-video-preview:-1\" \/>\n<link rel=\"canonical\" href=\"https:\/\/www.wheaton.com.br\/es\/producto\/5024-compotera-para-cereal-rojo\/\" \/>\n<meta property=\"og:locale\" content=\"es_ES\" \/>\n<meta property=\"og:type\" content=\"article\" \/>\n<meta property=\"og:title\" content=\"5024 - BOL PARA CEREALES ROJO - Wheaton\" \/>\n<meta property=\"og:description\" content=\"Moderno, b\u00e1sico y colorido - Ideal para todos los d\u00edas y ocasiones especiales. \u00bfQu\u00e9 te parece componer una mesa con los productos Confetti de colores diferentes, o coordinarlos con los platos y tazas de l\u00ednea Lumini, el audaz dise\u00f1o de la l\u00ednea Petra o los tonos de la l\u00ednea Unique?\" \/>\n<meta property=\"og:url\" content=\"https:\/\/www.wheaton.com.br\/es\/producto\/5024-compotera-para-cereal-rojo\/\" \/>\n<meta property=\"og:site_name\" content=\"Wheaton\" \/>\n<meta property=\"article:modified_time\" content=\"2025-02-04T21:28:46+00:00\" \/>\n<meta property=\"og:image\" content=\"https:\/\/www.wheaton.com.br\/wp-content\/uploads\/2021\/09\/0788-1.png\" \/>\n\t<meta property=\"og:image:width\" content=\"350\" \/>\n\t<meta property=\"og:image:height\" content=\"300\" \/>\n\t<meta property=\"og:image:type\" content=\"image\/png\" \/>\n<meta name=\"twitter:card\" content=\"summary_large_image\" \/>\n<script type=\"application\/ld+json\" class=\"yoast-schema-graph\">{\"@context\":\"https:\/\/schema.org\",\"@graph\":[{\"@type\":\"WebPage\",\"@id\":\"https:\/\/www.wheaton.com.br\/es\/producto\/5024-compotera-para-cereal-rojo\/\",\"url\":\"https:\/\/www.wheaton.com.br\/es\/producto\/5024-compotera-para-cereal-rojo\/\",\"name\":\"5024 - BOL PARA CEREALES ROJO - Wheaton\",\"isPartOf\":{\"@id\":\"https:\/\/www.wheaton.com.br\/es\/#website\"},\"primaryImageOfPage\":{\"@id\":\"https:\/\/www.wheaton.com.br\/es\/producto\/5024-compotera-para-cereal-rojo\/#primaryimage\"},\"image\":{\"@id\":\"https:\/\/www.wheaton.com.br\/es\/producto\/5024-compotera-para-cereal-rojo\/#primaryimage\"},\"thumbnailUrl\":\"https:\/\/www.wheaton.com.br\/wp-content\/uploads\/2021\/09\/0788-1.png\",\"datePublished\":\"2017-04-28T21:16:53+00:00\",\"dateModified\":\"2025-02-04T21:28:46+00:00\",\"breadcrumb\":{\"@id\":\"https:\/\/www.wheaton.com.br\/es\/producto\/5024-compotera-para-cereal-rojo\/#breadcrumb\"},\"inLanguage\":\"es\",\"potentialAction\":[{\"@type\":\"ReadAction\",\"target\":[\"https:\/\/www.wheaton.com.br\/es\/producto\/5024-compotera-para-cereal-rojo\/\"]}]},{\"@type\":\"ImageObject\",\"inLanguage\":\"es\",\"@id\":\"https:\/\/www.wheaton.com.br\/es\/producto\/5024-compotera-para-cereal-rojo\/#primaryimage\",\"url\":\"https:\/\/www.wheaton.com.br\/wp-content\/uploads\/2021\/09\/0788-1.png\",\"contentUrl\":\"https:\/\/www.wheaton.com.br\/wp-content\/uploads\/2021\/09\/0788-1.png\",\"width\":350,\"height\":300},{\"@type\":\"BreadcrumbList\",\"@id\":\"https:\/\/www.wheaton.com.br\/es\/producto\/5024-compotera-para-cereal-rojo\/#breadcrumb\",\"itemListElement\":[{\"@type\":\"ListItem\",\"position\":1,\"name\":\"In\u00edcio\",\"item\":\"https:\/\/www.wheaton.com.br\/es\/\"},{\"@type\":\"ListItem\",\"position\":2,\"name\":\"Tienda\",\"item\":\"https:\/\/www.wheaton.com.br\/es\/tienda\/\"},{\"@type\":\"ListItem\",\"position\":3,\"name\":\"5024 &#8211; BOL PARA CEREALES ROJO\"}]},{\"@type\":\"WebSite\",\"@id\":\"https:\/\/www.wheaton.com.br\/es\/#website\",\"url\":\"https:\/\/www.wheaton.com.br\/es\/\",\"name\":\"Wheaton\",\"description\":\"Embalagens de vidro para perfumaria e utilidades dom\u00e9sticas\",\"publisher\":{\"@id\":\"https:\/\/www.wheaton.com.br\/es\/#organization\"},\"potentialAction\":[{\"@type\":\"SearchAction\",\"target\":{\"@type\":\"EntryPoint\",\"urlTemplate\":\"https:\/\/www.wheaton.com.br\/es\/?s={search_term_string}\"},\"query-input\":{\"@type\":\"PropertyValueSpecification\",\"valueRequired\":true,\"valueName\":\"search_term_string\"}}],\"inLanguage\":\"es\"},{\"@type\":\"Organization\",\"@id\":\"https:\/\/www.wheaton.com.br\/es\/#organization\",\"name\":\"Wheaton\",\"url\":\"https:\/\/www.wheaton.com.br\/es\/\",\"logo\":{\"@type\":\"ImageObject\",\"inLanguage\":\"es\",\"@id\":\"https:\/\/www.wheaton.com.br\/es\/#\/schema\/logo\/image\/\",\"url\":\"http:\/\/wheaton.com.br\/wp-content\/uploads\/2021\/09\/logo_btn-1.png\",\"contentUrl\":\"http:\/\/wheaton.com.br\/wp-content\/uploads\/2021\/09\/logo_btn-1.png\",\"width\":80,\"height\":64,\"caption\":\"Wheaton\"},\"image\":{\"@id\":\"https:\/\/www.wheaton.com.br\/es\/#\/schema\/logo\/image\/\"}}]}<\/script>\n<!-- \/ Yoast SEO plugin. -->","yoast_head_json":{"title":"5024 - BOL PARA CEREALES ROJO - Wheaton","robots":{"index":"index","follow":"follow","max-snippet":"max-snippet:-1","max-image-preview":"max-image-preview:large","max-video-preview":"max-video-preview:-1"},"canonical":"https:\/\/www.wheaton.com.br\/es\/producto\/5024-compotera-para-cereal-rojo\/","og_locale":"es_ES","og_type":"article","og_title":"5024 - BOL PARA CEREALES ROJO - Wheaton","og_description":"Moderno, b\u00e1sico y colorido - Ideal para todos los d\u00edas y ocasiones especiales. \u00bfQu\u00e9 te parece componer una mesa con los productos Confetti de colores diferentes, o coordinarlos con los platos y tazas de l\u00ednea Lumini, el audaz dise\u00f1o de la l\u00ednea Petra o los tonos de la l\u00ednea Unique?","og_url":"https:\/\/www.wheaton.com.br\/es\/producto\/5024-compotera-para-cereal-rojo\/","og_site_name":"Wheaton","article_modified_time":"2025-02-04T21:28:46+00:00","og_image":[{"width":350,"height":300,"url":"https:\/\/www.wheaton.com.br\/wp-content\/uploads\/2021\/09\/0788-1.png","type":"image\/png"}],"twitter_card":"summary_large_image","schema":{"@context":"https:\/\/schema.org","@graph":[{"@type":"WebPage","@id":"https:\/\/www.wheaton.com.br\/es\/producto\/5024-compotera-para-cereal-rojo\/","url":"https:\/\/www.wheaton.com.br\/es\/producto\/5024-compotera-para-cereal-rojo\/","name":"5024 - BOL PARA CEREALES ROJO - Wheaton","isPartOf":{"@id":"https:\/\/www.wheaton.com.br\/es\/#website"},"primaryImageOfPage":{"@id":"https:\/\/www.wheaton.com.br\/es\/producto\/5024-compotera-para-cereal-rojo\/#primaryimage"},"image":{"@id":"https:\/\/www.wheaton.com.br\/es\/producto\/5024-compotera-para-cereal-rojo\/#primaryimage"},"thumbnailUrl":"https:\/\/www.wheaton.com.br\/wp-content\/uploads\/2021\/09\/0788-1.png","datePublished":"2017-04-28T21:16:53+00:00","dateModified":"2025-02-04T21:28:46+00:00","breadcrumb":{"@id":"https:\/\/www.wheaton.com.br\/es\/producto\/5024-compotera-para-cereal-rojo\/#breadcrumb"},"inLanguage":"es","potentialAction":[{"@type":"ReadAction","target":["https:\/\/www.wheaton.com.br\/es\/producto\/5024-compotera-para-cereal-rojo\/"]}]},{"@type":"ImageObject","inLanguage":"es","@id":"https:\/\/www.wheaton.com.br\/es\/producto\/5024-compotera-para-cereal-rojo\/#primaryimage","url":"https:\/\/www.wheaton.com.br\/wp-content\/uploads\/2021\/09\/0788-1.png","contentUrl":"https:\/\/www.wheaton.com.br\/wp-content\/uploads\/2021\/09\/0788-1.png","width":350,"height":300},{"@type":"BreadcrumbList","@id":"https:\/\/www.wheaton.com.br\/es\/producto\/5024-compotera-para-cereal-rojo\/#breadcrumb","itemListElement":[{"@type":"ListItem","position":1,"name":"In\u00edcio","item":"https:\/\/www.wheaton.com.br\/es\/"},{"@type":"ListItem","position":2,"name":"Tienda","item":"https:\/\/www.wheaton.com.br\/es\/tienda\/"},{"@type":"ListItem","position":3,"name":"5024 &#8211; BOL PARA CEREALES ROJO"}]},{"@type":"WebSite","@id":"https:\/\/www.wheaton.com.br\/es\/#website","url":"https:\/\/www.wheaton.com.br\/es\/","name":"Wheaton","description":"Embalagens de vidro para perfumaria e utilidades dom\u00e9sticas","publisher":{"@id":"https:\/\/www.wheaton.com.br\/es\/#organization"},"potentialAction":[{"@type":"SearchAction","target":{"@type":"EntryPoint","urlTemplate":"https:\/\/www.wheaton.com.br\/es\/?s={search_term_string}"},"query-input":{"@type":"PropertyValueSpecification","valueRequired":true,"valueName":"search_term_string"}}],"inLanguage":"es"},{"@type":"Organization","@id":"https:\/\/www.wheaton.com.br\/es\/#organization","name":"Wheaton","url":"https:\/\/www.wheaton.com.br\/es\/","logo":{"@type":"ImageObject","inLanguage":"es","@id":"https:\/\/www.wheaton.com.br\/es\/#\/schema\/logo\/image\/","url":"http:\/\/wheaton.com.br\/wp-content\/uploads\/2021\/09\/logo_btn-1.png","contentUrl":"http:\/\/wheaton.com.br\/wp-content\/uploads\/2021\/09\/logo_btn-1.png","width":80,"height":64,"caption":"Wheaton"},"image":{"@id":"https:\/\/www.wheaton.com.br\/es\/#\/schema\/logo\/image\/"}}]}},"_links":{"self":[{"href":"https:\/\/www.wheaton.com.br\/es\/wp-json\/wp\/v2\/product\/5348","targetHints":{"allow":["GET"]}}],"collection":[{"href":"https:\/\/www.wheaton.com.br\/es\/wp-json\/wp\/v2\/product"}],"about":[{"href":"https:\/\/www.wheaton.com.br\/es\/wp-json\/wp\/v2\/types\/product"}],"replies":[{"embeddable":true,"href":"https:\/\/www.wheaton.com.br\/es\/wp-json\/wp\/v2\/comments?post=5348"}],"wp:featuredmedia":[{"embeddable":true,"href":"https:\/\/www.wheaton.com.br\/es\/wp-json\/wp\/v2\/media\/2947"}],"wp:attachment":[{"href":"https:\/\/www.wheaton.com.br\/es\/wp-json\/wp\/v2\/media?parent=5348"}],"wp:term":[{"taxonomy":"product_brand","embeddable":true,"href":"https:\/\/www.wheaton.com.br\/es\/wp-json\/wp\/v2\/product_brand?post=5348"},{"taxonomy":"product_cat","embeddable":true,"href":"https:\/\/www.wheaton.com.br\/es\/wp-json\/wp\/v2\/product_cat?post=5348"},{"taxonomy":"product_tag","embeddable":true,"href":"https:\/\/www.wheaton.com.br\/es\/wp-json\/wp\/v2\/product_tag?post=5348"}],"curies":[{"name":"wp","href":"https:\/\/api.w.org\/{rel}","templated":true}]}}