{"id":5310,"date":"2018-03-01T18:53:14","date_gmt":"2018-03-01T22:33:27","guid":{"rendered":"http:\/\/localhost\/wheaton-dev\/produto\/4917-juego-de-tazas-para-cerveza-happy-hour-2-piezas\/"},"modified":"2025-02-04T18:27:51","modified_gmt":"2025-02-04T21:27:51","slug":"4917-juego-de-tazas-para-cerveza-happy-hour-2-piezas","status":"publish","type":"product","link":"https:\/\/www.wheaton.com.br\/es\/producto\/4917-juego-de-tazas-para-cerveza-happy-hour-2-piezas\/","title":{"rendered":"4917 &#8211; JUEGO DE TAZAS PARA CERVEZA DE BARRIL HAPPY HOUR &#8211; 2 PIEZAS"},"content":{"rendered":"","protected":false},"excerpt":{"rendered":"<p>Es tiempo para relajarse &#8211; Dise\u00f1ado especialmente para los amantes de la cerveza, la nueva taza Happy Hour est\u00e1 decorada con un pigmento termocr\u00f3mico que cambia de color con el l\u00edquido fr\u00edo. En la barbacoa, en el happy hour con los amigos o con la familia reunida, no se preocupe: \u00a1la taza le avisa si la cerveza est\u00e1 fr\u00eda! El producto se presenta en un envase especial con la pr\u00e1ctica asa para el transporte. No tire em la basura! Utilizalo para llevar a sus tazas con usted em todos los momentos especiales!<\/p>\n","protected":false},"featured_media":4063,"comment_status":"closed","ping_status":"closed","template":"","meta":{"_acf_changed":false,"inline_featured_image":false},"product_brand":[],"product_cat":[199,194],"product_tag":[],"class_list":{"0":"post-5310","1":"product","2":"type-product","3":"status-publish","4":"has-post-thumbnail","6":"product_cat-canecas-productos-para-el-hogar","7":"product_cat-productos-para-el-hogar","9":"first","10":"instock","11":"product-type-simple"},"acf":[],"yoast_head":"<!-- This site is optimized with the Yoast SEO plugin v27.2 - https:\/\/yoast.com\/product\/yoast-seo-wordpress\/ -->\n<title>4917 - JUEGO DE TAZAS PARA CERVEZA DE BARRIL HAPPY HOUR - 2 PIEZAS - Wheaton<\/title>\n<meta name=\"robots\" content=\"index, follow, max-snippet:-1, max-image-preview:large, max-video-preview:-1\" \/>\n<link rel=\"canonical\" href=\"https:\/\/www.wheaton.com.br\/es\/producto\/4917-juego-de-tazas-para-cerveza-happy-hour-2-piezas\/\" \/>\n<meta property=\"og:locale\" content=\"es_ES\" \/>\n<meta property=\"og:type\" content=\"article\" \/>\n<meta property=\"og:title\" content=\"4917 - JUEGO DE TAZAS PARA CERVEZA DE BARRIL HAPPY HOUR - 2 PIEZAS - Wheaton\" \/>\n<meta property=\"og:description\" content=\"Es tiempo para relajarse - Dise\u00f1ado especialmente para los amantes de la cerveza, la nueva taza Happy Hour est\u00e1 decorada con un pigmento termocr\u00f3mico que cambia de color con el l\u00edquido fr\u00edo. En la barbacoa, en el happy hour con los amigos o con la familia reunida, no se preocupe: \u00a1la taza le avisa si la cerveza est\u00e1 fr\u00eda! El producto se presenta en un envase especial con la pr\u00e1ctica asa para el transporte. No tire em la basura! Utilizalo para llevar a sus tazas con usted em todos los momentos especiales!\" \/>\n<meta property=\"og:url\" content=\"https:\/\/www.wheaton.com.br\/es\/producto\/4917-juego-de-tazas-para-cerveza-happy-hour-2-piezas\/\" \/>\n<meta property=\"og:site_name\" content=\"Wheaton\" \/>\n<meta property=\"article:modified_time\" content=\"2025-02-04T21:27:51+00:00\" \/>\n<meta property=\"og:image\" content=\"https:\/\/www.wheaton.com.br\/wp-content\/uploads\/2021\/09\/PUD4917-2-1.png\" \/>\n\t<meta property=\"og:image:width\" content=\"350\" \/>\n\t<meta property=\"og:image:height\" content=\"350\" \/>\n\t<meta property=\"og:image:type\" content=\"image\/png\" \/>\n<meta name=\"twitter:card\" content=\"summary_large_image\" \/>\n<script type=\"application\/ld+json\" class=\"yoast-schema-graph\">{\"@context\":\"https:\/\/schema.org\",\"@graph\":[{\"@type\":\"WebPage\",\"@id\":\"https:\/\/www.wheaton.com.br\/es\/producto\/4917-juego-de-tazas-para-cerveza-happy-hour-2-piezas\/\",\"url\":\"https:\/\/www.wheaton.com.br\/es\/producto\/4917-juego-de-tazas-para-cerveza-happy-hour-2-piezas\/\",\"name\":\"4917 - JUEGO DE TAZAS PARA CERVEZA DE BARRIL HAPPY HOUR - 2 PIEZAS - Wheaton\",\"isPartOf\":{\"@id\":\"https:\/\/www.wheaton.com.br\/es\/#website\"},\"primaryImageOfPage\":{\"@id\":\"https:\/\/www.wheaton.com.br\/es\/producto\/4917-juego-de-tazas-para-cerveza-happy-hour-2-piezas\/#primaryimage\"},\"image\":{\"@id\":\"https:\/\/www.wheaton.com.br\/es\/producto\/4917-juego-de-tazas-para-cerveza-happy-hour-2-piezas\/#primaryimage\"},\"thumbnailUrl\":\"https:\/\/www.wheaton.com.br\/wp-content\/uploads\/2021\/09\/PUD4917-2-1.png\",\"datePublished\":\"2018-03-01T22:33:27+00:00\",\"dateModified\":\"2025-02-04T21:27:51+00:00\",\"breadcrumb\":{\"@id\":\"https:\/\/www.wheaton.com.br\/es\/producto\/4917-juego-de-tazas-para-cerveza-happy-hour-2-piezas\/#breadcrumb\"},\"inLanguage\":\"es\",\"potentialAction\":[{\"@type\":\"ReadAction\",\"target\":[\"https:\/\/www.wheaton.com.br\/es\/producto\/4917-juego-de-tazas-para-cerveza-happy-hour-2-piezas\/\"]}]},{\"@type\":\"ImageObject\",\"inLanguage\":\"es\",\"@id\":\"https:\/\/www.wheaton.com.br\/es\/producto\/4917-juego-de-tazas-para-cerveza-happy-hour-2-piezas\/#primaryimage\",\"url\":\"https:\/\/www.wheaton.com.br\/wp-content\/uploads\/2021\/09\/PUD4917-2-1.png\",\"contentUrl\":\"https:\/\/www.wheaton.com.br\/wp-content\/uploads\/2021\/09\/PUD4917-2-1.png\",\"width\":350,\"height\":350},{\"@type\":\"BreadcrumbList\",\"@id\":\"https:\/\/www.wheaton.com.br\/es\/producto\/4917-juego-de-tazas-para-cerveza-happy-hour-2-piezas\/#breadcrumb\",\"itemListElement\":[{\"@type\":\"ListItem\",\"position\":1,\"name\":\"In\u00edcio\",\"item\":\"https:\/\/www.wheaton.com.br\/es\/\"},{\"@type\":\"ListItem\",\"position\":2,\"name\":\"Tienda\",\"item\":\"https:\/\/www.wheaton.com.br\/es\/tienda\/\"},{\"@type\":\"ListItem\",\"position\":3,\"name\":\"4917 &#8211; JUEGO DE TAZAS PARA CERVEZA DE BARRIL HAPPY HOUR &#8211; 2 PIEZAS\"}]},{\"@type\":\"WebSite\",\"@id\":\"https:\/\/www.wheaton.com.br\/es\/#website\",\"url\":\"https:\/\/www.wheaton.com.br\/es\/\",\"name\":\"Wheaton\",\"description\":\"Embalagens de vidro para perfumaria e utilidades dom\u00e9sticas\",\"publisher\":{\"@id\":\"https:\/\/www.wheaton.com.br\/es\/#organization\"},\"potentialAction\":[{\"@type\":\"SearchAction\",\"target\":{\"@type\":\"EntryPoint\",\"urlTemplate\":\"https:\/\/www.wheaton.com.br\/es\/?s={search_term_string}\"},\"query-input\":{\"@type\":\"PropertyValueSpecification\",\"valueRequired\":true,\"valueName\":\"search_term_string\"}}],\"inLanguage\":\"es\"},{\"@type\":\"Organization\",\"@id\":\"https:\/\/www.wheaton.com.br\/es\/#organization\",\"name\":\"Wheaton\",\"url\":\"https:\/\/www.wheaton.com.br\/es\/\",\"logo\":{\"@type\":\"ImageObject\",\"inLanguage\":\"es\",\"@id\":\"https:\/\/www.wheaton.com.br\/es\/#\/schema\/logo\/image\/\",\"url\":\"http:\/\/wheaton.com.br\/wp-content\/uploads\/2021\/09\/logo_btn-1.png\",\"contentUrl\":\"http:\/\/wheaton.com.br\/wp-content\/uploads\/2021\/09\/logo_btn-1.png\",\"width\":80,\"height\":64,\"caption\":\"Wheaton\"},\"image\":{\"@id\":\"https:\/\/www.wheaton.com.br\/es\/#\/schema\/logo\/image\/\"}}]}<\/script>\n<!-- \/ Yoast SEO plugin. -->","yoast_head_json":{"title":"4917 - JUEGO DE TAZAS PARA CERVEZA DE BARRIL HAPPY HOUR - 2 PIEZAS - Wheaton","robots":{"index":"index","follow":"follow","max-snippet":"max-snippet:-1","max-image-preview":"max-image-preview:large","max-video-preview":"max-video-preview:-1"},"canonical":"https:\/\/www.wheaton.com.br\/es\/producto\/4917-juego-de-tazas-para-cerveza-happy-hour-2-piezas\/","og_locale":"es_ES","og_type":"article","og_title":"4917 - JUEGO DE TAZAS PARA CERVEZA DE BARRIL HAPPY HOUR - 2 PIEZAS - Wheaton","og_description":"Es tiempo para relajarse - Dise\u00f1ado especialmente para los amantes de la cerveza, la nueva taza Happy Hour est\u00e1 decorada con un pigmento termocr\u00f3mico que cambia de color con el l\u00edquido fr\u00edo. En la barbacoa, en el happy hour con los amigos o con la familia reunida, no se preocupe: \u00a1la taza le avisa si la cerveza est\u00e1 fr\u00eda! El producto se presenta en un envase especial con la pr\u00e1ctica asa para el transporte. No tire em la basura! Utilizalo para llevar a sus tazas con usted em todos los momentos especiales!","og_url":"https:\/\/www.wheaton.com.br\/es\/producto\/4917-juego-de-tazas-para-cerveza-happy-hour-2-piezas\/","og_site_name":"Wheaton","article_modified_time":"2025-02-04T21:27:51+00:00","og_image":[{"width":350,"height":350,"url":"https:\/\/www.wheaton.com.br\/wp-content\/uploads\/2021\/09\/PUD4917-2-1.png","type":"image\/png"}],"twitter_card":"summary_large_image","schema":{"@context":"https:\/\/schema.org","@graph":[{"@type":"WebPage","@id":"https:\/\/www.wheaton.com.br\/es\/producto\/4917-juego-de-tazas-para-cerveza-happy-hour-2-piezas\/","url":"https:\/\/www.wheaton.com.br\/es\/producto\/4917-juego-de-tazas-para-cerveza-happy-hour-2-piezas\/","name":"4917 - JUEGO DE TAZAS PARA CERVEZA DE BARRIL HAPPY HOUR - 2 PIEZAS - Wheaton","isPartOf":{"@id":"https:\/\/www.wheaton.com.br\/es\/#website"},"primaryImageOfPage":{"@id":"https:\/\/www.wheaton.com.br\/es\/producto\/4917-juego-de-tazas-para-cerveza-happy-hour-2-piezas\/#primaryimage"},"image":{"@id":"https:\/\/www.wheaton.com.br\/es\/producto\/4917-juego-de-tazas-para-cerveza-happy-hour-2-piezas\/#primaryimage"},"thumbnailUrl":"https:\/\/www.wheaton.com.br\/wp-content\/uploads\/2021\/09\/PUD4917-2-1.png","datePublished":"2018-03-01T22:33:27+00:00","dateModified":"2025-02-04T21:27:51+00:00","breadcrumb":{"@id":"https:\/\/www.wheaton.com.br\/es\/producto\/4917-juego-de-tazas-para-cerveza-happy-hour-2-piezas\/#breadcrumb"},"inLanguage":"es","potentialAction":[{"@type":"ReadAction","target":["https:\/\/www.wheaton.com.br\/es\/producto\/4917-juego-de-tazas-para-cerveza-happy-hour-2-piezas\/"]}]},{"@type":"ImageObject","inLanguage":"es","@id":"https:\/\/www.wheaton.com.br\/es\/producto\/4917-juego-de-tazas-para-cerveza-happy-hour-2-piezas\/#primaryimage","url":"https:\/\/www.wheaton.com.br\/wp-content\/uploads\/2021\/09\/PUD4917-2-1.png","contentUrl":"https:\/\/www.wheaton.com.br\/wp-content\/uploads\/2021\/09\/PUD4917-2-1.png","width":350,"height":350},{"@type":"BreadcrumbList","@id":"https:\/\/www.wheaton.com.br\/es\/producto\/4917-juego-de-tazas-para-cerveza-happy-hour-2-piezas\/#breadcrumb","itemListElement":[{"@type":"ListItem","position":1,"name":"In\u00edcio","item":"https:\/\/www.wheaton.com.br\/es\/"},{"@type":"ListItem","position":2,"name":"Tienda","item":"https:\/\/www.wheaton.com.br\/es\/tienda\/"},{"@type":"ListItem","position":3,"name":"4917 &#8211; JUEGO DE TAZAS PARA CERVEZA DE BARRIL HAPPY HOUR &#8211; 2 PIEZAS"}]},{"@type":"WebSite","@id":"https:\/\/www.wheaton.com.br\/es\/#website","url":"https:\/\/www.wheaton.com.br\/es\/","name":"Wheaton","description":"Embalagens de vidro para perfumaria e utilidades dom\u00e9sticas","publisher":{"@id":"https:\/\/www.wheaton.com.br\/es\/#organization"},"potentialAction":[{"@type":"SearchAction","target":{"@type":"EntryPoint","urlTemplate":"https:\/\/www.wheaton.com.br\/es\/?s={search_term_string}"},"query-input":{"@type":"PropertyValueSpecification","valueRequired":true,"valueName":"search_term_string"}}],"inLanguage":"es"},{"@type":"Organization","@id":"https:\/\/www.wheaton.com.br\/es\/#organization","name":"Wheaton","url":"https:\/\/www.wheaton.com.br\/es\/","logo":{"@type":"ImageObject","inLanguage":"es","@id":"https:\/\/www.wheaton.com.br\/es\/#\/schema\/logo\/image\/","url":"http:\/\/wheaton.com.br\/wp-content\/uploads\/2021\/09\/logo_btn-1.png","contentUrl":"http:\/\/wheaton.com.br\/wp-content\/uploads\/2021\/09\/logo_btn-1.png","width":80,"height":64,"caption":"Wheaton"},"image":{"@id":"https:\/\/www.wheaton.com.br\/es\/#\/schema\/logo\/image\/"}}]}},"_links":{"self":[{"href":"https:\/\/www.wheaton.com.br\/es\/wp-json\/wp\/v2\/product\/5310","targetHints":{"allow":["GET"]}}],"collection":[{"href":"https:\/\/www.wheaton.com.br\/es\/wp-json\/wp\/v2\/product"}],"about":[{"href":"https:\/\/www.wheaton.com.br\/es\/wp-json\/wp\/v2\/types\/product"}],"replies":[{"embeddable":true,"href":"https:\/\/www.wheaton.com.br\/es\/wp-json\/wp\/v2\/comments?post=5310"}],"wp:featuredmedia":[{"embeddable":true,"href":"https:\/\/www.wheaton.com.br\/es\/wp-json\/wp\/v2\/media\/4063"}],"wp:attachment":[{"href":"https:\/\/www.wheaton.com.br\/es\/wp-json\/wp\/v2\/media?parent=5310"}],"wp:term":[{"taxonomy":"product_brand","embeddable":true,"href":"https:\/\/www.wheaton.com.br\/es\/wp-json\/wp\/v2\/product_brand?post=5310"},{"taxonomy":"product_cat","embeddable":true,"href":"https:\/\/www.wheaton.com.br\/es\/wp-json\/wp\/v2\/product_cat?post=5310"},{"taxonomy":"product_tag","embeddable":true,"href":"https:\/\/www.wheaton.com.br\/es\/wp-json\/wp\/v2\/product_tag?post=5310"}],"curies":[{"name":"wp","href":"https:\/\/api.w.org\/{rel}","templated":true}]}}