{"id":5272,"date":"2018-03-01T18:53:14","date_gmt":"2018-03-01T22:33:27","guid":{"rendered":"http:\/\/localhost\/wheaton-dev\/produto\/3373-juego-de-vasos-aperitivos-4-piezas\/"},"modified":"2025-02-04T18:26:51","modified_gmt":"2025-02-04T21:26:51","slug":"3373-juego-de-vasos-aperitivos-4-piezas","status":"publish","type":"product","link":"https:\/\/www.wheaton.com.br\/es\/producto\/3373-juego-de-vasos-aperitivos-4-piezas\/","title":{"rendered":"3373 &#8211; JUEGO DE VASOS PARA APERITIVOS \u2013 4 PIEZAS"},"content":{"rendered":"","protected":false},"excerpt":{"rendered":"<p>Cl\u00e1sico y vers\u00e1til &#8211; Para cada ocasi\u00f3n, un vaso que combina el brillo del vidrio y la versatilidad de la l\u00ednea Barroco y su dise\u00f1o \u00abbico de jaca.\u00bb Vasos que van a la mesa y a reuniones con amigos.<\/p>\n","protected":false},"featured_media":10306,"comment_status":"closed","ping_status":"closed","template":"","meta":{"_acf_changed":false,"inline_featured_image":false},"product_brand":[],"product_cat":[197,194],"product_tag":[],"class_list":{"0":"post-5272","1":"product","2":"type-product","3":"status-publish","4":"has-post-thumbnail","6":"product_cat-barroco-productos-para-el-hogar","7":"product_cat-productos-para-el-hogar","9":"first","10":"instock","11":"product-type-simple"},"acf":[],"yoast_head":"<!-- This site is optimized with the Yoast SEO plugin v27.2 - https:\/\/yoast.com\/product\/yoast-seo-wordpress\/ -->\n<title>3373 - JUEGO DE VASOS PARA APERITIVOS \u2013 4 PIEZAS - Wheaton<\/title>\n<meta name=\"robots\" content=\"index, follow, max-snippet:-1, max-image-preview:large, max-video-preview:-1\" \/>\n<link rel=\"canonical\" href=\"https:\/\/www.wheaton.com.br\/es\/producto\/3373-juego-de-vasos-aperitivos-4-piezas\/\" \/>\n<meta property=\"og:locale\" content=\"es_ES\" \/>\n<meta property=\"og:type\" content=\"article\" \/>\n<meta property=\"og:title\" content=\"3373 - JUEGO DE VASOS PARA APERITIVOS \u2013 4 PIEZAS - Wheaton\" \/>\n<meta property=\"og:description\" content=\"Cl\u00e1sico y vers\u00e1til - Para cada ocasi\u00f3n, un vaso que combina el brillo del vidrio y la versatilidad de la l\u00ednea Barroco y su dise\u00f1o &quot;bico de jaca.&quot; Vasos que van a la mesa y a reuniones con amigos.\" \/>\n<meta property=\"og:url\" content=\"https:\/\/www.wheaton.com.br\/es\/producto\/3373-juego-de-vasos-aperitivos-4-piezas\/\" \/>\n<meta property=\"og:site_name\" content=\"Wheaton\" \/>\n<meta property=\"article:modified_time\" content=\"2025-02-04T21:26:51+00:00\" \/>\n<meta property=\"og:image\" content=\"https:\/\/www.wheaton.com.br\/wp-content\/uploads\/2018\/03\/pud3373-barroco-copo-para-aperitivo-4-pecas.jpg\" \/>\n\t<meta property=\"og:image:width\" content=\"660\" \/>\n\t<meta property=\"og:image:height\" content=\"542\" \/>\n\t<meta property=\"og:image:type\" content=\"image\/jpeg\" \/>\n<meta name=\"twitter:card\" content=\"summary_large_image\" \/>\n<script type=\"application\/ld+json\" class=\"yoast-schema-graph\">{\"@context\":\"https:\/\/schema.org\",\"@graph\":[{\"@type\":\"WebPage\",\"@id\":\"https:\/\/www.wheaton.com.br\/es\/producto\/3373-juego-de-vasos-aperitivos-4-piezas\/\",\"url\":\"https:\/\/www.wheaton.com.br\/es\/producto\/3373-juego-de-vasos-aperitivos-4-piezas\/\",\"name\":\"3373 - JUEGO DE VASOS PARA APERITIVOS \u2013 4 PIEZAS - Wheaton\",\"isPartOf\":{\"@id\":\"https:\/\/www.wheaton.com.br\/es\/#website\"},\"primaryImageOfPage\":{\"@id\":\"https:\/\/www.wheaton.com.br\/es\/producto\/3373-juego-de-vasos-aperitivos-4-piezas\/#primaryimage\"},\"image\":{\"@id\":\"https:\/\/www.wheaton.com.br\/es\/producto\/3373-juego-de-vasos-aperitivos-4-piezas\/#primaryimage\"},\"thumbnailUrl\":\"https:\/\/www.wheaton.com.br\/wp-content\/uploads\/2018\/03\/pud3373-barroco-copo-para-aperitivo-4-pecas.jpg\",\"datePublished\":\"2018-03-01T22:33:27+00:00\",\"dateModified\":\"2025-02-04T21:26:51+00:00\",\"breadcrumb\":{\"@id\":\"https:\/\/www.wheaton.com.br\/es\/producto\/3373-juego-de-vasos-aperitivos-4-piezas\/#breadcrumb\"},\"inLanguage\":\"es\",\"potentialAction\":[{\"@type\":\"ReadAction\",\"target\":[\"https:\/\/www.wheaton.com.br\/es\/producto\/3373-juego-de-vasos-aperitivos-4-piezas\/\"]}]},{\"@type\":\"ImageObject\",\"inLanguage\":\"es\",\"@id\":\"https:\/\/www.wheaton.com.br\/es\/producto\/3373-juego-de-vasos-aperitivos-4-piezas\/#primaryimage\",\"url\":\"https:\/\/www.wheaton.com.br\/wp-content\/uploads\/2018\/03\/pud3373-barroco-copo-para-aperitivo-4-pecas.jpg\",\"contentUrl\":\"https:\/\/www.wheaton.com.br\/wp-content\/uploads\/2018\/03\/pud3373-barroco-copo-para-aperitivo-4-pecas.jpg\",\"width\":660,\"height\":542},{\"@type\":\"BreadcrumbList\",\"@id\":\"https:\/\/www.wheaton.com.br\/es\/producto\/3373-juego-de-vasos-aperitivos-4-piezas\/#breadcrumb\",\"itemListElement\":[{\"@type\":\"ListItem\",\"position\":1,\"name\":\"In\u00edcio\",\"item\":\"https:\/\/www.wheaton.com.br\/es\/\"},{\"@type\":\"ListItem\",\"position\":2,\"name\":\"Tienda\",\"item\":\"https:\/\/www.wheaton.com.br\/es\/tienda\/\"},{\"@type\":\"ListItem\",\"position\":3,\"name\":\"3373 &#8211; JUEGO DE VASOS PARA APERITIVOS \u2013 4 PIEZAS\"}]},{\"@type\":\"WebSite\",\"@id\":\"https:\/\/www.wheaton.com.br\/es\/#website\",\"url\":\"https:\/\/www.wheaton.com.br\/es\/\",\"name\":\"Wheaton\",\"description\":\"Embalagens de vidro para perfumaria e utilidades dom\u00e9sticas\",\"publisher\":{\"@id\":\"https:\/\/www.wheaton.com.br\/es\/#organization\"},\"potentialAction\":[{\"@type\":\"SearchAction\",\"target\":{\"@type\":\"EntryPoint\",\"urlTemplate\":\"https:\/\/www.wheaton.com.br\/es\/?s={search_term_string}\"},\"query-input\":{\"@type\":\"PropertyValueSpecification\",\"valueRequired\":true,\"valueName\":\"search_term_string\"}}],\"inLanguage\":\"es\"},{\"@type\":\"Organization\",\"@id\":\"https:\/\/www.wheaton.com.br\/es\/#organization\",\"name\":\"Wheaton\",\"url\":\"https:\/\/www.wheaton.com.br\/es\/\",\"logo\":{\"@type\":\"ImageObject\",\"inLanguage\":\"es\",\"@id\":\"https:\/\/www.wheaton.com.br\/es\/#\/schema\/logo\/image\/\",\"url\":\"http:\/\/wheaton.com.br\/wp-content\/uploads\/2021\/09\/logo_btn-1.png\",\"contentUrl\":\"http:\/\/wheaton.com.br\/wp-content\/uploads\/2021\/09\/logo_btn-1.png\",\"width\":80,\"height\":64,\"caption\":\"Wheaton\"},\"image\":{\"@id\":\"https:\/\/www.wheaton.com.br\/es\/#\/schema\/logo\/image\/\"}}]}<\/script>\n<!-- \/ Yoast SEO plugin. -->","yoast_head_json":{"title":"3373 - JUEGO DE VASOS PARA APERITIVOS \u2013 4 PIEZAS - Wheaton","robots":{"index":"index","follow":"follow","max-snippet":"max-snippet:-1","max-image-preview":"max-image-preview:large","max-video-preview":"max-video-preview:-1"},"canonical":"https:\/\/www.wheaton.com.br\/es\/producto\/3373-juego-de-vasos-aperitivos-4-piezas\/","og_locale":"es_ES","og_type":"article","og_title":"3373 - JUEGO DE VASOS PARA APERITIVOS \u2013 4 PIEZAS - Wheaton","og_description":"Cl\u00e1sico y vers\u00e1til - Para cada ocasi\u00f3n, un vaso que combina el brillo del vidrio y la versatilidad de la l\u00ednea Barroco y su dise\u00f1o \"bico de jaca.\" Vasos que van a la mesa y a reuniones con amigos.","og_url":"https:\/\/www.wheaton.com.br\/es\/producto\/3373-juego-de-vasos-aperitivos-4-piezas\/","og_site_name":"Wheaton","article_modified_time":"2025-02-04T21:26:51+00:00","og_image":[{"width":660,"height":542,"url":"https:\/\/www.wheaton.com.br\/wp-content\/uploads\/2018\/03\/pud3373-barroco-copo-para-aperitivo-4-pecas.jpg","type":"image\/jpeg"}],"twitter_card":"summary_large_image","schema":{"@context":"https:\/\/schema.org","@graph":[{"@type":"WebPage","@id":"https:\/\/www.wheaton.com.br\/es\/producto\/3373-juego-de-vasos-aperitivos-4-piezas\/","url":"https:\/\/www.wheaton.com.br\/es\/producto\/3373-juego-de-vasos-aperitivos-4-piezas\/","name":"3373 - JUEGO DE VASOS PARA APERITIVOS \u2013 4 PIEZAS - Wheaton","isPartOf":{"@id":"https:\/\/www.wheaton.com.br\/es\/#website"},"primaryImageOfPage":{"@id":"https:\/\/www.wheaton.com.br\/es\/producto\/3373-juego-de-vasos-aperitivos-4-piezas\/#primaryimage"},"image":{"@id":"https:\/\/www.wheaton.com.br\/es\/producto\/3373-juego-de-vasos-aperitivos-4-piezas\/#primaryimage"},"thumbnailUrl":"https:\/\/www.wheaton.com.br\/wp-content\/uploads\/2018\/03\/pud3373-barroco-copo-para-aperitivo-4-pecas.jpg","datePublished":"2018-03-01T22:33:27+00:00","dateModified":"2025-02-04T21:26:51+00:00","breadcrumb":{"@id":"https:\/\/www.wheaton.com.br\/es\/producto\/3373-juego-de-vasos-aperitivos-4-piezas\/#breadcrumb"},"inLanguage":"es","potentialAction":[{"@type":"ReadAction","target":["https:\/\/www.wheaton.com.br\/es\/producto\/3373-juego-de-vasos-aperitivos-4-piezas\/"]}]},{"@type":"ImageObject","inLanguage":"es","@id":"https:\/\/www.wheaton.com.br\/es\/producto\/3373-juego-de-vasos-aperitivos-4-piezas\/#primaryimage","url":"https:\/\/www.wheaton.com.br\/wp-content\/uploads\/2018\/03\/pud3373-barroco-copo-para-aperitivo-4-pecas.jpg","contentUrl":"https:\/\/www.wheaton.com.br\/wp-content\/uploads\/2018\/03\/pud3373-barroco-copo-para-aperitivo-4-pecas.jpg","width":660,"height":542},{"@type":"BreadcrumbList","@id":"https:\/\/www.wheaton.com.br\/es\/producto\/3373-juego-de-vasos-aperitivos-4-piezas\/#breadcrumb","itemListElement":[{"@type":"ListItem","position":1,"name":"In\u00edcio","item":"https:\/\/www.wheaton.com.br\/es\/"},{"@type":"ListItem","position":2,"name":"Tienda","item":"https:\/\/www.wheaton.com.br\/es\/tienda\/"},{"@type":"ListItem","position":3,"name":"3373 &#8211; JUEGO DE VASOS PARA APERITIVOS \u2013 4 PIEZAS"}]},{"@type":"WebSite","@id":"https:\/\/www.wheaton.com.br\/es\/#website","url":"https:\/\/www.wheaton.com.br\/es\/","name":"Wheaton","description":"Embalagens de vidro para perfumaria e utilidades dom\u00e9sticas","publisher":{"@id":"https:\/\/www.wheaton.com.br\/es\/#organization"},"potentialAction":[{"@type":"SearchAction","target":{"@type":"EntryPoint","urlTemplate":"https:\/\/www.wheaton.com.br\/es\/?s={search_term_string}"},"query-input":{"@type":"PropertyValueSpecification","valueRequired":true,"valueName":"search_term_string"}}],"inLanguage":"es"},{"@type":"Organization","@id":"https:\/\/www.wheaton.com.br\/es\/#organization","name":"Wheaton","url":"https:\/\/www.wheaton.com.br\/es\/","logo":{"@type":"ImageObject","inLanguage":"es","@id":"https:\/\/www.wheaton.com.br\/es\/#\/schema\/logo\/image\/","url":"http:\/\/wheaton.com.br\/wp-content\/uploads\/2021\/09\/logo_btn-1.png","contentUrl":"http:\/\/wheaton.com.br\/wp-content\/uploads\/2021\/09\/logo_btn-1.png","width":80,"height":64,"caption":"Wheaton"},"image":{"@id":"https:\/\/www.wheaton.com.br\/es\/#\/schema\/logo\/image\/"}}]}},"_links":{"self":[{"href":"https:\/\/www.wheaton.com.br\/es\/wp-json\/wp\/v2\/product\/5272","targetHints":{"allow":["GET"]}}],"collection":[{"href":"https:\/\/www.wheaton.com.br\/es\/wp-json\/wp\/v2\/product"}],"about":[{"href":"https:\/\/www.wheaton.com.br\/es\/wp-json\/wp\/v2\/types\/product"}],"replies":[{"embeddable":true,"href":"https:\/\/www.wheaton.com.br\/es\/wp-json\/wp\/v2\/comments?post=5272"}],"wp:featuredmedia":[{"embeddable":true,"href":"https:\/\/www.wheaton.com.br\/es\/wp-json\/wp\/v2\/media\/10306"}],"wp:attachment":[{"href":"https:\/\/www.wheaton.com.br\/es\/wp-json\/wp\/v2\/media?parent=5272"}],"wp:term":[{"taxonomy":"product_brand","embeddable":true,"href":"https:\/\/www.wheaton.com.br\/es\/wp-json\/wp\/v2\/product_brand?post=5272"},{"taxonomy":"product_cat","embeddable":true,"href":"https:\/\/www.wheaton.com.br\/es\/wp-json\/wp\/v2\/product_cat?post=5272"},{"taxonomy":"product_tag","embeddable":true,"href":"https:\/\/www.wheaton.com.br\/es\/wp-json\/wp\/v2\/product_tag?post=5272"}],"curies":[{"name":"wp","href":"https:\/\/api.w.org\/{rel}","templated":true}]}}