{"id":13797,"date":"2024-05-02T15:46:13","date_gmt":"2024-05-02T18:46:13","guid":{"rendered":"http:\/\/wheaton.com.br\/?page_id=13797"},"modified":"2025-01-28T17:59:17","modified_gmt":"2025-01-28T20:59:17","slug":"ecodesign","status":"publish","type":"page","link":"https:\/\/www.wheaton.com.br\/es\/esg\/ecodesign\/","title":{"rendered":"Ecodesign"},"content":{"rendered":"\n<p>Wheaton da pasos importantes que hacen la diferencia para construir una industria m\u00e1s consciente y sostenible. Ecoglass es una nueva l\u00ednea sostenible de envases est\u00e1ndar, desarrollada para promover la econom\u00eda circular y, principalmente, la reducci\u00f3n del consumo de materias primas extra\u00eddas de la naturaleza.<\/p>\n\n\n\n<p>Haga <a href=\"https:\/\/conteudo.wheaton.com.br\/catalogo-linha-ecoglass-ingles\" target=\"_blank\" rel=\"noreferrer noopener\">clic aqu\u00ed<\/a> para descargar el cat\u00e1logo de la<strong> Linha Ecoglass.<\/strong><\/p>\n\n\n\n<p><\/p>\n","protected":false},"excerpt":{"rendered":"<p>Wheaton da pasos importantes que hacen la diferencia para construir una industria m\u00e1s consciente y[&#8230;]<\/p>\n","protected":false},"author":7,"featured_media":0,"parent":10706,"menu_order":125,"comment_status":"closed","ping_status":"closed","template":"","meta":{"_acf_changed":false,"inline_featured_image":false,"footnotes":""},"class_list":["post-13797","page","type-page","status-publish","hentry"],"acf":[],"yoast_head":"<!-- This site is optimized with the Yoast SEO plugin v27.4 - https:\/\/yoast.com\/product\/yoast-seo-wordpress\/ -->\n<title>Ecodesign - Wheaton<\/title>\n<meta name=\"robots\" content=\"index, follow, max-snippet:-1, max-image-preview:large, max-video-preview:-1\" \/>\n<link rel=\"canonical\" href=\"https:\/\/www.wheaton.com.br\/es\/esg\/ecodesign\/\" \/>\n<meta property=\"og:locale\" content=\"es_ES\" \/>\n<meta property=\"og:type\" content=\"article\" \/>\n<meta property=\"og:title\" content=\"Ecodesign - Wheaton\" \/>\n<meta property=\"og:description\" content=\"Wheaton da pasos importantes que hacen la diferencia para construir una industria m\u00e1s consciente y[...]\" \/>\n<meta property=\"og:url\" content=\"https:\/\/www.wheaton.com.br\/es\/esg\/ecodesign\/\" \/>\n<meta property=\"og:site_name\" content=\"Wheaton\" \/>\n<meta property=\"article:modified_time\" content=\"2025-01-28T20:59:17+00:00\" \/>\n<meta name=\"twitter:card\" content=\"summary_large_image\" \/>\n<meta name=\"twitter:label1\" content=\"Tiempo de lectura\" \/>\n\t<meta name=\"twitter:data1\" content=\"1 minuto\" \/>\n<script type=\"application\/ld+json\" class=\"yoast-schema-graph\">{\"@context\":\"https:\\\/\\\/schema.org\",\"@graph\":[{\"@type\":\"WebPage\",\"@id\":\"https:\\\/\\\/www.wheaton.com.br\\\/es\\\/esg\\\/ecodesign\\\/\",\"url\":\"https:\\\/\\\/www.wheaton.com.br\\\/es\\\/esg\\\/ecodesign\\\/\",\"name\":\"Ecodesign - Wheaton\",\"isPartOf\":{\"@id\":\"https:\\\/\\\/www.wheaton.com.br\\\/es\\\/#website\"},\"datePublished\":\"2024-05-02T18:46:13+00:00\",\"dateModified\":\"2025-01-28T20:59:17+00:00\",\"breadcrumb\":{\"@id\":\"https:\\\/\\\/www.wheaton.com.br\\\/es\\\/esg\\\/ecodesign\\\/#breadcrumb\"},\"inLanguage\":\"es\",\"potentialAction\":[{\"@type\":\"ReadAction\",\"target\":[\"https:\\\/\\\/www.wheaton.com.br\\\/es\\\/esg\\\/ecodesign\\\/\"]}]},{\"@type\":\"BreadcrumbList\",\"@id\":\"https:\\\/\\\/www.wheaton.com.br\\\/es\\\/esg\\\/ecodesign\\\/#breadcrumb\",\"itemListElement\":[{\"@type\":\"ListItem\",\"position\":1,\"name\":\"In\u00edcio\",\"item\":\"https:\\\/\\\/www.wheaton.com.br\\\/es\\\/\"},{\"@type\":\"ListItem\",\"position\":2,\"name\":\"ESG\",\"item\":\"https:\\\/\\\/www.wheaton.com.br\\\/es\\\/esg\\\/\"},{\"@type\":\"ListItem\",\"position\":3,\"name\":\"Ecodesign\"}]},{\"@type\":\"WebSite\",\"@id\":\"https:\\\/\\\/www.wheaton.com.br\\\/es\\\/#website\",\"url\":\"https:\\\/\\\/www.wheaton.com.br\\\/es\\\/\",\"name\":\"Wheaton\",\"description\":\"Embalagens de vidro para perfumaria e utilidades dom\u00e9sticas\",\"publisher\":{\"@id\":\"https:\\\/\\\/www.wheaton.com.br\\\/es\\\/#organization\"},\"potentialAction\":[{\"@type\":\"SearchAction\",\"target\":{\"@type\":\"EntryPoint\",\"urlTemplate\":\"https:\\\/\\\/www.wheaton.com.br\\\/es\\\/?s={search_term_string}\"},\"query-input\":{\"@type\":\"PropertyValueSpecification\",\"valueRequired\":true,\"valueName\":\"search_term_string\"}}],\"inLanguage\":\"es\"},{\"@type\":\"Organization\",\"@id\":\"https:\\\/\\\/www.wheaton.com.br\\\/es\\\/#organization\",\"name\":\"Wheaton\",\"url\":\"https:\\\/\\\/www.wheaton.com.br\\\/es\\\/\",\"logo\":{\"@type\":\"ImageObject\",\"inLanguage\":\"es\",\"@id\":\"https:\\\/\\\/www.wheaton.com.br\\\/es\\\/#\\\/schema\\\/logo\\\/image\\\/\",\"url\":\"http:\\\/\\\/wheaton.com.br\\\/wp-content\\\/uploads\\\/2021\\\/09\\\/logo_btn-1.png\",\"contentUrl\":\"http:\\\/\\\/wheaton.com.br\\\/wp-content\\\/uploads\\\/2021\\\/09\\\/logo_btn-1.png\",\"width\":80,\"height\":64,\"caption\":\"Wheaton\"},\"image\":{\"@id\":\"https:\\\/\\\/www.wheaton.com.br\\\/es\\\/#\\\/schema\\\/logo\\\/image\\\/\"}}]}<\/script>\n<!-- \/ Yoast SEO plugin. -->","yoast_head_json":{"title":"Ecodesign - Wheaton","robots":{"index":"index","follow":"follow","max-snippet":"max-snippet:-1","max-image-preview":"max-image-preview:large","max-video-preview":"max-video-preview:-1"},"canonical":"https:\/\/www.wheaton.com.br\/es\/esg\/ecodesign\/","og_locale":"es_ES","og_type":"article","og_title":"Ecodesign - Wheaton","og_description":"Wheaton da pasos importantes que hacen la diferencia para construir una industria m\u00e1s consciente y[...]","og_url":"https:\/\/www.wheaton.com.br\/es\/esg\/ecodesign\/","og_site_name":"Wheaton","article_modified_time":"2025-01-28T20:59:17+00:00","twitter_card":"summary_large_image","twitter_misc":{"Tiempo de lectura":"1 minuto"},"schema":{"@context":"https:\/\/schema.org","@graph":[{"@type":"WebPage","@id":"https:\/\/www.wheaton.com.br\/es\/esg\/ecodesign\/","url":"https:\/\/www.wheaton.com.br\/es\/esg\/ecodesign\/","name":"Ecodesign - Wheaton","isPartOf":{"@id":"https:\/\/www.wheaton.com.br\/es\/#website"},"datePublished":"2024-05-02T18:46:13+00:00","dateModified":"2025-01-28T20:59:17+00:00","breadcrumb":{"@id":"https:\/\/www.wheaton.com.br\/es\/esg\/ecodesign\/#breadcrumb"},"inLanguage":"es","potentialAction":[{"@type":"ReadAction","target":["https:\/\/www.wheaton.com.br\/es\/esg\/ecodesign\/"]}]},{"@type":"BreadcrumbList","@id":"https:\/\/www.wheaton.com.br\/es\/esg\/ecodesign\/#breadcrumb","itemListElement":[{"@type":"ListItem","position":1,"name":"In\u00edcio","item":"https:\/\/www.wheaton.com.br\/es\/"},{"@type":"ListItem","position":2,"name":"ESG","item":"https:\/\/www.wheaton.com.br\/es\/esg\/"},{"@type":"ListItem","position":3,"name":"Ecodesign"}]},{"@type":"WebSite","@id":"https:\/\/www.wheaton.com.br\/es\/#website","url":"https:\/\/www.wheaton.com.br\/es\/","name":"Wheaton","description":"Embalagens de vidro para perfumaria e utilidades dom\u00e9sticas","publisher":{"@id":"https:\/\/www.wheaton.com.br\/es\/#organization"},"potentialAction":[{"@type":"SearchAction","target":{"@type":"EntryPoint","urlTemplate":"https:\/\/www.wheaton.com.br\/es\/?s={search_term_string}"},"query-input":{"@type":"PropertyValueSpecification","valueRequired":true,"valueName":"search_term_string"}}],"inLanguage":"es"},{"@type":"Organization","@id":"https:\/\/www.wheaton.com.br\/es\/#organization","name":"Wheaton","url":"https:\/\/www.wheaton.com.br\/es\/","logo":{"@type":"ImageObject","inLanguage":"es","@id":"https:\/\/www.wheaton.com.br\/es\/#\/schema\/logo\/image\/","url":"http:\/\/wheaton.com.br\/wp-content\/uploads\/2021\/09\/logo_btn-1.png","contentUrl":"http:\/\/wheaton.com.br\/wp-content\/uploads\/2021\/09\/logo_btn-1.png","width":80,"height":64,"caption":"Wheaton"},"image":{"@id":"https:\/\/www.wheaton.com.br\/es\/#\/schema\/logo\/image\/"}}]}},"_links":{"self":[{"href":"https:\/\/www.wheaton.com.br\/es\/wp-json\/wp\/v2\/pages\/13797","targetHints":{"allow":["GET"]}}],"collection":[{"href":"https:\/\/www.wheaton.com.br\/es\/wp-json\/wp\/v2\/pages"}],"about":[{"href":"https:\/\/www.wheaton.com.br\/es\/wp-json\/wp\/v2\/types\/page"}],"author":[{"embeddable":true,"href":"https:\/\/www.wheaton.com.br\/es\/wp-json\/wp\/v2\/users\/7"}],"replies":[{"embeddable":true,"href":"https:\/\/www.wheaton.com.br\/es\/wp-json\/wp\/v2\/comments?post=13797"}],"version-history":[{"count":0,"href":"https:\/\/www.wheaton.com.br\/es\/wp-json\/wp\/v2\/pages\/13797\/revisions"}],"up":[{"embeddable":true,"href":"https:\/\/www.wheaton.com.br\/es\/wp-json\/wp\/v2\/pages\/10706"}],"wp:attachment":[{"href":"https:\/\/www.wheaton.com.br\/es\/wp-json\/wp\/v2\/media?parent=13797"}],"curies":[{"name":"wp","href":"https:\/\/api.w.org\/{rel}","templated":true}]}}