{"id":13513,"date":"2024-04-19T09:38:40","date_gmt":"2024-04-19T12:38:40","guid":{"rendered":"http:\/\/wheaton.com.br\/?page_id=13513"},"modified":"2025-01-28T18:30:50","modified_gmt":"2025-01-28T21:30:50","slug":"turismo-industrial","status":"publish","type":"page","link":"https:\/\/www.wheaton.com.br\/es\/grupo-wheaton\/turismo-industrial\/","title":{"rendered":"Programa Puertas Abiertas"},"content":{"rendered":"\n<h2 class=\"wp-block-heading\">\u00a1Descubra el fascinante mundo detr\u00e1s de los envases de vidrio en Wheaton!<\/h2>\n\n\n\n<p>A trav\u00e9s del programa <strong>Portas Abertas<\/strong> (Puertas Abiertas), las instituciones educativas interesadas pueden agendar una visita guiada para explorar los entresijos de la producci\u00f3n. Una oportunidad \u00fanica para sumergirse en los procesos de fabricaci\u00f3n del vidrio, desde la intensa fusi\u00f3n en las \u00e1reas calientes, donde los hornos operan con precisi\u00f3n y altas temperaturas, hasta las \u00e1reas fr\u00edas, donde el vidrio se finaliza con maestr\u00eda.<\/p>\n\n\n\n<p>En nuestro recorrido, los grupos son guiados por especialistas experimentados que compartir\u00e1n valiosos conocimientos sobre cada etapa del proceso. Podr\u00e1n presenciar de cerca la habilidad t\u00e9cnica y la pasi\u00f3n que impregnan cada movimiento, transformando las materias primas en frascos de vidrio.<\/p>\n\n\n\n<p>Vengan y formen parte de esta experiencia con nosotros para descubrir el verdadero coraz\u00f3n de Wheaton.<\/p>\n\n\n\n<p>Para embarcarse en una aventura por el mundo de Wheaton, <a href=\"mailto:beatriz.batista@wheaton.com.br\">\u00a1haga clic<\/a> aqu\u00ed y agende su visita!<\/p>\n\n\n\n<p>Estamos ansiosos por recibirlos y compartir nuestra pasi\u00f3n y experiencia con su instituci\u00f3n educativa.<\/p>\n","protected":false},"excerpt":{"rendered":"<p>\u00a1Descubra el fascinante mundo detr\u00e1s de los envases de vidrio en Wheaton! A trav\u00e9s del[&#8230;]<\/p>\n","protected":false},"author":7,"featured_media":0,"parent":10244,"menu_order":77,"comment_status":"closed","ping_status":"closed","template":"","meta":{"_acf_changed":false,"inline_featured_image":false,"footnotes":""},"class_list":["post-13513","page","type-page","status-publish","hentry"],"acf":[],"yoast_head":"<!-- This site is optimized with the Yoast SEO plugin v27.2 - https:\/\/yoast.com\/product\/yoast-seo-wordpress\/ -->\n<title>Programa Puertas Abiertas - Wheaton<\/title>\n<meta name=\"robots\" content=\"index, follow, max-snippet:-1, max-image-preview:large, max-video-preview:-1\" \/>\n<link rel=\"canonical\" href=\"https:\/\/www.wheaton.com.br\/es\/grupo-wheaton\/turismo-industrial\/\" \/>\n<meta property=\"og:locale\" content=\"es_ES\" \/>\n<meta property=\"og:type\" content=\"article\" \/>\n<meta property=\"og:title\" content=\"Programa Puertas Abiertas - Wheaton\" \/>\n<meta property=\"og:description\" content=\"\u00a1Descubra el fascinante mundo detr\u00e1s de los envases de vidrio en Wheaton! A trav\u00e9s del[...]\" \/>\n<meta property=\"og:url\" content=\"https:\/\/www.wheaton.com.br\/es\/grupo-wheaton\/turismo-industrial\/\" \/>\n<meta property=\"og:site_name\" content=\"Wheaton\" \/>\n<meta property=\"article:modified_time\" content=\"2025-01-28T21:30:50+00:00\" \/>\n<meta name=\"twitter:card\" content=\"summary_large_image\" \/>\n<meta name=\"twitter:label1\" content=\"Tiempo de lectura\" \/>\n\t<meta name=\"twitter:data1\" content=\"1 minuto\" \/>\n<script type=\"application\/ld+json\" class=\"yoast-schema-graph\">{\"@context\":\"https:\/\/schema.org\",\"@graph\":[{\"@type\":\"WebPage\",\"@id\":\"https:\/\/www.wheaton.com.br\/es\/grupo-wheaton\/turismo-industrial\/\",\"url\":\"https:\/\/www.wheaton.com.br\/es\/grupo-wheaton\/turismo-industrial\/\",\"name\":\"Programa Puertas Abiertas - Wheaton\",\"isPartOf\":{\"@id\":\"https:\/\/www.wheaton.com.br\/es\/#website\"},\"datePublished\":\"2024-04-19T12:38:40+00:00\",\"dateModified\":\"2025-01-28T21:30:50+00:00\",\"breadcrumb\":{\"@id\":\"https:\/\/www.wheaton.com.br\/es\/grupo-wheaton\/turismo-industrial\/#breadcrumb\"},\"inLanguage\":\"es\",\"potentialAction\":[{\"@type\":\"ReadAction\",\"target\":[\"https:\/\/www.wheaton.com.br\/es\/grupo-wheaton\/turismo-industrial\/\"]}]},{\"@type\":\"BreadcrumbList\",\"@id\":\"https:\/\/www.wheaton.com.br\/es\/grupo-wheaton\/turismo-industrial\/#breadcrumb\",\"itemListElement\":[{\"@type\":\"ListItem\",\"position\":1,\"name\":\"In\u00edcio\",\"item\":\"https:\/\/www.wheaton.com.br\/es\/\"},{\"@type\":\"ListItem\",\"position\":2,\"name\":\"Grupo Wheaton\",\"item\":\"https:\/\/www.wheaton.com.br\/es\/grupo-wheaton\/\"},{\"@type\":\"ListItem\",\"position\":3,\"name\":\"Programa Puertas Abiertas\"}]},{\"@type\":\"WebSite\",\"@id\":\"https:\/\/www.wheaton.com.br\/es\/#website\",\"url\":\"https:\/\/www.wheaton.com.br\/es\/\",\"name\":\"Wheaton\",\"description\":\"Embalagens de vidro para perfumaria e utilidades dom\u00e9sticas\",\"publisher\":{\"@id\":\"https:\/\/www.wheaton.com.br\/es\/#organization\"},\"potentialAction\":[{\"@type\":\"SearchAction\",\"target\":{\"@type\":\"EntryPoint\",\"urlTemplate\":\"https:\/\/www.wheaton.com.br\/es\/?s={search_term_string}\"},\"query-input\":{\"@type\":\"PropertyValueSpecification\",\"valueRequired\":true,\"valueName\":\"search_term_string\"}}],\"inLanguage\":\"es\"},{\"@type\":\"Organization\",\"@id\":\"https:\/\/www.wheaton.com.br\/es\/#organization\",\"name\":\"Wheaton\",\"url\":\"https:\/\/www.wheaton.com.br\/es\/\",\"logo\":{\"@type\":\"ImageObject\",\"inLanguage\":\"es\",\"@id\":\"https:\/\/www.wheaton.com.br\/es\/#\/schema\/logo\/image\/\",\"url\":\"http:\/\/wheaton.com.br\/wp-content\/uploads\/2021\/09\/logo_btn-1.png\",\"contentUrl\":\"http:\/\/wheaton.com.br\/wp-content\/uploads\/2021\/09\/logo_btn-1.png\",\"width\":80,\"height\":64,\"caption\":\"Wheaton\"},\"image\":{\"@id\":\"https:\/\/www.wheaton.com.br\/es\/#\/schema\/logo\/image\/\"}}]}<\/script>\n<!-- \/ Yoast SEO plugin. -->","yoast_head_json":{"title":"Programa Puertas Abiertas - Wheaton","robots":{"index":"index","follow":"follow","max-snippet":"max-snippet:-1","max-image-preview":"max-image-preview:large","max-video-preview":"max-video-preview:-1"},"canonical":"https:\/\/www.wheaton.com.br\/es\/grupo-wheaton\/turismo-industrial\/","og_locale":"es_ES","og_type":"article","og_title":"Programa Puertas Abiertas - Wheaton","og_description":"\u00a1Descubra el fascinante mundo detr\u00e1s de los envases de vidrio en Wheaton! A trav\u00e9s del[...]","og_url":"https:\/\/www.wheaton.com.br\/es\/grupo-wheaton\/turismo-industrial\/","og_site_name":"Wheaton","article_modified_time":"2025-01-28T21:30:50+00:00","twitter_card":"summary_large_image","twitter_misc":{"Tiempo de lectura":"1 minuto"},"schema":{"@context":"https:\/\/schema.org","@graph":[{"@type":"WebPage","@id":"https:\/\/www.wheaton.com.br\/es\/grupo-wheaton\/turismo-industrial\/","url":"https:\/\/www.wheaton.com.br\/es\/grupo-wheaton\/turismo-industrial\/","name":"Programa Puertas Abiertas - Wheaton","isPartOf":{"@id":"https:\/\/www.wheaton.com.br\/es\/#website"},"datePublished":"2024-04-19T12:38:40+00:00","dateModified":"2025-01-28T21:30:50+00:00","breadcrumb":{"@id":"https:\/\/www.wheaton.com.br\/es\/grupo-wheaton\/turismo-industrial\/#breadcrumb"},"inLanguage":"es","potentialAction":[{"@type":"ReadAction","target":["https:\/\/www.wheaton.com.br\/es\/grupo-wheaton\/turismo-industrial\/"]}]},{"@type":"BreadcrumbList","@id":"https:\/\/www.wheaton.com.br\/es\/grupo-wheaton\/turismo-industrial\/#breadcrumb","itemListElement":[{"@type":"ListItem","position":1,"name":"In\u00edcio","item":"https:\/\/www.wheaton.com.br\/es\/"},{"@type":"ListItem","position":2,"name":"Grupo Wheaton","item":"https:\/\/www.wheaton.com.br\/es\/grupo-wheaton\/"},{"@type":"ListItem","position":3,"name":"Programa Puertas Abiertas"}]},{"@type":"WebSite","@id":"https:\/\/www.wheaton.com.br\/es\/#website","url":"https:\/\/www.wheaton.com.br\/es\/","name":"Wheaton","description":"Embalagens de vidro para perfumaria e utilidades dom\u00e9sticas","publisher":{"@id":"https:\/\/www.wheaton.com.br\/es\/#organization"},"potentialAction":[{"@type":"SearchAction","target":{"@type":"EntryPoint","urlTemplate":"https:\/\/www.wheaton.com.br\/es\/?s={search_term_string}"},"query-input":{"@type":"PropertyValueSpecification","valueRequired":true,"valueName":"search_term_string"}}],"inLanguage":"es"},{"@type":"Organization","@id":"https:\/\/www.wheaton.com.br\/es\/#organization","name":"Wheaton","url":"https:\/\/www.wheaton.com.br\/es\/","logo":{"@type":"ImageObject","inLanguage":"es","@id":"https:\/\/www.wheaton.com.br\/es\/#\/schema\/logo\/image\/","url":"http:\/\/wheaton.com.br\/wp-content\/uploads\/2021\/09\/logo_btn-1.png","contentUrl":"http:\/\/wheaton.com.br\/wp-content\/uploads\/2021\/09\/logo_btn-1.png","width":80,"height":64,"caption":"Wheaton"},"image":{"@id":"https:\/\/www.wheaton.com.br\/es\/#\/schema\/logo\/image\/"}}]}},"_links":{"self":[{"href":"https:\/\/www.wheaton.com.br\/es\/wp-json\/wp\/v2\/pages\/13513","targetHints":{"allow":["GET"]}}],"collection":[{"href":"https:\/\/www.wheaton.com.br\/es\/wp-json\/wp\/v2\/pages"}],"about":[{"href":"https:\/\/www.wheaton.com.br\/es\/wp-json\/wp\/v2\/types\/page"}],"author":[{"embeddable":true,"href":"https:\/\/www.wheaton.com.br\/es\/wp-json\/wp\/v2\/users\/7"}],"replies":[{"embeddable":true,"href":"https:\/\/www.wheaton.com.br\/es\/wp-json\/wp\/v2\/comments?post=13513"}],"version-history":[{"count":0,"href":"https:\/\/www.wheaton.com.br\/es\/wp-json\/wp\/v2\/pages\/13513\/revisions"}],"up":[{"embeddable":true,"href":"https:\/\/www.wheaton.com.br\/es\/wp-json\/wp\/v2\/pages\/10244"}],"wp:attachment":[{"href":"https:\/\/www.wheaton.com.br\/es\/wp-json\/wp\/v2\/media?parent=13513"}],"curies":[{"name":"wp","href":"https:\/\/api.w.org\/{rel}","templated":true}]}}