{"id":10759,"date":"2023-06-02T19:29:53","date_gmt":"2023-06-02T22:29:53","guid":{"rendered":"http:\/\/wheaton.com.br\/?page_id=10759"},"modified":"2025-08-27T17:33:20","modified_gmt":"2025-08-27T20:33:20","slug":"mision-vision-y-valores","status":"publish","type":"page","link":"https:\/\/www.wheaton.com.br\/es\/grupo-wheaton\/mision-vision-y-valores\/","title":{"rendered":"Misi\u00f3n, visi\u00f3n y valores"},"content":{"rendered":"\n<h3 class=\"wp-block-heading\">Misi\u00f3n<\/h3>\n\n\n\n<p><strong>Nuestros envases y productos cuentan la historia de un compromiso: <\/strong>ser felices y hacer que otros tambi\u00e9n lo sean, mientras creamos un impacto positivo en el planeta.<\/p>\n\n\n\n<h3 class=\"wp-block-heading\">Visi\u00f3n<\/h3>\n\n\n\n<p>Somos una corporaci\u00f3n viva que busca incesantemente diferenciarse, innovar y trabajar con excelencia para satisfacer plenamente las aspiraciones de nuestros clientes, profesionales, proveedores, accionistas y de la sociedad en general.<\/p>\n\n\n\n<h3 class=\"wp-block-heading\">Valores<\/h3>\n\n\n\n<p><strong>Conciencia de que somos una peque\u00f1a, pero indispensable c\u00e9lula en el tejido socioecon\u00f3mico mundial<\/strong><\/p>\n\n\n\n<p>\u00a1Es importante que cada uno de nosotros entienda y tenga la convicci\u00f3n de que somos piezas fundamentales en el gran engranaje social! Despu\u00e9s de todo, a trav\u00e9s de nuestro trabajo contribuimos a la salud, la belleza, la prosperidad y la felicidad de muchas otras personas de nuestra sociedad. As\u00ed<br>tambi\u00e9n nuestra empresa es una c\u00e9lula en la gigantesca econom\u00eda mundial. Esta c\u00e9lula tiene que funcionar bien para que el mundo (este fabuloso organismo) disfrute de salud y desarrollo de forma permanente.<\/p>\n\n\n\n<p><strong><strong>Cultivo de la memoria corporativa<\/strong><\/strong><\/p>\n\n\n\n<p>\u00a1No nos olvidemos de los diversos momentos por los que ha pasado nuestra empresa, desde su fundaci\u00f3n hasta los d\u00edas de hoy! De los buenos y de los malos momentos, \u00a1porque todo es memoria, todo es aprendizaje! Participemos de los eventos que conciernen a nuestra comunidad interna. Presentemos a<br>nuestros amigos y parientes los productos que fabricamos y la empresa donde prestamos nuestros servicios. Conozcamos y divulguemos la bella historia de nuestra empresa, explicando c\u00f3mo funciona nuestra organizaci\u00f3n y por qu\u00e9 funciona de esta manera.<\/p>\n\n\n\n<p><strong><strong>Ampliaci\u00f3n y consolidaci\u00f3n de relaciones duraderas<\/strong><\/strong><\/p>\n\n\n\n<p>\u00a1Las relaciones deben durar para siempre! Siempre construidas con seriedad, sinceridad y respeto, para que sean inquebrantables \u00a1para que nada y nadie pueda debilitarlas! Ello fortalecer\u00e1 diariamente nuestro trabajo personal y favorecer\u00e1 la comprensi\u00f3n mutua, sea en relaciones con clientes, profesionales,<br>proveedores o con cualquier otro individuo o entidad de nuestra sociedad.<\/p>\n\n\n\n<p><strong><strong>Ejercicio de la \u00e9tica, de la ciudadan\u00eda y del respeto a las leyes<\/strong><\/strong><\/p>\n\n\n\n<p>Obremos dentro de las normas y leyes que vigoran en la empresa, en la comunidad y en el Pa\u00eds. Incentivemos la pr\u00e1ctica de acciones que busquen el bienestar de la sociedad y del pr\u00f3jimo.<\/p>\n\n\n\n<p><strong><strong>Obtenci\u00f3n de resultados econ\u00f3micos y financieros positivos<\/strong><\/strong><\/p>\n\n\n\n<p>\u00a1La empresa existe para ser lucrativa! Al igual que ella, necesitamos ser igualmente lucrativos siempre para que todos seamos felices. Ser lucrativo significa lograr que cada una de las actividades que ejecutamos se revierta en beneficio de nuestra familia, de nuestra organizaci\u00f3n y de nuestra comunidad.<br>Solo una empresa rentable nos recompensar\u00e1 con mejores condiciones de trabajo y ganancias efectivas para todos.<\/p>\n\n\n\n<p><strong><strong>Superaci\u00f3n de prejuicios<\/strong><\/strong><\/p>\n\n\n\n<p>No permitamos tratamientos injustos y prejuiciosos por diferencias de raza, sexo, religi\u00f3n, opci\u00f3n sexual o pol\u00edtica, entre otras formas de discriminaci\u00f3n. Somos todos iguales ante las leyes humanas y divinas.<\/p>\n\n\n\n<p><strong><strong>Aprendizaje constante<\/strong><\/strong><\/p>\n\n\n\n<p>\u00a1Aprendamos siempre! Preocup\u00e9monos en conocer nuevas maneras de pensar y actuar; reflexionemos sobre nuestras acciones y analicemos la posibilidad de aprender con otros profesionales. Conozcamos nuevos m\u00e9todos y actualicemos nuestros conocimientos. Esto har\u00e1 que nuestro trabajo sea mejor y diferente de los dem\u00e1s.<\/p>\n\n\n\n<p><strong><strong>Valor a la vida<\/strong><\/strong><\/p>\n\n\n\n<p>Confiemos en el ser humano y trabajemos para lograr que nuestro ambiente de trabajo, nuestra casa y la sociedad, se conviertan en lugares donde las relaciones humanas sean m\u00e1s intensas, sinceras y fraternas. Aprovechemos cada momento de nuestra vida como si fuera \u00fanico.<\/p>\n\n\n\n<p><strong><strong>Capacidad, siempre renovada, de so\u00f1ar colectivamente<\/strong><\/strong><\/p>\n\n\n\n<p>Estimulemos el desarrollo de grupos de personas, con libertad para imaginar, crear y luchar por soluciones que traigan m\u00e1s satisfacci\u00f3n y felicidad para todos.<\/p>\n\n\n\n<p><strong><strong>Preservaci\u00f3n del medio ambiente<\/strong><\/strong><\/p>\n\n\n\n<p>\u00a1Cuidemos del medioambiente! Evitemos contaminar el aire, la tierra y las aguas. Promovamos la mentalidad del reciclaje de materiales. Ayudemos a preservar la naturaleza, en nuestra empresa y en nuestra ciudad, en los peque\u00f1os y en los grandes detalles.<\/p>\n","protected":false},"excerpt":{"rendered":"<p>Misi\u00f3n Nuestros envases y productos cuentan la historia de un compromiso: ser felices y hacer[&#8230;]<\/p>\n","protected":false},"author":1,"featured_media":0,"parent":10244,"menu_order":57,"comment_status":"closed","ping_status":"closed","template":"","meta":{"_acf_changed":false,"inline_featured_image":false,"footnotes":""},"class_list":["post-10759","page","type-page","status-publish","hentry"],"acf":[],"yoast_head":"<!-- This site is optimized with the Yoast SEO plugin v27.2 - https:\/\/yoast.com\/product\/yoast-seo-wordpress\/ -->\n<title>Misi\u00f3n, visi\u00f3n y valores - Wheaton<\/title>\n<meta name=\"robots\" content=\"index, follow, max-snippet:-1, max-image-preview:large, max-video-preview:-1\" \/>\n<link rel=\"canonical\" href=\"https:\/\/www.wheaton.com.br\/es\/grupo-wheaton\/mision-vision-y-valores\/\" \/>\n<meta property=\"og:locale\" content=\"es_ES\" \/>\n<meta property=\"og:type\" content=\"article\" \/>\n<meta property=\"og:title\" content=\"Misi\u00f3n, visi\u00f3n y valores - Wheaton\" \/>\n<meta property=\"og:description\" content=\"Misi\u00f3n Nuestros envases y productos cuentan la historia de un compromiso: ser felices y hacer[...]\" \/>\n<meta property=\"og:url\" content=\"https:\/\/www.wheaton.com.br\/es\/grupo-wheaton\/mision-vision-y-valores\/\" \/>\n<meta property=\"og:site_name\" content=\"Wheaton\" \/>\n<meta property=\"article:modified_time\" content=\"2025-08-27T20:33:20+00:00\" \/>\n<meta name=\"twitter:card\" content=\"summary_large_image\" \/>\n<meta name=\"twitter:label1\" content=\"Tiempo de lectura\" \/>\n\t<meta name=\"twitter:data1\" content=\"4 minutos\" \/>\n<script type=\"application\/ld+json\" class=\"yoast-schema-graph\">{\"@context\":\"https:\/\/schema.org\",\"@graph\":[{\"@type\":\"WebPage\",\"@id\":\"https:\/\/www.wheaton.com.br\/es\/grupo-wheaton\/mision-vision-y-valores\/\",\"url\":\"https:\/\/www.wheaton.com.br\/es\/grupo-wheaton\/mision-vision-y-valores\/\",\"name\":\"Misi\u00f3n, visi\u00f3n y valores - Wheaton\",\"isPartOf\":{\"@id\":\"https:\/\/www.wheaton.com.br\/es\/#website\"},\"datePublished\":\"2023-06-02T22:29:53+00:00\",\"dateModified\":\"2025-08-27T20:33:20+00:00\",\"breadcrumb\":{\"@id\":\"https:\/\/www.wheaton.com.br\/es\/grupo-wheaton\/mision-vision-y-valores\/#breadcrumb\"},\"inLanguage\":\"es\",\"potentialAction\":[{\"@type\":\"ReadAction\",\"target\":[\"https:\/\/www.wheaton.com.br\/es\/grupo-wheaton\/mision-vision-y-valores\/\"]}]},{\"@type\":\"BreadcrumbList\",\"@id\":\"https:\/\/www.wheaton.com.br\/es\/grupo-wheaton\/mision-vision-y-valores\/#breadcrumb\",\"itemListElement\":[{\"@type\":\"ListItem\",\"position\":1,\"name\":\"In\u00edcio\",\"item\":\"https:\/\/www.wheaton.com.br\/es\/\"},{\"@type\":\"ListItem\",\"position\":2,\"name\":\"Grupo Wheaton\",\"item\":\"https:\/\/www.wheaton.com.br\/es\/grupo-wheaton\/\"},{\"@type\":\"ListItem\",\"position\":3,\"name\":\"Misi\u00f3n, visi\u00f3n y valores\"}]},{\"@type\":\"WebSite\",\"@id\":\"https:\/\/www.wheaton.com.br\/es\/#website\",\"url\":\"https:\/\/www.wheaton.com.br\/es\/\",\"name\":\"Wheaton\",\"description\":\"Embalagens de vidro para perfumaria e utilidades dom\u00e9sticas\",\"publisher\":{\"@id\":\"https:\/\/www.wheaton.com.br\/es\/#organization\"},\"potentialAction\":[{\"@type\":\"SearchAction\",\"target\":{\"@type\":\"EntryPoint\",\"urlTemplate\":\"https:\/\/www.wheaton.com.br\/es\/?s={search_term_string}\"},\"query-input\":{\"@type\":\"PropertyValueSpecification\",\"valueRequired\":true,\"valueName\":\"search_term_string\"}}],\"inLanguage\":\"es\"},{\"@type\":\"Organization\",\"@id\":\"https:\/\/www.wheaton.com.br\/es\/#organization\",\"name\":\"Wheaton\",\"url\":\"https:\/\/www.wheaton.com.br\/es\/\",\"logo\":{\"@type\":\"ImageObject\",\"inLanguage\":\"es\",\"@id\":\"https:\/\/www.wheaton.com.br\/es\/#\/schema\/logo\/image\/\",\"url\":\"http:\/\/wheaton.com.br\/wp-content\/uploads\/2021\/09\/logo_btn-1.png\",\"contentUrl\":\"http:\/\/wheaton.com.br\/wp-content\/uploads\/2021\/09\/logo_btn-1.png\",\"width\":80,\"height\":64,\"caption\":\"Wheaton\"},\"image\":{\"@id\":\"https:\/\/www.wheaton.com.br\/es\/#\/schema\/logo\/image\/\"}}]}<\/script>\n<!-- \/ Yoast SEO plugin. -->","yoast_head_json":{"title":"Misi\u00f3n, visi\u00f3n y valores - Wheaton","robots":{"index":"index","follow":"follow","max-snippet":"max-snippet:-1","max-image-preview":"max-image-preview:large","max-video-preview":"max-video-preview:-1"},"canonical":"https:\/\/www.wheaton.com.br\/es\/grupo-wheaton\/mision-vision-y-valores\/","og_locale":"es_ES","og_type":"article","og_title":"Misi\u00f3n, visi\u00f3n y valores - Wheaton","og_description":"Misi\u00f3n Nuestros envases y productos cuentan la historia de un compromiso: ser felices y hacer[...]","og_url":"https:\/\/www.wheaton.com.br\/es\/grupo-wheaton\/mision-vision-y-valores\/","og_site_name":"Wheaton","article_modified_time":"2025-08-27T20:33:20+00:00","twitter_card":"summary_large_image","twitter_misc":{"Tiempo de lectura":"4 minutos"},"schema":{"@context":"https:\/\/schema.org","@graph":[{"@type":"WebPage","@id":"https:\/\/www.wheaton.com.br\/es\/grupo-wheaton\/mision-vision-y-valores\/","url":"https:\/\/www.wheaton.com.br\/es\/grupo-wheaton\/mision-vision-y-valores\/","name":"Misi\u00f3n, visi\u00f3n y valores - Wheaton","isPartOf":{"@id":"https:\/\/www.wheaton.com.br\/es\/#website"},"datePublished":"2023-06-02T22:29:53+00:00","dateModified":"2025-08-27T20:33:20+00:00","breadcrumb":{"@id":"https:\/\/www.wheaton.com.br\/es\/grupo-wheaton\/mision-vision-y-valores\/#breadcrumb"},"inLanguage":"es","potentialAction":[{"@type":"ReadAction","target":["https:\/\/www.wheaton.com.br\/es\/grupo-wheaton\/mision-vision-y-valores\/"]}]},{"@type":"BreadcrumbList","@id":"https:\/\/www.wheaton.com.br\/es\/grupo-wheaton\/mision-vision-y-valores\/#breadcrumb","itemListElement":[{"@type":"ListItem","position":1,"name":"In\u00edcio","item":"https:\/\/www.wheaton.com.br\/es\/"},{"@type":"ListItem","position":2,"name":"Grupo Wheaton","item":"https:\/\/www.wheaton.com.br\/es\/grupo-wheaton\/"},{"@type":"ListItem","position":3,"name":"Misi\u00f3n, visi\u00f3n y valores"}]},{"@type":"WebSite","@id":"https:\/\/www.wheaton.com.br\/es\/#website","url":"https:\/\/www.wheaton.com.br\/es\/","name":"Wheaton","description":"Embalagens de vidro para perfumaria e utilidades dom\u00e9sticas","publisher":{"@id":"https:\/\/www.wheaton.com.br\/es\/#organization"},"potentialAction":[{"@type":"SearchAction","target":{"@type":"EntryPoint","urlTemplate":"https:\/\/www.wheaton.com.br\/es\/?s={search_term_string}"},"query-input":{"@type":"PropertyValueSpecification","valueRequired":true,"valueName":"search_term_string"}}],"inLanguage":"es"},{"@type":"Organization","@id":"https:\/\/www.wheaton.com.br\/es\/#organization","name":"Wheaton","url":"https:\/\/www.wheaton.com.br\/es\/","logo":{"@type":"ImageObject","inLanguage":"es","@id":"https:\/\/www.wheaton.com.br\/es\/#\/schema\/logo\/image\/","url":"http:\/\/wheaton.com.br\/wp-content\/uploads\/2021\/09\/logo_btn-1.png","contentUrl":"http:\/\/wheaton.com.br\/wp-content\/uploads\/2021\/09\/logo_btn-1.png","width":80,"height":64,"caption":"Wheaton"},"image":{"@id":"https:\/\/www.wheaton.com.br\/es\/#\/schema\/logo\/image\/"}}]}},"_links":{"self":[{"href":"https:\/\/www.wheaton.com.br\/es\/wp-json\/wp\/v2\/pages\/10759","targetHints":{"allow":["GET"]}}],"collection":[{"href":"https:\/\/www.wheaton.com.br\/es\/wp-json\/wp\/v2\/pages"}],"about":[{"href":"https:\/\/www.wheaton.com.br\/es\/wp-json\/wp\/v2\/types\/page"}],"author":[{"embeddable":true,"href":"https:\/\/www.wheaton.com.br\/es\/wp-json\/wp\/v2\/users\/1"}],"replies":[{"embeddable":true,"href":"https:\/\/www.wheaton.com.br\/es\/wp-json\/wp\/v2\/comments?post=10759"}],"version-history":[{"count":1,"href":"https:\/\/www.wheaton.com.br\/es\/wp-json\/wp\/v2\/pages\/10759\/revisions"}],"predecessor-version":[{"id":16647,"href":"https:\/\/www.wheaton.com.br\/es\/wp-json\/wp\/v2\/pages\/10759\/revisions\/16647"}],"up":[{"embeddable":true,"href":"https:\/\/www.wheaton.com.br\/es\/wp-json\/wp\/v2\/pages\/10244"}],"wp:attachment":[{"href":"https:\/\/www.wheaton.com.br\/es\/wp-json\/wp\/v2\/media?parent=10759"}],"curies":[{"name":"wp","href":"https:\/\/api.w.org\/{rel}","templated":true}]}}