{"id":10712,"date":"2023-06-01T22:16:42","date_gmt":"2023-06-02T01:16:42","guid":{"rendered":"http:\/\/wheaton.com.br\/?page_id=10712"},"modified":"2025-01-28T17:55:37","modified_gmt":"2025-01-28T20:55:37","slug":"politicas-corporativas","status":"publish","type":"page","link":"https:\/\/www.wheaton.com.br\/es\/esg\/politicas-corporativas\/","title":{"rendered":"Pol\u00edticas corporativas"},"content":{"rendered":"\n<p><strong>Pol\u00edtica de Calidad<\/strong>: <br>Proporcionar productos y servicios que satisfagan las expectativas de nuestros clientes, a trav\u00e9s de la b\u00fasqueda continua de la mejora de nuestros productos, procesos y sistemas.<\/p>\n\n\n\n<p><strong>PARA ALCANZAR NUESTROS OBJETIVOS, SEGUIMOS LOS SIGUIENTES PRINCIPIOS:<\/strong><\/p>\n\n\n\n<ul class=\"wp-block-list\">\n<li><strong>COMPROMISO CON LOS PROVEEDORES<\/strong>: Trabajando de manera cooperativa para garantizar que los materiales suministrados cumplan con los est\u00e1ndares especificados en sus productos.<\/li>\n\n\n\n<li><strong>COMPROMISO CON LOS CLIENTES<\/strong>: Comprendiendo y atendiendo sus necesidades para obtener su confianza y preferencia.<\/li>\n\n\n\n<li><strong>COMPROMISO CON LOS PROFESIONALES<\/strong>: Promoviendo una comunicaci\u00f3n franca y abierta, proporcionando la capacitaci\u00f3n necesaria para su desarrollo profesional.<\/li>\n<\/ul>\n\n\n\n<p><strong>Pol\u00edtica de Medio Ambiente, Seguridad y Salud Ocupacional<\/strong>:<br>El Grupo Wheaton est\u00e1 comprometido con la preservaci\u00f3n del medio ambiente y la prevenci\u00f3n de accidentes, mejorando continuamente sus procesos, productos y sistemas a trav\u00e9s de la concienciaci\u00f3n y la adopci\u00f3n de programas efectivos.<\/p>\n\n\n\n<p><strong><strong>Pol\u00edtica de Sostenibilidad<\/strong><\/strong>:<br>Crear valor para accionistas, profesionales, contratistas, proveedores, clientes y la sociedad, integrando iniciativas de Seguridad, Salud, Medio Ambiente y Responsabilidad Social, y otras acciones de la empresa con un enfoque en la Sostenibilidad, de acuerdo con los principios establecidos en las Pol\u00edticas de Medio Ambiente y de Seguridad y Salud Ocupacional y Responsabilidad Social.<\/p>\n\n\n\n<p><strong>Pol\u00edtica de Responsabilidad Social<\/strong>:<br>Como Pol\u00edtica de Responsabilidad Social Corporativa, el Grupo Wheaton est\u00e1 comprometido con los requisitos de la Norma SA 8000, fomentando la misma postura en sus profesionales, proveedores y clientes.<\/p>\n","protected":false},"excerpt":{"rendered":"<p>Pol\u00edtica de Calidad: Proporcionar productos y servicios que satisfagan las expectativas de nuestros clientes, a[&#8230;]<\/p>\n","protected":false},"author":1,"featured_media":0,"parent":10706,"menu_order":117,"comment_status":"closed","ping_status":"closed","template":"","meta":{"_acf_changed":false,"inline_featured_image":false,"footnotes":""},"class_list":["post-10712","page","type-page","status-publish","hentry"],"acf":[],"yoast_head":"<!-- This site is optimized with the Yoast SEO plugin v27.4 - https:\/\/yoast.com\/product\/yoast-seo-wordpress\/ -->\n<title>Pol\u00edticas corporativas - Wheaton<\/title>\n<meta name=\"robots\" content=\"index, follow, max-snippet:-1, max-image-preview:large, max-video-preview:-1\" \/>\n<link rel=\"canonical\" href=\"https:\/\/www.wheaton.com.br\/es\/esg\/politicas-corporativas\/\" \/>\n<meta property=\"og:locale\" content=\"es_ES\" \/>\n<meta property=\"og:type\" content=\"article\" \/>\n<meta property=\"og:title\" content=\"Pol\u00edticas corporativas - Wheaton\" \/>\n<meta property=\"og:description\" content=\"Pol\u00edtica de Calidad: Proporcionar productos y servicios que satisfagan las expectativas de nuestros clientes, a[...]\" \/>\n<meta property=\"og:url\" content=\"https:\/\/www.wheaton.com.br\/es\/esg\/politicas-corporativas\/\" \/>\n<meta property=\"og:site_name\" content=\"Wheaton\" \/>\n<meta property=\"article:modified_time\" content=\"2025-01-28T20:55:37+00:00\" \/>\n<meta name=\"twitter:card\" content=\"summary_large_image\" \/>\n<meta name=\"twitter:label1\" content=\"Tiempo de lectura\" \/>\n\t<meta name=\"twitter:data1\" content=\"2 minutos\" \/>\n<script type=\"application\/ld+json\" class=\"yoast-schema-graph\">{\"@context\":\"https:\\\/\\\/schema.org\",\"@graph\":[{\"@type\":\"WebPage\",\"@id\":\"https:\\\/\\\/www.wheaton.com.br\\\/es\\\/esg\\\/politicas-corporativas\\\/\",\"url\":\"https:\\\/\\\/www.wheaton.com.br\\\/es\\\/esg\\\/politicas-corporativas\\\/\",\"name\":\"Pol\u00edticas corporativas - Wheaton\",\"isPartOf\":{\"@id\":\"https:\\\/\\\/www.wheaton.com.br\\\/es\\\/#website\"},\"datePublished\":\"2023-06-02T01:16:42+00:00\",\"dateModified\":\"2025-01-28T20:55:37+00:00\",\"breadcrumb\":{\"@id\":\"https:\\\/\\\/www.wheaton.com.br\\\/es\\\/esg\\\/politicas-corporativas\\\/#breadcrumb\"},\"inLanguage\":\"es\",\"potentialAction\":[{\"@type\":\"ReadAction\",\"target\":[\"https:\\\/\\\/www.wheaton.com.br\\\/es\\\/esg\\\/politicas-corporativas\\\/\"]}]},{\"@type\":\"BreadcrumbList\",\"@id\":\"https:\\\/\\\/www.wheaton.com.br\\\/es\\\/esg\\\/politicas-corporativas\\\/#breadcrumb\",\"itemListElement\":[{\"@type\":\"ListItem\",\"position\":1,\"name\":\"In\u00edcio\",\"item\":\"https:\\\/\\\/www.wheaton.com.br\\\/es\\\/\"},{\"@type\":\"ListItem\",\"position\":2,\"name\":\"ESG\",\"item\":\"https:\\\/\\\/www.wheaton.com.br\\\/es\\\/esg\\\/\"},{\"@type\":\"ListItem\",\"position\":3,\"name\":\"Pol\u00edticas corporativas\"}]},{\"@type\":\"WebSite\",\"@id\":\"https:\\\/\\\/www.wheaton.com.br\\\/es\\\/#website\",\"url\":\"https:\\\/\\\/www.wheaton.com.br\\\/es\\\/\",\"name\":\"Wheaton\",\"description\":\"Embalagens de vidro para perfumaria e utilidades dom\u00e9sticas\",\"publisher\":{\"@id\":\"https:\\\/\\\/www.wheaton.com.br\\\/es\\\/#organization\"},\"potentialAction\":[{\"@type\":\"SearchAction\",\"target\":{\"@type\":\"EntryPoint\",\"urlTemplate\":\"https:\\\/\\\/www.wheaton.com.br\\\/es\\\/?s={search_term_string}\"},\"query-input\":{\"@type\":\"PropertyValueSpecification\",\"valueRequired\":true,\"valueName\":\"search_term_string\"}}],\"inLanguage\":\"es\"},{\"@type\":\"Organization\",\"@id\":\"https:\\\/\\\/www.wheaton.com.br\\\/es\\\/#organization\",\"name\":\"Wheaton\",\"url\":\"https:\\\/\\\/www.wheaton.com.br\\\/es\\\/\",\"logo\":{\"@type\":\"ImageObject\",\"inLanguage\":\"es\",\"@id\":\"https:\\\/\\\/www.wheaton.com.br\\\/es\\\/#\\\/schema\\\/logo\\\/image\\\/\",\"url\":\"http:\\\/\\\/wheaton.com.br\\\/wp-content\\\/uploads\\\/2021\\\/09\\\/logo_btn-1.png\",\"contentUrl\":\"http:\\\/\\\/wheaton.com.br\\\/wp-content\\\/uploads\\\/2021\\\/09\\\/logo_btn-1.png\",\"width\":80,\"height\":64,\"caption\":\"Wheaton\"},\"image\":{\"@id\":\"https:\\\/\\\/www.wheaton.com.br\\\/es\\\/#\\\/schema\\\/logo\\\/image\\\/\"}}]}<\/script>\n<!-- \/ Yoast SEO plugin. -->","yoast_head_json":{"title":"Pol\u00edticas corporativas - Wheaton","robots":{"index":"index","follow":"follow","max-snippet":"max-snippet:-1","max-image-preview":"max-image-preview:large","max-video-preview":"max-video-preview:-1"},"canonical":"https:\/\/www.wheaton.com.br\/es\/esg\/politicas-corporativas\/","og_locale":"es_ES","og_type":"article","og_title":"Pol\u00edticas corporativas - Wheaton","og_description":"Pol\u00edtica de Calidad: Proporcionar productos y servicios que satisfagan las expectativas de nuestros clientes, a[...]","og_url":"https:\/\/www.wheaton.com.br\/es\/esg\/politicas-corporativas\/","og_site_name":"Wheaton","article_modified_time":"2025-01-28T20:55:37+00:00","twitter_card":"summary_large_image","twitter_misc":{"Tiempo de lectura":"2 minutos"},"schema":{"@context":"https:\/\/schema.org","@graph":[{"@type":"WebPage","@id":"https:\/\/www.wheaton.com.br\/es\/esg\/politicas-corporativas\/","url":"https:\/\/www.wheaton.com.br\/es\/esg\/politicas-corporativas\/","name":"Pol\u00edticas corporativas - Wheaton","isPartOf":{"@id":"https:\/\/www.wheaton.com.br\/es\/#website"},"datePublished":"2023-06-02T01:16:42+00:00","dateModified":"2025-01-28T20:55:37+00:00","breadcrumb":{"@id":"https:\/\/www.wheaton.com.br\/es\/esg\/politicas-corporativas\/#breadcrumb"},"inLanguage":"es","potentialAction":[{"@type":"ReadAction","target":["https:\/\/www.wheaton.com.br\/es\/esg\/politicas-corporativas\/"]}]},{"@type":"BreadcrumbList","@id":"https:\/\/www.wheaton.com.br\/es\/esg\/politicas-corporativas\/#breadcrumb","itemListElement":[{"@type":"ListItem","position":1,"name":"In\u00edcio","item":"https:\/\/www.wheaton.com.br\/es\/"},{"@type":"ListItem","position":2,"name":"ESG","item":"https:\/\/www.wheaton.com.br\/es\/esg\/"},{"@type":"ListItem","position":3,"name":"Pol\u00edticas corporativas"}]},{"@type":"WebSite","@id":"https:\/\/www.wheaton.com.br\/es\/#website","url":"https:\/\/www.wheaton.com.br\/es\/","name":"Wheaton","description":"Embalagens de vidro para perfumaria e utilidades dom\u00e9sticas","publisher":{"@id":"https:\/\/www.wheaton.com.br\/es\/#organization"},"potentialAction":[{"@type":"SearchAction","target":{"@type":"EntryPoint","urlTemplate":"https:\/\/www.wheaton.com.br\/es\/?s={search_term_string}"},"query-input":{"@type":"PropertyValueSpecification","valueRequired":true,"valueName":"search_term_string"}}],"inLanguage":"es"},{"@type":"Organization","@id":"https:\/\/www.wheaton.com.br\/es\/#organization","name":"Wheaton","url":"https:\/\/www.wheaton.com.br\/es\/","logo":{"@type":"ImageObject","inLanguage":"es","@id":"https:\/\/www.wheaton.com.br\/es\/#\/schema\/logo\/image\/","url":"http:\/\/wheaton.com.br\/wp-content\/uploads\/2021\/09\/logo_btn-1.png","contentUrl":"http:\/\/wheaton.com.br\/wp-content\/uploads\/2021\/09\/logo_btn-1.png","width":80,"height":64,"caption":"Wheaton"},"image":{"@id":"https:\/\/www.wheaton.com.br\/es\/#\/schema\/logo\/image\/"}}]}},"_links":{"self":[{"href":"https:\/\/www.wheaton.com.br\/es\/wp-json\/wp\/v2\/pages\/10712","targetHints":{"allow":["GET"]}}],"collection":[{"href":"https:\/\/www.wheaton.com.br\/es\/wp-json\/wp\/v2\/pages"}],"about":[{"href":"https:\/\/www.wheaton.com.br\/es\/wp-json\/wp\/v2\/types\/page"}],"author":[{"embeddable":true,"href":"https:\/\/www.wheaton.com.br\/es\/wp-json\/wp\/v2\/users\/1"}],"replies":[{"embeddable":true,"href":"https:\/\/www.wheaton.com.br\/es\/wp-json\/wp\/v2\/comments?post=10712"}],"version-history":[{"count":0,"href":"https:\/\/www.wheaton.com.br\/es\/wp-json\/wp\/v2\/pages\/10712\/revisions"}],"up":[{"embeddable":true,"href":"https:\/\/www.wheaton.com.br\/es\/wp-json\/wp\/v2\/pages\/10706"}],"wp:attachment":[{"href":"https:\/\/www.wheaton.com.br\/es\/wp-json\/wp\/v2\/media?parent=10712"}],"curies":[{"name":"wp","href":"https:\/\/api.w.org\/{rel}","templated":true}]}}