{"id":10711,"date":"2023-06-01T22:13:43","date_gmt":"2023-06-02T01:13:43","guid":{"rendered":"http:\/\/wheaton.com.br\/?page_id=10711"},"modified":"2025-01-28T17:51:11","modified_gmt":"2025-01-28T20:51:11","slug":"compromiso-con-la-responsabilidad-socio-de-negocios","status":"publish","type":"page","link":"https:\/\/www.wheaton.com.br\/es\/esg\/compromiso-con-la-responsabilidad-socio-de-negocios\/","title":{"rendered":"Compromiso con la responsabilidad Social Empresarial"},"content":{"rendered":"\n<p>SIEMPRE DIRIGIENDO NUESTRAS ACTIVIDADES POR LOS VALORES B\u00c1SICOS DE \u00c9TICA, TRANSPARENCIA Y RESPONSABILIDAD SOCIAL, ADOPTAMOS COMO REFERENCIA LOS SIGUIENTES REQUISITOS DE LA NORMA SA 8000:<\/p>\n\n\n\n<ol start=\"1\" class=\"wp-block-list\">\n<li><strong>TRABAJO INFANTIL<\/strong> &#8211; Ninguna persona menor de la edad legal establecida localmente podr\u00e1 trabajar en la empresa. Se deber\u00e1 exigir la documentaci\u00f3n comprobatoria de la edad antes de la contrataci\u00f3n de profesionales.<\/li>\n\n\n\n<li><strong>TRABAJO FORZADO &#8211;<\/strong> La empresa admitir\u00e1 \u00fanicamente a profesionales que deseen el empleo de libre y espont\u00e1nea voluntad.<\/li>\n\n\n\n<li><strong>NO DISCRIMINACI\u00d3N<\/strong> &#8211; La discriminaci\u00f3n y los prejuicios son actitudes no toleradas en nuestra empresa. Para ello, promovemos las siguientes pr\u00e1cticas:<br>a) Promover el bienestar de todos, sin prejuicios de origen, etnia, clase social, nacionalidad, religi\u00f3n, discapacidad f\u00edsica, sexo, orientaci\u00f3n sexual, participaci\u00f3n en sindicatos, afiliaci\u00f3n pol\u00edtica, color o edad.<br>b) Respetar las diferencias individuales, siempre de forma leal con colegas y superiores.<\/li>\n\n\n\n<li><strong>LIBERTAD DE ASOCIACI\u00d3N Y NEGOCIACIONES COLECTIVAS<\/strong>: La empresa permite que los profesionales elijan a sus propios representantes y garantiza que no est\u00e9n sujetos a discriminaci\u00f3n, acoso o intimidaci\u00f3n por ser miembros del sindicato o de una organizaci\u00f3n.<\/li>\n\n\n\n<li><strong>FRAUDE, SOBORNO Y CORRUPCI\u00d3N<\/strong>: Son inaceptables y est\u00e1n sujetas a acciones legales las conductas il\u00edcitas, tales como:<br>a) Oferta de beneficios, ayudas o pagos en cualquier forma a nuestros profesionales, agentes p\u00fablicos o particulares, con el fin de obtener una ventaja indebida.<br>b) Falsificaci\u00f3n de documentos, marcas o productos.<br>c) Involucrarse en actividades y conductas ilegales, como evasi\u00f3n fiscal, contrabando, soborno, entre otras.<\/li>\n\n\n\n<li><strong>ACOSO MORAL Y SEXUAL<\/strong>: No se admitir\u00e1 ning\u00fan tipo de acoso moral o sexual que implique cualquier conducta que afecte negativamente el rendimiento laboral, que degrade la dignidad de cualquier persona o que genere un ambiente de trabajo intimidante, hostil u ofensivo.<\/li>\n<\/ol>\n","protected":false},"excerpt":{"rendered":"<p>SIEMPRE DIRIGIENDO NUESTRAS ACTIVIDADES POR LOS VALORES B\u00c1SICOS DE \u00c9TICA, TRANSPARENCIA Y RESPONSABILIDAD SOCIAL, ADOPTAMOS[&#8230;]<\/p>\n","protected":false},"author":1,"featured_media":0,"parent":10706,"menu_order":115,"comment_status":"closed","ping_status":"closed","template":"","meta":{"_acf_changed":false,"inline_featured_image":false,"footnotes":""},"class_list":["post-10711","page","type-page","status-publish","hentry"],"acf":[],"yoast_head":"<!-- This site is optimized with the Yoast SEO plugin v27.2 - https:\/\/yoast.com\/product\/yoast-seo-wordpress\/ -->\n<title>Compromiso con la responsabilidad Social Empresarial - Wheaton<\/title>\n<meta name=\"robots\" content=\"index, follow, max-snippet:-1, max-image-preview:large, max-video-preview:-1\" \/>\n<link rel=\"canonical\" href=\"https:\/\/www.wheaton.com.br\/es\/esg\/compromiso-con-la-responsabilidad-socio-de-negocios\/\" \/>\n<meta property=\"og:locale\" content=\"es_ES\" \/>\n<meta property=\"og:type\" content=\"article\" \/>\n<meta property=\"og:title\" content=\"Compromiso con la responsabilidad Social Empresarial - Wheaton\" \/>\n<meta property=\"og:description\" content=\"SIEMPRE DIRIGIENDO NUESTRAS ACTIVIDADES POR LOS VALORES B\u00c1SICOS DE \u00c9TICA, TRANSPARENCIA Y RESPONSABILIDAD SOCIAL, ADOPTAMOS[...]\" \/>\n<meta property=\"og:url\" content=\"https:\/\/www.wheaton.com.br\/es\/esg\/compromiso-con-la-responsabilidad-socio-de-negocios\/\" \/>\n<meta property=\"og:site_name\" content=\"Wheaton\" \/>\n<meta property=\"article:modified_time\" content=\"2025-01-28T20:51:11+00:00\" \/>\n<meta name=\"twitter:card\" content=\"summary_large_image\" \/>\n<meta name=\"twitter:label1\" content=\"Tiempo de lectura\" \/>\n\t<meta name=\"twitter:data1\" content=\"2 minutos\" \/>\n<script type=\"application\/ld+json\" class=\"yoast-schema-graph\">{\"@context\":\"https:\/\/schema.org\",\"@graph\":[{\"@type\":\"WebPage\",\"@id\":\"https:\/\/www.wheaton.com.br\/es\/esg\/compromiso-con-la-responsabilidad-socio-de-negocios\/\",\"url\":\"https:\/\/www.wheaton.com.br\/es\/esg\/compromiso-con-la-responsabilidad-socio-de-negocios\/\",\"name\":\"Compromiso con la responsabilidad Social Empresarial - Wheaton\",\"isPartOf\":{\"@id\":\"https:\/\/www.wheaton.com.br\/es\/#website\"},\"datePublished\":\"2023-06-02T01:13:43+00:00\",\"dateModified\":\"2025-01-28T20:51:11+00:00\",\"breadcrumb\":{\"@id\":\"https:\/\/www.wheaton.com.br\/es\/esg\/compromiso-con-la-responsabilidad-socio-de-negocios\/#breadcrumb\"},\"inLanguage\":\"es\",\"potentialAction\":[{\"@type\":\"ReadAction\",\"target\":[\"https:\/\/www.wheaton.com.br\/es\/esg\/compromiso-con-la-responsabilidad-socio-de-negocios\/\"]}]},{\"@type\":\"BreadcrumbList\",\"@id\":\"https:\/\/www.wheaton.com.br\/es\/esg\/compromiso-con-la-responsabilidad-socio-de-negocios\/#breadcrumb\",\"itemListElement\":[{\"@type\":\"ListItem\",\"position\":1,\"name\":\"In\u00edcio\",\"item\":\"https:\/\/www.wheaton.com.br\/es\/\"},{\"@type\":\"ListItem\",\"position\":2,\"name\":\"ESG\",\"item\":\"https:\/\/www.wheaton.com.br\/es\/esg\/\"},{\"@type\":\"ListItem\",\"position\":3,\"name\":\"Compromiso con la responsabilidad Social Empresarial\"}]},{\"@type\":\"WebSite\",\"@id\":\"https:\/\/www.wheaton.com.br\/es\/#website\",\"url\":\"https:\/\/www.wheaton.com.br\/es\/\",\"name\":\"Wheaton\",\"description\":\"Embalagens de vidro para perfumaria e utilidades dom\u00e9sticas\",\"publisher\":{\"@id\":\"https:\/\/www.wheaton.com.br\/es\/#organization\"},\"potentialAction\":[{\"@type\":\"SearchAction\",\"target\":{\"@type\":\"EntryPoint\",\"urlTemplate\":\"https:\/\/www.wheaton.com.br\/es\/?s={search_term_string}\"},\"query-input\":{\"@type\":\"PropertyValueSpecification\",\"valueRequired\":true,\"valueName\":\"search_term_string\"}}],\"inLanguage\":\"es\"},{\"@type\":\"Organization\",\"@id\":\"https:\/\/www.wheaton.com.br\/es\/#organization\",\"name\":\"Wheaton\",\"url\":\"https:\/\/www.wheaton.com.br\/es\/\",\"logo\":{\"@type\":\"ImageObject\",\"inLanguage\":\"es\",\"@id\":\"https:\/\/www.wheaton.com.br\/es\/#\/schema\/logo\/image\/\",\"url\":\"http:\/\/wheaton.com.br\/wp-content\/uploads\/2021\/09\/logo_btn-1.png\",\"contentUrl\":\"http:\/\/wheaton.com.br\/wp-content\/uploads\/2021\/09\/logo_btn-1.png\",\"width\":80,\"height\":64,\"caption\":\"Wheaton\"},\"image\":{\"@id\":\"https:\/\/www.wheaton.com.br\/es\/#\/schema\/logo\/image\/\"}}]}<\/script>\n<!-- \/ Yoast SEO plugin. -->","yoast_head_json":{"title":"Compromiso con la responsabilidad Social Empresarial - Wheaton","robots":{"index":"index","follow":"follow","max-snippet":"max-snippet:-1","max-image-preview":"max-image-preview:large","max-video-preview":"max-video-preview:-1"},"canonical":"https:\/\/www.wheaton.com.br\/es\/esg\/compromiso-con-la-responsabilidad-socio-de-negocios\/","og_locale":"es_ES","og_type":"article","og_title":"Compromiso con la responsabilidad Social Empresarial - Wheaton","og_description":"SIEMPRE DIRIGIENDO NUESTRAS ACTIVIDADES POR LOS VALORES B\u00c1SICOS DE \u00c9TICA, TRANSPARENCIA Y RESPONSABILIDAD SOCIAL, ADOPTAMOS[...]","og_url":"https:\/\/www.wheaton.com.br\/es\/esg\/compromiso-con-la-responsabilidad-socio-de-negocios\/","og_site_name":"Wheaton","article_modified_time":"2025-01-28T20:51:11+00:00","twitter_card":"summary_large_image","twitter_misc":{"Tiempo de lectura":"2 minutos"},"schema":{"@context":"https:\/\/schema.org","@graph":[{"@type":"WebPage","@id":"https:\/\/www.wheaton.com.br\/es\/esg\/compromiso-con-la-responsabilidad-socio-de-negocios\/","url":"https:\/\/www.wheaton.com.br\/es\/esg\/compromiso-con-la-responsabilidad-socio-de-negocios\/","name":"Compromiso con la responsabilidad Social Empresarial - Wheaton","isPartOf":{"@id":"https:\/\/www.wheaton.com.br\/es\/#website"},"datePublished":"2023-06-02T01:13:43+00:00","dateModified":"2025-01-28T20:51:11+00:00","breadcrumb":{"@id":"https:\/\/www.wheaton.com.br\/es\/esg\/compromiso-con-la-responsabilidad-socio-de-negocios\/#breadcrumb"},"inLanguage":"es","potentialAction":[{"@type":"ReadAction","target":["https:\/\/www.wheaton.com.br\/es\/esg\/compromiso-con-la-responsabilidad-socio-de-negocios\/"]}]},{"@type":"BreadcrumbList","@id":"https:\/\/www.wheaton.com.br\/es\/esg\/compromiso-con-la-responsabilidad-socio-de-negocios\/#breadcrumb","itemListElement":[{"@type":"ListItem","position":1,"name":"In\u00edcio","item":"https:\/\/www.wheaton.com.br\/es\/"},{"@type":"ListItem","position":2,"name":"ESG","item":"https:\/\/www.wheaton.com.br\/es\/esg\/"},{"@type":"ListItem","position":3,"name":"Compromiso con la responsabilidad Social Empresarial"}]},{"@type":"WebSite","@id":"https:\/\/www.wheaton.com.br\/es\/#website","url":"https:\/\/www.wheaton.com.br\/es\/","name":"Wheaton","description":"Embalagens de vidro para perfumaria e utilidades dom\u00e9sticas","publisher":{"@id":"https:\/\/www.wheaton.com.br\/es\/#organization"},"potentialAction":[{"@type":"SearchAction","target":{"@type":"EntryPoint","urlTemplate":"https:\/\/www.wheaton.com.br\/es\/?s={search_term_string}"},"query-input":{"@type":"PropertyValueSpecification","valueRequired":true,"valueName":"search_term_string"}}],"inLanguage":"es"},{"@type":"Organization","@id":"https:\/\/www.wheaton.com.br\/es\/#organization","name":"Wheaton","url":"https:\/\/www.wheaton.com.br\/es\/","logo":{"@type":"ImageObject","inLanguage":"es","@id":"https:\/\/www.wheaton.com.br\/es\/#\/schema\/logo\/image\/","url":"http:\/\/wheaton.com.br\/wp-content\/uploads\/2021\/09\/logo_btn-1.png","contentUrl":"http:\/\/wheaton.com.br\/wp-content\/uploads\/2021\/09\/logo_btn-1.png","width":80,"height":64,"caption":"Wheaton"},"image":{"@id":"https:\/\/www.wheaton.com.br\/es\/#\/schema\/logo\/image\/"}}]}},"_links":{"self":[{"href":"https:\/\/www.wheaton.com.br\/es\/wp-json\/wp\/v2\/pages\/10711","targetHints":{"allow":["GET"]}}],"collection":[{"href":"https:\/\/www.wheaton.com.br\/es\/wp-json\/wp\/v2\/pages"}],"about":[{"href":"https:\/\/www.wheaton.com.br\/es\/wp-json\/wp\/v2\/types\/page"}],"author":[{"embeddable":true,"href":"https:\/\/www.wheaton.com.br\/es\/wp-json\/wp\/v2\/users\/1"}],"replies":[{"embeddable":true,"href":"https:\/\/www.wheaton.com.br\/es\/wp-json\/wp\/v2\/comments?post=10711"}],"version-history":[{"count":0,"href":"https:\/\/www.wheaton.com.br\/es\/wp-json\/wp\/v2\/pages\/10711\/revisions"}],"up":[{"embeddable":true,"href":"https:\/\/www.wheaton.com.br\/es\/wp-json\/wp\/v2\/pages\/10706"}],"wp:attachment":[{"href":"https:\/\/www.wheaton.com.br\/es\/wp-json\/wp\/v2\/media?parent=10711"}],"curies":[{"name":"wp","href":"https:\/\/api.w.org\/{rel}","templated":true}]}}