{"id":10710,"date":"2023-06-01T22:10:57","date_gmt":"2023-06-02T01:10:57","guid":{"rendered":"http:\/\/wheaton.com.br\/?page_id=10710"},"modified":"2025-01-28T17:37:20","modified_gmt":"2025-01-28T20:37:20","slug":"nuestros-principios-como-organizacion","status":"publish","type":"page","link":"https:\/\/www.wheaton.com.br\/es\/esg\/nuestros-principios-como-organizacion\/","title":{"rendered":"Nuestros principios como organizaci\u00f3n"},"content":{"rendered":"\n<p>EL RESPETO EN LAS RELACIONES Y ACTITUDES, LA HONESTIDAD, LA RESPONSABILIDAD Y LA CONFIANZA SON LOS PRINCIPIOS \u00c9TICOS QUE ORIENTAN TODA NUESTRA RELACI\u00d3N CON LAS PARTES INTERESADAS.<\/p>\n\n\n\n<p>De esta manera, nuestra postura respecto a ellas es:<\/p>\n\n\n\n<p><strong><strong>ACCIONISTAS<\/strong><\/strong><br>Conducimos nuestras operaciones de acuerdo con los principios de gobernanza corporativa y proporcionamos informaci\u00f3n precisa sobre nuestras actividades, situaci\u00f3n financiera, desempe\u00f1o y estructura.<\/p>\n\n\n\n<p><strong><strong>CLIENTES<\/strong><\/strong><br>Nuestro esfuerzo se centra en el compromiso con la satisfacci\u00f3n de los clientes, raz\u00f3n por la cual desarrollamos productos con los mejores est\u00e1ndares de calidad. Adem\u00e1s, nuestros clientes cuentan con toda la informaci\u00f3n y asistencia comercial y t\u00e9cnica completa para que puedan obtener la adecuaci\u00f3n y seguridad necesarias para el uso y comercializaci\u00f3n de nuestros productos.<\/p>\n\n\n\n<p><strong><strong>PROFESIONALES<\/strong><\/strong><br>Mantenemos una relaci\u00f3n de respeto y di\u00e1logo abierto con nuestros profesionales, siempre ofreciendo condiciones de trabajo seguras y estimulando el desarrollo personal y profesional de cada uno.<\/p>\n\n\n\n<p><strong><strong>PROVEEDORES<\/strong><\/strong><br>Las pr\u00e1cticas comerciales con nuestros proveedores son legales, tratadas debidamente con respeto, honestidad y transparencia en todos los \u00e1mbitos de la relaci\u00f3n comercial. La selecci\u00f3n de estos socios es rigurosa, sin ning\u00fan tipo de favoritismos. Los proveedores contratados deben ajustar su comportamiento a las directrices de conducta de nuestra empresa.<\/p>\n\n\n\n<p><strong><strong>PRESTADORES DE SERVICIOS<\/strong><br><\/strong>Formamos una relaci\u00f3n de incentivo y compartimos valores y est\u00e1ndares corporativos con las empresas y profesionales contratados.<\/p>\n\n\n\n<p><strong><strong>COMPETIDORES<\/strong><\/strong><br>Aseguramos una competencia saludable, libre de pr\u00e1cticas que no est\u00e9n asociadas a m\u00e9todos leales y legales.<\/p>\n\n\n\n<p><strong><strong>\u00d3RGANOS GUBERNAMENTALES<\/strong><\/strong><br>Mantenemos el estricto cumplimiento de los requisitos legales, fiscales y laborales establecidos por las entidades pertinentes, a trav\u00e9s del cumplimiento de la legislaci\u00f3n impuesta y del pago de las obligaciones tributarias y laborales. Adoptamos una postura \u00e9tica, prohibiendo la concesi\u00f3n de cualquier ventaja o privilegio a agentes p\u00fablicos.<\/p>\n\n\n\n<p><strong><strong>ASOCIACIONES DE CLASE\/SINDICATO<\/strong><\/strong><br>Comprendemos la importancia de las asociaciones de clase como defensores de los derechos de sus profesionales y procuramos mantener el respeto mutuo con entidades y asociaciones enfocadas en garantizar los intereses de los profesionales de la categor\u00eda y segmentos de mercado.<\/p>\n\n\n\n<p><strong>PRENSA<\/strong><br>Aseguramos un flujo permanente de informaci\u00f3n para la opini\u00f3n p\u00fablica, respetando la confidencialidad, teniendo en cuenta los leg\u00edtimos intereses empresariales.<\/p>\n\n\n\n<p><strong><strong>COMUNIDAD<\/strong><\/strong><br>Cumplimos con nuestras responsabilidades con las comunidades en las que operamos y estamos presentes, desarrollando y apoyando acciones sociales, siempre respetando los intereses de la poblaci\u00f3n.<\/p>\n\n\n\n<p><strong><strong>MEDIO AMBIENTE<\/strong><\/strong><br>Consideramos que el equilibrio del medio ambiente es esencial para nuestro propio negocio. De esta manera, Wheaton contribuye a la preservaci\u00f3n del medio ambiente, utilizando tecnolog\u00edas que favorecen el desarrollo sostenible.<\/p>\n","protected":false},"excerpt":{"rendered":"<p>EL RESPETO EN LAS RELACIONES Y ACTITUDES, LA HONESTIDAD, LA RESPONSABILIDAD Y LA CONFIANZA SON[&#8230;]<\/p>\n","protected":false},"author":1,"featured_media":0,"parent":10706,"menu_order":112,"comment_status":"closed","ping_status":"closed","template":"","meta":{"_acf_changed":false,"inline_featured_image":false,"footnotes":""},"class_list":["post-10710","page","type-page","status-publish","hentry"],"acf":[],"yoast_head":"<!-- This site is optimized with the Yoast SEO plugin v27.6 - https:\/\/yoast.com\/product\/yoast-seo-wordpress\/ -->\n<title>Nuestros principios como organizaci\u00f3n - Wheaton<\/title>\n<meta name=\"robots\" content=\"index, follow, max-snippet:-1, max-image-preview:large, max-video-preview:-1\" \/>\n<link rel=\"canonical\" href=\"https:\/\/www.wheaton.com.br\/es\/esg\/nuestros-principios-como-organizacion\/\" \/>\n<meta property=\"og:locale\" content=\"es_ES\" \/>\n<meta property=\"og:type\" content=\"article\" \/>\n<meta property=\"og:title\" content=\"Nuestros principios como organizaci\u00f3n - Wheaton\" \/>\n<meta property=\"og:description\" content=\"EL RESPETO EN LAS RELACIONES Y ACTITUDES, LA HONESTIDAD, LA RESPONSABILIDAD Y LA CONFIANZA SON[...]\" \/>\n<meta property=\"og:url\" content=\"https:\/\/www.wheaton.com.br\/es\/esg\/nuestros-principios-como-organizacion\/\" \/>\n<meta property=\"og:site_name\" content=\"Wheaton\" \/>\n<meta property=\"article:modified_time\" content=\"2025-01-28T20:37:20+00:00\" \/>\n<meta name=\"twitter:card\" content=\"summary_large_image\" \/>\n<meta name=\"twitter:label1\" content=\"Tiempo de lectura\" \/>\n\t<meta name=\"twitter:data1\" content=\"3 minutos\" \/>\n<script type=\"application\/ld+json\" class=\"yoast-schema-graph\">{\"@context\":\"https:\\\/\\\/schema.org\",\"@graph\":[{\"@type\":\"WebPage\",\"@id\":\"https:\\\/\\\/www.wheaton.com.br\\\/es\\\/esg\\\/nuestros-principios-como-organizacion\\\/\",\"url\":\"https:\\\/\\\/www.wheaton.com.br\\\/es\\\/esg\\\/nuestros-principios-como-organizacion\\\/\",\"name\":\"Nuestros principios como organizaci\u00f3n - Wheaton\",\"isPartOf\":{\"@id\":\"https:\\\/\\\/www.wheaton.com.br\\\/es\\\/#website\"},\"datePublished\":\"2023-06-02T01:10:57+00:00\",\"dateModified\":\"2025-01-28T20:37:20+00:00\",\"breadcrumb\":{\"@id\":\"https:\\\/\\\/www.wheaton.com.br\\\/es\\\/esg\\\/nuestros-principios-como-organizacion\\\/#breadcrumb\"},\"inLanguage\":\"es\",\"potentialAction\":[{\"@type\":\"ReadAction\",\"target\":[\"https:\\\/\\\/www.wheaton.com.br\\\/es\\\/esg\\\/nuestros-principios-como-organizacion\\\/\"]}]},{\"@type\":\"BreadcrumbList\",\"@id\":\"https:\\\/\\\/www.wheaton.com.br\\\/es\\\/esg\\\/nuestros-principios-como-organizacion\\\/#breadcrumb\",\"itemListElement\":[{\"@type\":\"ListItem\",\"position\":1,\"name\":\"In\u00edcio\",\"item\":\"https:\\\/\\\/www.wheaton.com.br\\\/es\\\/\"},{\"@type\":\"ListItem\",\"position\":2,\"name\":\"ESG\",\"item\":\"https:\\\/\\\/www.wheaton.com.br\\\/es\\\/esg\\\/\"},{\"@type\":\"ListItem\",\"position\":3,\"name\":\"Nuestros principios como organizaci\u00f3n\"}]},{\"@type\":\"WebSite\",\"@id\":\"https:\\\/\\\/www.wheaton.com.br\\\/es\\\/#website\",\"url\":\"https:\\\/\\\/www.wheaton.com.br\\\/es\\\/\",\"name\":\"Wheaton\",\"description\":\"Embalagens de vidro para perfumaria e utilidades dom\u00e9sticas\",\"publisher\":{\"@id\":\"https:\\\/\\\/www.wheaton.com.br\\\/es\\\/#organization\"},\"potentialAction\":[{\"@type\":\"SearchAction\",\"target\":{\"@type\":\"EntryPoint\",\"urlTemplate\":\"https:\\\/\\\/www.wheaton.com.br\\\/es\\\/?s={search_term_string}\"},\"query-input\":{\"@type\":\"PropertyValueSpecification\",\"valueRequired\":true,\"valueName\":\"search_term_string\"}}],\"inLanguage\":\"es\"},{\"@type\":\"Organization\",\"@id\":\"https:\\\/\\\/www.wheaton.com.br\\\/es\\\/#organization\",\"name\":\"Wheaton\",\"url\":\"https:\\\/\\\/www.wheaton.com.br\\\/es\\\/\",\"logo\":{\"@type\":\"ImageObject\",\"inLanguage\":\"es\",\"@id\":\"https:\\\/\\\/www.wheaton.com.br\\\/es\\\/#\\\/schema\\\/logo\\\/image\\\/\",\"url\":\"http:\\\/\\\/wheaton.com.br\\\/wp-content\\\/uploads\\\/2021\\\/09\\\/logo_btn-1.png\",\"contentUrl\":\"http:\\\/\\\/wheaton.com.br\\\/wp-content\\\/uploads\\\/2021\\\/09\\\/logo_btn-1.png\",\"width\":80,\"height\":64,\"caption\":\"Wheaton\"},\"image\":{\"@id\":\"https:\\\/\\\/www.wheaton.com.br\\\/es\\\/#\\\/schema\\\/logo\\\/image\\\/\"}}]}<\/script>\n<!-- \/ Yoast SEO plugin. -->","yoast_head_json":{"title":"Nuestros principios como organizaci\u00f3n - Wheaton","robots":{"index":"index","follow":"follow","max-snippet":"max-snippet:-1","max-image-preview":"max-image-preview:large","max-video-preview":"max-video-preview:-1"},"canonical":"https:\/\/www.wheaton.com.br\/es\/esg\/nuestros-principios-como-organizacion\/","og_locale":"es_ES","og_type":"article","og_title":"Nuestros principios como organizaci\u00f3n - Wheaton","og_description":"EL RESPETO EN LAS RELACIONES Y ACTITUDES, LA HONESTIDAD, LA RESPONSABILIDAD Y LA CONFIANZA SON[...]","og_url":"https:\/\/www.wheaton.com.br\/es\/esg\/nuestros-principios-como-organizacion\/","og_site_name":"Wheaton","article_modified_time":"2025-01-28T20:37:20+00:00","twitter_card":"summary_large_image","twitter_misc":{"Tiempo de lectura":"3 minutos"},"schema":{"@context":"https:\/\/schema.org","@graph":[{"@type":"WebPage","@id":"https:\/\/www.wheaton.com.br\/es\/esg\/nuestros-principios-como-organizacion\/","url":"https:\/\/www.wheaton.com.br\/es\/esg\/nuestros-principios-como-organizacion\/","name":"Nuestros principios como organizaci\u00f3n - Wheaton","isPartOf":{"@id":"https:\/\/www.wheaton.com.br\/es\/#website"},"datePublished":"2023-06-02T01:10:57+00:00","dateModified":"2025-01-28T20:37:20+00:00","breadcrumb":{"@id":"https:\/\/www.wheaton.com.br\/es\/esg\/nuestros-principios-como-organizacion\/#breadcrumb"},"inLanguage":"es","potentialAction":[{"@type":"ReadAction","target":["https:\/\/www.wheaton.com.br\/es\/esg\/nuestros-principios-como-organizacion\/"]}]},{"@type":"BreadcrumbList","@id":"https:\/\/www.wheaton.com.br\/es\/esg\/nuestros-principios-como-organizacion\/#breadcrumb","itemListElement":[{"@type":"ListItem","position":1,"name":"In\u00edcio","item":"https:\/\/www.wheaton.com.br\/es\/"},{"@type":"ListItem","position":2,"name":"ESG","item":"https:\/\/www.wheaton.com.br\/es\/esg\/"},{"@type":"ListItem","position":3,"name":"Nuestros principios como organizaci\u00f3n"}]},{"@type":"WebSite","@id":"https:\/\/www.wheaton.com.br\/es\/#website","url":"https:\/\/www.wheaton.com.br\/es\/","name":"Wheaton","description":"Embalagens de vidro para perfumaria e utilidades dom\u00e9sticas","publisher":{"@id":"https:\/\/www.wheaton.com.br\/es\/#organization"},"potentialAction":[{"@type":"SearchAction","target":{"@type":"EntryPoint","urlTemplate":"https:\/\/www.wheaton.com.br\/es\/?s={search_term_string}"},"query-input":{"@type":"PropertyValueSpecification","valueRequired":true,"valueName":"search_term_string"}}],"inLanguage":"es"},{"@type":"Organization","@id":"https:\/\/www.wheaton.com.br\/es\/#organization","name":"Wheaton","url":"https:\/\/www.wheaton.com.br\/es\/","logo":{"@type":"ImageObject","inLanguage":"es","@id":"https:\/\/www.wheaton.com.br\/es\/#\/schema\/logo\/image\/","url":"http:\/\/wheaton.com.br\/wp-content\/uploads\/2021\/09\/logo_btn-1.png","contentUrl":"http:\/\/wheaton.com.br\/wp-content\/uploads\/2021\/09\/logo_btn-1.png","width":80,"height":64,"caption":"Wheaton"},"image":{"@id":"https:\/\/www.wheaton.com.br\/es\/#\/schema\/logo\/image\/"}}]}},"_links":{"self":[{"href":"https:\/\/www.wheaton.com.br\/es\/wp-json\/wp\/v2\/pages\/10710","targetHints":{"allow":["GET"]}}],"collection":[{"href":"https:\/\/www.wheaton.com.br\/es\/wp-json\/wp\/v2\/pages"}],"about":[{"href":"https:\/\/www.wheaton.com.br\/es\/wp-json\/wp\/v2\/types\/page"}],"author":[{"embeddable":true,"href":"https:\/\/www.wheaton.com.br\/es\/wp-json\/wp\/v2\/users\/1"}],"replies":[{"embeddable":true,"href":"https:\/\/www.wheaton.com.br\/es\/wp-json\/wp\/v2\/comments?post=10710"}],"version-history":[{"count":0,"href":"https:\/\/www.wheaton.com.br\/es\/wp-json\/wp\/v2\/pages\/10710\/revisions"}],"up":[{"embeddable":true,"href":"https:\/\/www.wheaton.com.br\/es\/wp-json\/wp\/v2\/pages\/10706"}],"wp:attachment":[{"href":"https:\/\/www.wheaton.com.br\/es\/wp-json\/wp\/v2\/media?parent=10710"}],"curies":[{"name":"wp","href":"https:\/\/api.w.org\/{rel}","templated":true}]}}