{"id":10709,"date":"2023-06-01T22:08:18","date_gmt":"2023-06-02T01:08:18","guid":{"rendered":"http:\/\/wheaton.com.br\/?page_id=10709"},"modified":"2025-01-28T17:26:44","modified_gmt":"2025-01-28T20:26:44","slug":"el-vidrio","status":"publish","type":"page","link":"https:\/\/www.wheaton.com.br\/es\/esg\/el-vidrio\/","title":{"rendered":"El vidrio"},"content":{"rendered":"\n<p>La econom\u00eda circular es una nueva forma de pensar sobre el futuro, reconsiderando todo el proceso de un producto, desde la fabricaci\u00f3n hasta su descarte, pasando por su vida \u00fatil, de punta a punta, con el fin de reducir los impactos en el medio ambiente.<\/p>\n\n\n\n<p>Se puede afirmar que el vidrio es el material de embalaje m\u00e1s amigable para el ser humano. El vidrio es un material 100% reciclable.<\/p>\n\n\n\n<p>Es infinitamente reciclable, ya que est\u00e1 hecho de minerales como arena, soda, caliza y feldespato. Los envases de vidrio pueden ser totalmente reutilizados en el ciclo productivo del reciclaje, sin ninguna p\u00e9rdida de material, dando lugar a nuevas e incre\u00edbles creaciones, manteni\u00e9ndose inerte e impermeable.<\/p>\n\n\n\n<p>Al agregar el vidrio reciclado en la producci\u00f3n del vidrio, disminuimos la extracci\u00f3n de materias primas de la naturaleza.La reutilizaci\u00f3n de vidrio virgen, proveniente del propio proceso productivo, y el reciclaje de vidrio posconsumo (PCR) para la producci\u00f3n de nuevos envases reducen significativamente el consumo de materias primas v\u00edrgenes y energ\u00eda, disminuyendo la emisi\u00f3n de CO<sub>2<\/sub> y contribuyendo a la preservaci\u00f3n del medio ambiente.<\/p>\n\n\n\n<p><strong><strong>PCR \u2013 vidrio posconsumo<\/strong><\/strong><\/p>\n\n\n\n<p>Con el fin de minimizar el consumo de agua, energ\u00eda, materias primas e insumos, reduciendo as\u00ed las emisiones de CO<sub>2<\/sub> y minimizando el impacto sobre los recursos naturales, contamos con una producci\u00f3n continua de envases de vidrio <em>flint<\/em> con un porcentaje de vidrio posconsumo (PCR).<\/p>\n\n\n\n<p>Para la producci\u00f3n de envases de vidrio \u00e1mbar, utilizamos m\u00e1s de un 40% de fragmentos de vidrio reciclado posconsumo (PCR).<\/p>\n","protected":false},"excerpt":{"rendered":"<p>La econom\u00eda circular es una nueva forma de pensar sobre el futuro, reconsiderando todo el[&#8230;]<\/p>\n","protected":false},"author":1,"featured_media":0,"parent":10706,"menu_order":109,"comment_status":"closed","ping_status":"closed","template":"","meta":{"_acf_changed":false,"inline_featured_image":false,"footnotes":""},"class_list":["post-10709","page","type-page","status-publish","hentry"],"acf":[],"yoast_head":"<!-- This site is optimized with the Yoast SEO plugin v27.4 - https:\/\/yoast.com\/product\/yoast-seo-wordpress\/ -->\n<title>El vidrio - Wheaton<\/title>\n<meta name=\"robots\" content=\"index, follow, max-snippet:-1, max-image-preview:large, max-video-preview:-1\" \/>\n<link rel=\"canonical\" href=\"https:\/\/www.wheaton.com.br\/es\/esg\/el-vidrio\/\" \/>\n<meta property=\"og:locale\" content=\"es_ES\" \/>\n<meta property=\"og:type\" content=\"article\" \/>\n<meta property=\"og:title\" content=\"El vidrio - Wheaton\" \/>\n<meta property=\"og:description\" content=\"La econom\u00eda circular es una nueva forma de pensar sobre el futuro, reconsiderando todo el[...]\" \/>\n<meta property=\"og:url\" content=\"https:\/\/www.wheaton.com.br\/es\/esg\/el-vidrio\/\" \/>\n<meta property=\"og:site_name\" content=\"Wheaton\" \/>\n<meta property=\"article:modified_time\" content=\"2025-01-28T20:26:44+00:00\" \/>\n<meta name=\"twitter:card\" content=\"summary_large_image\" \/>\n<meta name=\"twitter:label1\" content=\"Tiempo de lectura\" \/>\n\t<meta name=\"twitter:data1\" content=\"2 minutos\" \/>\n<script type=\"application\/ld+json\" class=\"yoast-schema-graph\">{\"@context\":\"https:\\\/\\\/schema.org\",\"@graph\":[{\"@type\":\"WebPage\",\"@id\":\"https:\\\/\\\/www.wheaton.com.br\\\/es\\\/esg\\\/el-vidrio\\\/\",\"url\":\"https:\\\/\\\/www.wheaton.com.br\\\/es\\\/esg\\\/el-vidrio\\\/\",\"name\":\"El vidrio - Wheaton\",\"isPartOf\":{\"@id\":\"https:\\\/\\\/www.wheaton.com.br\\\/es\\\/#website\"},\"datePublished\":\"2023-06-02T01:08:18+00:00\",\"dateModified\":\"2025-01-28T20:26:44+00:00\",\"breadcrumb\":{\"@id\":\"https:\\\/\\\/www.wheaton.com.br\\\/es\\\/esg\\\/el-vidrio\\\/#breadcrumb\"},\"inLanguage\":\"es\",\"potentialAction\":[{\"@type\":\"ReadAction\",\"target\":[\"https:\\\/\\\/www.wheaton.com.br\\\/es\\\/esg\\\/el-vidrio\\\/\"]}]},{\"@type\":\"BreadcrumbList\",\"@id\":\"https:\\\/\\\/www.wheaton.com.br\\\/es\\\/esg\\\/el-vidrio\\\/#breadcrumb\",\"itemListElement\":[{\"@type\":\"ListItem\",\"position\":1,\"name\":\"In\u00edcio\",\"item\":\"https:\\\/\\\/www.wheaton.com.br\\\/es\\\/\"},{\"@type\":\"ListItem\",\"position\":2,\"name\":\"ESG\",\"item\":\"https:\\\/\\\/www.wheaton.com.br\\\/es\\\/esg\\\/\"},{\"@type\":\"ListItem\",\"position\":3,\"name\":\"El vidrio\"}]},{\"@type\":\"WebSite\",\"@id\":\"https:\\\/\\\/www.wheaton.com.br\\\/es\\\/#website\",\"url\":\"https:\\\/\\\/www.wheaton.com.br\\\/es\\\/\",\"name\":\"Wheaton\",\"description\":\"Embalagens de vidro para perfumaria e utilidades dom\u00e9sticas\",\"publisher\":{\"@id\":\"https:\\\/\\\/www.wheaton.com.br\\\/es\\\/#organization\"},\"potentialAction\":[{\"@type\":\"SearchAction\",\"target\":{\"@type\":\"EntryPoint\",\"urlTemplate\":\"https:\\\/\\\/www.wheaton.com.br\\\/es\\\/?s={search_term_string}\"},\"query-input\":{\"@type\":\"PropertyValueSpecification\",\"valueRequired\":true,\"valueName\":\"search_term_string\"}}],\"inLanguage\":\"es\"},{\"@type\":\"Organization\",\"@id\":\"https:\\\/\\\/www.wheaton.com.br\\\/es\\\/#organization\",\"name\":\"Wheaton\",\"url\":\"https:\\\/\\\/www.wheaton.com.br\\\/es\\\/\",\"logo\":{\"@type\":\"ImageObject\",\"inLanguage\":\"es\",\"@id\":\"https:\\\/\\\/www.wheaton.com.br\\\/es\\\/#\\\/schema\\\/logo\\\/image\\\/\",\"url\":\"http:\\\/\\\/wheaton.com.br\\\/wp-content\\\/uploads\\\/2021\\\/09\\\/logo_btn-1.png\",\"contentUrl\":\"http:\\\/\\\/wheaton.com.br\\\/wp-content\\\/uploads\\\/2021\\\/09\\\/logo_btn-1.png\",\"width\":80,\"height\":64,\"caption\":\"Wheaton\"},\"image\":{\"@id\":\"https:\\\/\\\/www.wheaton.com.br\\\/es\\\/#\\\/schema\\\/logo\\\/image\\\/\"}}]}<\/script>\n<!-- \/ Yoast SEO plugin. -->","yoast_head_json":{"title":"El vidrio - Wheaton","robots":{"index":"index","follow":"follow","max-snippet":"max-snippet:-1","max-image-preview":"max-image-preview:large","max-video-preview":"max-video-preview:-1"},"canonical":"https:\/\/www.wheaton.com.br\/es\/esg\/el-vidrio\/","og_locale":"es_ES","og_type":"article","og_title":"El vidrio - Wheaton","og_description":"La econom\u00eda circular es una nueva forma de pensar sobre el futuro, reconsiderando todo el[...]","og_url":"https:\/\/www.wheaton.com.br\/es\/esg\/el-vidrio\/","og_site_name":"Wheaton","article_modified_time":"2025-01-28T20:26:44+00:00","twitter_card":"summary_large_image","twitter_misc":{"Tiempo de lectura":"2 minutos"},"schema":{"@context":"https:\/\/schema.org","@graph":[{"@type":"WebPage","@id":"https:\/\/www.wheaton.com.br\/es\/esg\/el-vidrio\/","url":"https:\/\/www.wheaton.com.br\/es\/esg\/el-vidrio\/","name":"El vidrio - Wheaton","isPartOf":{"@id":"https:\/\/www.wheaton.com.br\/es\/#website"},"datePublished":"2023-06-02T01:08:18+00:00","dateModified":"2025-01-28T20:26:44+00:00","breadcrumb":{"@id":"https:\/\/www.wheaton.com.br\/es\/esg\/el-vidrio\/#breadcrumb"},"inLanguage":"es","potentialAction":[{"@type":"ReadAction","target":["https:\/\/www.wheaton.com.br\/es\/esg\/el-vidrio\/"]}]},{"@type":"BreadcrumbList","@id":"https:\/\/www.wheaton.com.br\/es\/esg\/el-vidrio\/#breadcrumb","itemListElement":[{"@type":"ListItem","position":1,"name":"In\u00edcio","item":"https:\/\/www.wheaton.com.br\/es\/"},{"@type":"ListItem","position":2,"name":"ESG","item":"https:\/\/www.wheaton.com.br\/es\/esg\/"},{"@type":"ListItem","position":3,"name":"El vidrio"}]},{"@type":"WebSite","@id":"https:\/\/www.wheaton.com.br\/es\/#website","url":"https:\/\/www.wheaton.com.br\/es\/","name":"Wheaton","description":"Embalagens de vidro para perfumaria e utilidades dom\u00e9sticas","publisher":{"@id":"https:\/\/www.wheaton.com.br\/es\/#organization"},"potentialAction":[{"@type":"SearchAction","target":{"@type":"EntryPoint","urlTemplate":"https:\/\/www.wheaton.com.br\/es\/?s={search_term_string}"},"query-input":{"@type":"PropertyValueSpecification","valueRequired":true,"valueName":"search_term_string"}}],"inLanguage":"es"},{"@type":"Organization","@id":"https:\/\/www.wheaton.com.br\/es\/#organization","name":"Wheaton","url":"https:\/\/www.wheaton.com.br\/es\/","logo":{"@type":"ImageObject","inLanguage":"es","@id":"https:\/\/www.wheaton.com.br\/es\/#\/schema\/logo\/image\/","url":"http:\/\/wheaton.com.br\/wp-content\/uploads\/2021\/09\/logo_btn-1.png","contentUrl":"http:\/\/wheaton.com.br\/wp-content\/uploads\/2021\/09\/logo_btn-1.png","width":80,"height":64,"caption":"Wheaton"},"image":{"@id":"https:\/\/www.wheaton.com.br\/es\/#\/schema\/logo\/image\/"}}]}},"_links":{"self":[{"href":"https:\/\/www.wheaton.com.br\/es\/wp-json\/wp\/v2\/pages\/10709","targetHints":{"allow":["GET"]}}],"collection":[{"href":"https:\/\/www.wheaton.com.br\/es\/wp-json\/wp\/v2\/pages"}],"about":[{"href":"https:\/\/www.wheaton.com.br\/es\/wp-json\/wp\/v2\/types\/page"}],"author":[{"embeddable":true,"href":"https:\/\/www.wheaton.com.br\/es\/wp-json\/wp\/v2\/users\/1"}],"replies":[{"embeddable":true,"href":"https:\/\/www.wheaton.com.br\/es\/wp-json\/wp\/v2\/comments?post=10709"}],"version-history":[{"count":0,"href":"https:\/\/www.wheaton.com.br\/es\/wp-json\/wp\/v2\/pages\/10709\/revisions"}],"up":[{"embeddable":true,"href":"https:\/\/www.wheaton.com.br\/es\/wp-json\/wp\/v2\/pages\/10706"}],"wp:attachment":[{"href":"https:\/\/www.wheaton.com.br\/es\/wp-json\/wp\/v2\/media?parent=10709"}],"curies":[{"name":"wp","href":"https:\/\/api.w.org\/{rel}","templated":true}]}}