{"id":10708,"date":"2023-06-01T22:06:43","date_gmt":"2023-06-02T01:06:43","guid":{"rendered":"http:\/\/wheaton.com.br\/?page_id=10708"},"modified":"2025-01-28T17:22:51","modified_gmt":"2025-01-28T20:22:51","slug":"medio-ambiente","status":"publish","type":"page","link":"https:\/\/www.wheaton.com.br\/es\/esg\/medio-ambiente\/","title":{"rendered":"Medio ambiente"},"content":{"rendered":"\n<p>Creemos que los negocios sostenibles son parte de un nuevo modelo empresarial, en el cual los productos y servicios se basan en la incorporaci\u00f3n integrada de los aspectos sociales, econ\u00f3micos y ambientales. Sus estrategias deben ir m\u00e1s all\u00e1 de la tecnolog\u00eda, abarcando todo el ciclo de vida del producto.<\/p>\n\n\n\n<p>El Grupo Wheaton adopta en sus pr\u00e1cticas empresariales los principios de sostenibilidad, trabajando fuertemente para:<\/p>\n\n\n\n<ul class=\"wp-block-list\">\n<li>Minimizar el consumo de agua, energ\u00eda y materias primas, buscando minimizar la presi\u00f3n sobre los recursos naturales.<\/li>\n\n\n\n<li>Reducir la generaci\u00f3n de residuos.<\/li>\n\n\n\n<li>Minimizar los impactos en el ecosistema, a trav\u00e9s del correcto tratamiento de efluentes y control de emisiones, bas\u00e1ndose en el \u201c<em>in plant control <\/em>\u2013 concepto de producci\u00f3n m\u00e1s limpia\u201d.<\/li>\n<\/ul>\n","protected":false},"excerpt":{"rendered":"<p>Creemos que los negocios sostenibles son parte de un nuevo modelo empresarial, en el cual[&#8230;]<\/p>\n","protected":false},"author":1,"featured_media":0,"parent":10706,"menu_order":106,"comment_status":"closed","ping_status":"closed","template":"","meta":{"_acf_changed":false,"inline_featured_image":false,"footnotes":""},"class_list":["post-10708","page","type-page","status-publish","hentry"],"acf":[],"yoast_head":"<!-- This site is optimized with the Yoast SEO plugin v27.2 - https:\/\/yoast.com\/product\/yoast-seo-wordpress\/ -->\n<title>Medio ambiente - Wheaton<\/title>\n<meta name=\"robots\" content=\"index, follow, max-snippet:-1, max-image-preview:large, max-video-preview:-1\" \/>\n<link rel=\"canonical\" href=\"https:\/\/www.wheaton.com.br\/es\/esg\/medio-ambiente\/\" \/>\n<meta property=\"og:locale\" content=\"es_ES\" \/>\n<meta property=\"og:type\" content=\"article\" \/>\n<meta property=\"og:title\" content=\"Medio ambiente - Wheaton\" \/>\n<meta property=\"og:description\" content=\"Creemos que los negocios sostenibles son parte de un nuevo modelo empresarial, en el cual[...]\" \/>\n<meta property=\"og:url\" content=\"https:\/\/www.wheaton.com.br\/es\/esg\/medio-ambiente\/\" \/>\n<meta property=\"og:site_name\" content=\"Wheaton\" \/>\n<meta property=\"article:modified_time\" content=\"2025-01-28T20:22:51+00:00\" \/>\n<meta name=\"twitter:card\" content=\"summary_large_image\" \/>\n<meta name=\"twitter:label1\" content=\"Tiempo de lectura\" \/>\n\t<meta name=\"twitter:data1\" content=\"1 minuto\" \/>\n<script type=\"application\/ld+json\" class=\"yoast-schema-graph\">{\"@context\":\"https:\/\/schema.org\",\"@graph\":[{\"@type\":\"WebPage\",\"@id\":\"https:\/\/www.wheaton.com.br\/es\/esg\/medio-ambiente\/\",\"url\":\"https:\/\/www.wheaton.com.br\/es\/esg\/medio-ambiente\/\",\"name\":\"Medio ambiente - Wheaton\",\"isPartOf\":{\"@id\":\"https:\/\/www.wheaton.com.br\/es\/#website\"},\"datePublished\":\"2023-06-02T01:06:43+00:00\",\"dateModified\":\"2025-01-28T20:22:51+00:00\",\"breadcrumb\":{\"@id\":\"https:\/\/www.wheaton.com.br\/es\/esg\/medio-ambiente\/#breadcrumb\"},\"inLanguage\":\"es\",\"potentialAction\":[{\"@type\":\"ReadAction\",\"target\":[\"https:\/\/www.wheaton.com.br\/es\/esg\/medio-ambiente\/\"]}]},{\"@type\":\"BreadcrumbList\",\"@id\":\"https:\/\/www.wheaton.com.br\/es\/esg\/medio-ambiente\/#breadcrumb\",\"itemListElement\":[{\"@type\":\"ListItem\",\"position\":1,\"name\":\"In\u00edcio\",\"item\":\"https:\/\/www.wheaton.com.br\/es\/\"},{\"@type\":\"ListItem\",\"position\":2,\"name\":\"ESG\",\"item\":\"https:\/\/www.wheaton.com.br\/es\/esg\/\"},{\"@type\":\"ListItem\",\"position\":3,\"name\":\"Medio ambiente\"}]},{\"@type\":\"WebSite\",\"@id\":\"https:\/\/www.wheaton.com.br\/es\/#website\",\"url\":\"https:\/\/www.wheaton.com.br\/es\/\",\"name\":\"Wheaton\",\"description\":\"Embalagens de vidro para perfumaria e utilidades dom\u00e9sticas\",\"publisher\":{\"@id\":\"https:\/\/www.wheaton.com.br\/es\/#organization\"},\"potentialAction\":[{\"@type\":\"SearchAction\",\"target\":{\"@type\":\"EntryPoint\",\"urlTemplate\":\"https:\/\/www.wheaton.com.br\/es\/?s={search_term_string}\"},\"query-input\":{\"@type\":\"PropertyValueSpecification\",\"valueRequired\":true,\"valueName\":\"search_term_string\"}}],\"inLanguage\":\"es\"},{\"@type\":\"Organization\",\"@id\":\"https:\/\/www.wheaton.com.br\/es\/#organization\",\"name\":\"Wheaton\",\"url\":\"https:\/\/www.wheaton.com.br\/es\/\",\"logo\":{\"@type\":\"ImageObject\",\"inLanguage\":\"es\",\"@id\":\"https:\/\/www.wheaton.com.br\/es\/#\/schema\/logo\/image\/\",\"url\":\"http:\/\/wheaton.com.br\/wp-content\/uploads\/2021\/09\/logo_btn-1.png\",\"contentUrl\":\"http:\/\/wheaton.com.br\/wp-content\/uploads\/2021\/09\/logo_btn-1.png\",\"width\":80,\"height\":64,\"caption\":\"Wheaton\"},\"image\":{\"@id\":\"https:\/\/www.wheaton.com.br\/es\/#\/schema\/logo\/image\/\"}}]}<\/script>\n<!-- \/ Yoast SEO plugin. -->","yoast_head_json":{"title":"Medio ambiente - Wheaton","robots":{"index":"index","follow":"follow","max-snippet":"max-snippet:-1","max-image-preview":"max-image-preview:large","max-video-preview":"max-video-preview:-1"},"canonical":"https:\/\/www.wheaton.com.br\/es\/esg\/medio-ambiente\/","og_locale":"es_ES","og_type":"article","og_title":"Medio ambiente - Wheaton","og_description":"Creemos que los negocios sostenibles son parte de un nuevo modelo empresarial, en el cual[...]","og_url":"https:\/\/www.wheaton.com.br\/es\/esg\/medio-ambiente\/","og_site_name":"Wheaton","article_modified_time":"2025-01-28T20:22:51+00:00","twitter_card":"summary_large_image","twitter_misc":{"Tiempo de lectura":"1 minuto"},"schema":{"@context":"https:\/\/schema.org","@graph":[{"@type":"WebPage","@id":"https:\/\/www.wheaton.com.br\/es\/esg\/medio-ambiente\/","url":"https:\/\/www.wheaton.com.br\/es\/esg\/medio-ambiente\/","name":"Medio ambiente - Wheaton","isPartOf":{"@id":"https:\/\/www.wheaton.com.br\/es\/#website"},"datePublished":"2023-06-02T01:06:43+00:00","dateModified":"2025-01-28T20:22:51+00:00","breadcrumb":{"@id":"https:\/\/www.wheaton.com.br\/es\/esg\/medio-ambiente\/#breadcrumb"},"inLanguage":"es","potentialAction":[{"@type":"ReadAction","target":["https:\/\/www.wheaton.com.br\/es\/esg\/medio-ambiente\/"]}]},{"@type":"BreadcrumbList","@id":"https:\/\/www.wheaton.com.br\/es\/esg\/medio-ambiente\/#breadcrumb","itemListElement":[{"@type":"ListItem","position":1,"name":"In\u00edcio","item":"https:\/\/www.wheaton.com.br\/es\/"},{"@type":"ListItem","position":2,"name":"ESG","item":"https:\/\/www.wheaton.com.br\/es\/esg\/"},{"@type":"ListItem","position":3,"name":"Medio ambiente"}]},{"@type":"WebSite","@id":"https:\/\/www.wheaton.com.br\/es\/#website","url":"https:\/\/www.wheaton.com.br\/es\/","name":"Wheaton","description":"Embalagens de vidro para perfumaria e utilidades dom\u00e9sticas","publisher":{"@id":"https:\/\/www.wheaton.com.br\/es\/#organization"},"potentialAction":[{"@type":"SearchAction","target":{"@type":"EntryPoint","urlTemplate":"https:\/\/www.wheaton.com.br\/es\/?s={search_term_string}"},"query-input":{"@type":"PropertyValueSpecification","valueRequired":true,"valueName":"search_term_string"}}],"inLanguage":"es"},{"@type":"Organization","@id":"https:\/\/www.wheaton.com.br\/es\/#organization","name":"Wheaton","url":"https:\/\/www.wheaton.com.br\/es\/","logo":{"@type":"ImageObject","inLanguage":"es","@id":"https:\/\/www.wheaton.com.br\/es\/#\/schema\/logo\/image\/","url":"http:\/\/wheaton.com.br\/wp-content\/uploads\/2021\/09\/logo_btn-1.png","contentUrl":"http:\/\/wheaton.com.br\/wp-content\/uploads\/2021\/09\/logo_btn-1.png","width":80,"height":64,"caption":"Wheaton"},"image":{"@id":"https:\/\/www.wheaton.com.br\/es\/#\/schema\/logo\/image\/"}}]}},"_links":{"self":[{"href":"https:\/\/www.wheaton.com.br\/es\/wp-json\/wp\/v2\/pages\/10708","targetHints":{"allow":["GET"]}}],"collection":[{"href":"https:\/\/www.wheaton.com.br\/es\/wp-json\/wp\/v2\/pages"}],"about":[{"href":"https:\/\/www.wheaton.com.br\/es\/wp-json\/wp\/v2\/types\/page"}],"author":[{"embeddable":true,"href":"https:\/\/www.wheaton.com.br\/es\/wp-json\/wp\/v2\/users\/1"}],"replies":[{"embeddable":true,"href":"https:\/\/www.wheaton.com.br\/es\/wp-json\/wp\/v2\/comments?post=10708"}],"version-history":[{"count":0,"href":"https:\/\/www.wheaton.com.br\/es\/wp-json\/wp\/v2\/pages\/10708\/revisions"}],"up":[{"embeddable":true,"href":"https:\/\/www.wheaton.com.br\/es\/wp-json\/wp\/v2\/pages\/10706"}],"wp:attachment":[{"href":"https:\/\/www.wheaton.com.br\/es\/wp-json\/wp\/v2\/media?parent=10708"}],"curies":[{"name":"wp","href":"https:\/\/api.w.org\/{rel}","templated":true}]}}