{"id":10704,"date":"2023-06-01T21:55:18","date_gmt":"2023-06-02T00:55:18","guid":{"rendered":"http:\/\/wheaton.com.br\/?page_id=10704"},"modified":"2025-01-28T18:21:15","modified_gmt":"2025-01-28T21:21:15","slug":"instalaciones","status":"publish","type":"page","link":"https:\/\/www.wheaton.com.br\/es\/grupo-wheaton\/instalaciones\/","title":{"rendered":"Instalaciones"},"content":{"rendered":"\n<p>La empresa actualmente opera cuatro hornos continuos con una capacidad de producci\u00f3n de 370 toneladas de vidrio por d\u00eda, utilizando tecnolog\u00eda avanzada para la fusi\u00f3n de vidrio con combusti\u00f3n de oxi-gas y biog\u00e1s, sistemas regenerativos y monitoreo computarizado. Dispone de 25 l\u00edneas de producci\u00f3n, que incluyen m\u00e1quinas I.S. en los procesos de soplado-soplado y prensado-soplado y en prensas rotativas en el proceso de prensado. Tambi\u00e9n cuenta con salas limpias, con aseguramiento de calidad para las l\u00edneas dedicadas a la industria farmac\u00e9utica, y salas climatizadas con presi\u00f3n positiva para la l\u00ednea de cosm\u00e9ticos. A continuaci\u00f3n se presenta la estructura completa de la producci\u00f3n de vidrio de Wheaton:<\/p>\n\n\n\n<p><strong><strong>PRODUCCI\u00d3N &#8211; \u00c1REA FR\u00cdA<\/strong><br><\/strong>7 M\u00e1quinas de inspecci\u00f3n visual con 18 c\u00e1maras (Iris Ultimate Neo)<br>11 M\u00e1quinas de inspecci\u00f3n visual con 12 c\u00e1maras (7 Iris Evolution 12 + 4 MCAL4)<br>14 M\u00e1quinas de inspecci\u00f3n de bordes por refracci\u00f3n de luz (5 Check Detector + 4 Argos + 4M + 4Mx4)<br>2 M\u00e1quinas de inspecci\u00f3n visual con 4 c\u00e1maras (Multi 4)<br>20 L\u00edneas de inspecci\u00f3n autom\u00e1tica<\/p>\n\n\n\n<p><strong><strong>PRODUCCI\u00d3N &#8211; \u00c1REA CALIENTE<\/strong><br><\/strong>12 M\u00e1quinas con acabado de <em>fire polishing<\/em>.<br>7 Sistemas de climatizaci\u00f3n (para la adecuaci\u00f3n del \u00e1rea de trabajo de los operadores)<br>7 M\u00e1quinas con<strong> <\/strong><em>color feeder<\/em><br>7 Sistemas de soplado progresivo (para mejorar la distribuci\u00f3n de la masa v\u00edtrea en el frasco)<br>5 Sistemas CTB (Control de Temperatura de la Preforma<br>1 M\u00e1quina para producci\u00f3n de muestras con <em>color feeder<\/em><br>19 M\u00e1quinas electr\u00f3nicas IS proceso 64<br><br>En modernas instalaciones con salas climatizadas, la unidad de Decoraci\u00f3n cuenta con m\u00e1s de 30 tecnolog\u00edas diferentes de decoraci\u00f3n de envases de vidrio, que incluyen:<br><br><strong>Aplicaci\u00f3n de accesorios<\/strong> \u2013 Aplicaci\u00f3n interna o tercerizada<br><strong>Aplicaci\u00f3n de calcoman\u00edas<\/strong> \u2013 1 l\u00ednea para producci\u00f3n y aplicaci\u00f3n, interna o tercerizada<br><strong>Esmerilado<\/strong> \u2013 2 l\u00edneas autom\u00e1ticas<br><strong>Hot stamping<\/strong> \u2013 9 m\u00e1quinas de hot stamping y 1 equipo CNC autom\u00e1tico<\/p>\n\n\n\n<p><strong>Transferencia de calor<\/strong> \u2013 1 l\u00ednea para la aplicaci\u00f3n de transferencia de calor<br><strong>L\u00e1ser<\/strong> \u2013 1 m\u00e1quina<br><strong>Metalizaci\u00f3n<\/strong> \u2013 1 l\u00ednea de metalizaci\u00f3n con 3 metalizadoras<br><strong>Tampograf\u00eda<\/strong> \u2013 1 l\u00ednea autom\u00e1tica y 5 l\u00edneas semi-autom\u00e1ticas<br><strong>Pintura inorg\u00e1nica<\/strong> \u2013 2 l\u00edneas semiautom\u00e1ticas de pintura<br><strong>Pintura org\u00e1nica<\/strong> \u2013 9 l\u00edneas continuas de pintura, 1 l\u00ednea de configuraci\u00f3n, tinta a base de agua, curado por infrarrojo y convecci\u00f3n, y 1 m\u00e1quina para color interno<br><strong>Etiquetado<\/strong> \u2013 2 l\u00edneas de etiquetado para frascos cil\u00edndricos y 1 l\u00ednea de etiquetado para frascos planos<br><strong>Serigraf\u00eda<\/strong> \u2013 8 m\u00e1quinas autom\u00e1ticas CNC, 4 m\u00e1quinas mec\u00e1nicas autom\u00e1ticas, 1 m\u00e1quina mec\u00e1nica semi-autom\u00e1tica y 20 m\u00e1quinas manuales<\/p>\n\n\n\n<p>Wheaton valora la excelencia en el servicio al cliente, empleando tecnolog\u00eda avanzada y un dise\u00f1o diferenciado. La capacidad de producci\u00f3n de vidrio, decoraci\u00f3n y fabricaci\u00f3n de moldes y equipos en el parque industrial de S\u00e3o Bernardo do Campo permite a la empresa ofrecer soluciones completas e innovadoras en envases de vidrio, con un tiempo de respuesta reducido a las necesidades de sus clientes y del mercado.<\/p>\n","protected":false},"excerpt":{"rendered":"<p>La empresa actualmente opera cuatro hornos continuos con una capacidad de producci\u00f3n de 370 toneladas[&#8230;]<\/p>\n","protected":false},"author":1,"featured_media":0,"parent":10244,"menu_order":61,"comment_status":"closed","ping_status":"closed","template":"","meta":{"_acf_changed":false,"inline_featured_image":false,"footnotes":""},"class_list":["post-10704","page","type-page","status-publish","hentry"],"acf":[],"yoast_head":"<!-- This site is optimized with the Yoast SEO plugin v27.6 - https:\/\/yoast.com\/product\/yoast-seo-wordpress\/ -->\n<title>Instalaciones - Wheaton<\/title>\n<meta name=\"robots\" content=\"index, follow, max-snippet:-1, max-image-preview:large, max-video-preview:-1\" \/>\n<link rel=\"canonical\" href=\"https:\/\/www.wheaton.com.br\/es\/grupo-wheaton\/instalaciones\/\" \/>\n<meta property=\"og:locale\" content=\"es_ES\" \/>\n<meta property=\"og:type\" content=\"article\" \/>\n<meta property=\"og:title\" content=\"Instalaciones - Wheaton\" \/>\n<meta property=\"og:description\" content=\"La empresa actualmente opera cuatro hornos continuos con una capacidad de producci\u00f3n de 370 toneladas[...]\" \/>\n<meta property=\"og:url\" content=\"https:\/\/www.wheaton.com.br\/es\/grupo-wheaton\/instalaciones\/\" \/>\n<meta property=\"og:site_name\" content=\"Wheaton\" \/>\n<meta property=\"article:modified_time\" content=\"2025-01-28T21:21:15+00:00\" \/>\n<meta name=\"twitter:card\" content=\"summary_large_image\" \/>\n<meta name=\"twitter:label1\" content=\"Tiempo de lectura\" \/>\n\t<meta name=\"twitter:data1\" content=\"3 minutos\" \/>\n<script type=\"application\/ld+json\" class=\"yoast-schema-graph\">{\"@context\":\"https:\\\/\\\/schema.org\",\"@graph\":[{\"@type\":\"WebPage\",\"@id\":\"https:\\\/\\\/www.wheaton.com.br\\\/es\\\/grupo-wheaton\\\/instalaciones\\\/\",\"url\":\"https:\\\/\\\/www.wheaton.com.br\\\/es\\\/grupo-wheaton\\\/instalaciones\\\/\",\"name\":\"Instalaciones - Wheaton\",\"isPartOf\":{\"@id\":\"https:\\\/\\\/www.wheaton.com.br\\\/es\\\/#website\"},\"datePublished\":\"2023-06-02T00:55:18+00:00\",\"dateModified\":\"2025-01-28T21:21:15+00:00\",\"breadcrumb\":{\"@id\":\"https:\\\/\\\/www.wheaton.com.br\\\/es\\\/grupo-wheaton\\\/instalaciones\\\/#breadcrumb\"},\"inLanguage\":\"es\",\"potentialAction\":[{\"@type\":\"ReadAction\",\"target\":[\"https:\\\/\\\/www.wheaton.com.br\\\/es\\\/grupo-wheaton\\\/instalaciones\\\/\"]}]},{\"@type\":\"BreadcrumbList\",\"@id\":\"https:\\\/\\\/www.wheaton.com.br\\\/es\\\/grupo-wheaton\\\/instalaciones\\\/#breadcrumb\",\"itemListElement\":[{\"@type\":\"ListItem\",\"position\":1,\"name\":\"In\u00edcio\",\"item\":\"https:\\\/\\\/www.wheaton.com.br\\\/es\\\/\"},{\"@type\":\"ListItem\",\"position\":2,\"name\":\"Grupo Wheaton\",\"item\":\"https:\\\/\\\/www.wheaton.com.br\\\/es\\\/grupo-wheaton\\\/\"},{\"@type\":\"ListItem\",\"position\":3,\"name\":\"Instalaciones\"}]},{\"@type\":\"WebSite\",\"@id\":\"https:\\\/\\\/www.wheaton.com.br\\\/es\\\/#website\",\"url\":\"https:\\\/\\\/www.wheaton.com.br\\\/es\\\/\",\"name\":\"Wheaton\",\"description\":\"Embalagens de vidro para perfumaria e utilidades dom\u00e9sticas\",\"publisher\":{\"@id\":\"https:\\\/\\\/www.wheaton.com.br\\\/es\\\/#organization\"},\"potentialAction\":[{\"@type\":\"SearchAction\",\"target\":{\"@type\":\"EntryPoint\",\"urlTemplate\":\"https:\\\/\\\/www.wheaton.com.br\\\/es\\\/?s={search_term_string}\"},\"query-input\":{\"@type\":\"PropertyValueSpecification\",\"valueRequired\":true,\"valueName\":\"search_term_string\"}}],\"inLanguage\":\"es\"},{\"@type\":\"Organization\",\"@id\":\"https:\\\/\\\/www.wheaton.com.br\\\/es\\\/#organization\",\"name\":\"Wheaton\",\"url\":\"https:\\\/\\\/www.wheaton.com.br\\\/es\\\/\",\"logo\":{\"@type\":\"ImageObject\",\"inLanguage\":\"es\",\"@id\":\"https:\\\/\\\/www.wheaton.com.br\\\/es\\\/#\\\/schema\\\/logo\\\/image\\\/\",\"url\":\"http:\\\/\\\/wheaton.com.br\\\/wp-content\\\/uploads\\\/2021\\\/09\\\/logo_btn-1.png\",\"contentUrl\":\"http:\\\/\\\/wheaton.com.br\\\/wp-content\\\/uploads\\\/2021\\\/09\\\/logo_btn-1.png\",\"width\":80,\"height\":64,\"caption\":\"Wheaton\"},\"image\":{\"@id\":\"https:\\\/\\\/www.wheaton.com.br\\\/es\\\/#\\\/schema\\\/logo\\\/image\\\/\"}}]}<\/script>\n<!-- \/ Yoast SEO plugin. -->","yoast_head_json":{"title":"Instalaciones - Wheaton","robots":{"index":"index","follow":"follow","max-snippet":"max-snippet:-1","max-image-preview":"max-image-preview:large","max-video-preview":"max-video-preview:-1"},"canonical":"https:\/\/www.wheaton.com.br\/es\/grupo-wheaton\/instalaciones\/","og_locale":"es_ES","og_type":"article","og_title":"Instalaciones - Wheaton","og_description":"La empresa actualmente opera cuatro hornos continuos con una capacidad de producci\u00f3n de 370 toneladas[...]","og_url":"https:\/\/www.wheaton.com.br\/es\/grupo-wheaton\/instalaciones\/","og_site_name":"Wheaton","article_modified_time":"2025-01-28T21:21:15+00:00","twitter_card":"summary_large_image","twitter_misc":{"Tiempo de lectura":"3 minutos"},"schema":{"@context":"https:\/\/schema.org","@graph":[{"@type":"WebPage","@id":"https:\/\/www.wheaton.com.br\/es\/grupo-wheaton\/instalaciones\/","url":"https:\/\/www.wheaton.com.br\/es\/grupo-wheaton\/instalaciones\/","name":"Instalaciones - Wheaton","isPartOf":{"@id":"https:\/\/www.wheaton.com.br\/es\/#website"},"datePublished":"2023-06-02T00:55:18+00:00","dateModified":"2025-01-28T21:21:15+00:00","breadcrumb":{"@id":"https:\/\/www.wheaton.com.br\/es\/grupo-wheaton\/instalaciones\/#breadcrumb"},"inLanguage":"es","potentialAction":[{"@type":"ReadAction","target":["https:\/\/www.wheaton.com.br\/es\/grupo-wheaton\/instalaciones\/"]}]},{"@type":"BreadcrumbList","@id":"https:\/\/www.wheaton.com.br\/es\/grupo-wheaton\/instalaciones\/#breadcrumb","itemListElement":[{"@type":"ListItem","position":1,"name":"In\u00edcio","item":"https:\/\/www.wheaton.com.br\/es\/"},{"@type":"ListItem","position":2,"name":"Grupo Wheaton","item":"https:\/\/www.wheaton.com.br\/es\/grupo-wheaton\/"},{"@type":"ListItem","position":3,"name":"Instalaciones"}]},{"@type":"WebSite","@id":"https:\/\/www.wheaton.com.br\/es\/#website","url":"https:\/\/www.wheaton.com.br\/es\/","name":"Wheaton","description":"Embalagens de vidro para perfumaria e utilidades dom\u00e9sticas","publisher":{"@id":"https:\/\/www.wheaton.com.br\/es\/#organization"},"potentialAction":[{"@type":"SearchAction","target":{"@type":"EntryPoint","urlTemplate":"https:\/\/www.wheaton.com.br\/es\/?s={search_term_string}"},"query-input":{"@type":"PropertyValueSpecification","valueRequired":true,"valueName":"search_term_string"}}],"inLanguage":"es"},{"@type":"Organization","@id":"https:\/\/www.wheaton.com.br\/es\/#organization","name":"Wheaton","url":"https:\/\/www.wheaton.com.br\/es\/","logo":{"@type":"ImageObject","inLanguage":"es","@id":"https:\/\/www.wheaton.com.br\/es\/#\/schema\/logo\/image\/","url":"http:\/\/wheaton.com.br\/wp-content\/uploads\/2021\/09\/logo_btn-1.png","contentUrl":"http:\/\/wheaton.com.br\/wp-content\/uploads\/2021\/09\/logo_btn-1.png","width":80,"height":64,"caption":"Wheaton"},"image":{"@id":"https:\/\/www.wheaton.com.br\/es\/#\/schema\/logo\/image\/"}}]}},"_links":{"self":[{"href":"https:\/\/www.wheaton.com.br\/es\/wp-json\/wp\/v2\/pages\/10704","targetHints":{"allow":["GET"]}}],"collection":[{"href":"https:\/\/www.wheaton.com.br\/es\/wp-json\/wp\/v2\/pages"}],"about":[{"href":"https:\/\/www.wheaton.com.br\/es\/wp-json\/wp\/v2\/types\/page"}],"author":[{"embeddable":true,"href":"https:\/\/www.wheaton.com.br\/es\/wp-json\/wp\/v2\/users\/1"}],"replies":[{"embeddable":true,"href":"https:\/\/www.wheaton.com.br\/es\/wp-json\/wp\/v2\/comments?post=10704"}],"version-history":[{"count":0,"href":"https:\/\/www.wheaton.com.br\/es\/wp-json\/wp\/v2\/pages\/10704\/revisions"}],"up":[{"embeddable":true,"href":"https:\/\/www.wheaton.com.br\/es\/wp-json\/wp\/v2\/pages\/10244"}],"wp:attachment":[{"href":"https:\/\/www.wheaton.com.br\/es\/wp-json\/wp\/v2\/media?parent=10704"}],"curies":[{"name":"wp","href":"https:\/\/api.w.org\/{rel}","templated":true}]}}