{"id":10479,"date":"2021-11-23T15:23:17","date_gmt":"2021-11-23T18:23:17","guid":{"rendered":"http:\/\/wheaton.com.br\/contacto\/loja-de-fabrica-wheaton\/"},"modified":"2023-06-02T20:08:38","modified_gmt":"2023-06-02T23:08:38","slug":"tienda-de-la-fabrica-wheaton","status":"publish","type":"page","link":"https:\/\/www.wheaton.com.br\/es\/contacto\/tienda-de-la-fabrica-wheaton\/","title":{"rendered":"Tienda de la f\u00e1brica Wheaton"},"content":{"rendered":"\n<h4 class=\"wp-block-heading\">Tienda de la f\u00e1brica Wheaton\u2013 Art\u00edculos para el hogar en vidrio<\/h4>\n\n\n\n<p>Av. \u00c1lvaro Guimar\u00e3es, 2502<br>S\u00e3o Bernardo do Campo &#8211; SP \u2013 Brasil<br>CEP: 09810\u2013010<br>Tel\u00e9fono:\u00a055 11 4355\u20131800 Fax: 55 11 4355\u20131899<\/p>\n\n\n\n<div class=\"wp-block-columns is-layout-flex wp-container-core-columns-is-layout-9d6595d7 wp-block-columns-is-layout-flex\">\n<div class=\"wp-block-column is-layout-flow wp-block-column-is-layout-flow\">\n<p><strong>Contactos:<\/strong><br><a href=\"mailto:nossalojinha@wheaton.com.br\">nossalojinha@wheaton.com.br<\/a><br><strong>Tel\u00e9fono:\u00a0<\/strong>(11) 4355-1990 \/ 4355-1117<\/p>\n\n\n<div class=\"wp-block-image\">\n<figure class=\"alignleft\"><a href=\"https:\/\/api.whatsapp.com\/send?phone=5511941151270\" target=\"_blank\" rel=\"noreferrer noopener\"><img decoding=\"async\" src=\"https:\/\/cdn.wheaton.com.br\/wp-content\/uploads\/2011\/12\/whatsapp2.jpg\" alt=\"\" class=\"wp-image-11101\"\/><\/a><\/figure>\n<\/div>\n\n\n<p><\/p>\n\n\n\n<p><a href=\"https:\/\/api.whatsapp.com\/send?phone=5511941151270\" target=\"_blank\" rel=\"noreferrer noopener\">(11)&nbsp;94115-1270<\/a><\/p>\n\n\n\n<p><\/p>\n\n\n\n<p><strong>Horas de oficina:<\/strong><br>Lunes a Viernes, 10:00 am a 4:30 pm<br>Cons\u00faltenos por el horario de atenci\u00f3n los s\u00e1bados<\/p>\n<\/div>\n\n\n\n<div class=\"wp-block-column is-layout-flow wp-block-column-is-layout-flow\">\n<p><strong>Direcci\u00f3n:<\/strong><br>Avenida \u00c1lvaro Guimar\u00e3es, 2.502<br>Bairro Assun\u00e7\u00e3o \u2013 S\u00e3o Bernardo do Campo<\/p>\n<\/div>\n<\/div>\n","protected":false},"excerpt":{"rendered":"<p>Tienda de la f\u00e1brica Wheaton\u2013 Art\u00edculos para el hogar en vidrio Av. \u00c1lvaro Guimar\u00e3es, 2502S\u00e3o[&#8230;]<\/p>\n","protected":false},"author":4,"featured_media":0,"parent":10470,"menu_order":32,"comment_status":"closed","ping_status":"closed","template":"","meta":{"_acf_changed":false,"inline_featured_image":false,"footnotes":""},"class_list":["post-10479","page","type-page","status-publish","hentry"],"acf":[],"yoast_head":"<!-- This site is optimized with the Yoast SEO plugin v27.4 - https:\/\/yoast.com\/product\/yoast-seo-wordpress\/ -->\n<title>Tienda de la f\u00e1brica Wheaton - Wheaton<\/title>\n<meta name=\"robots\" content=\"index, follow, max-snippet:-1, max-image-preview:large, max-video-preview:-1\" \/>\n<link rel=\"canonical\" href=\"https:\/\/www.wheaton.com.br\/es\/contacto\/tienda-de-la-fabrica-wheaton\/\" \/>\n<meta property=\"og:locale\" content=\"es_ES\" \/>\n<meta property=\"og:type\" content=\"article\" \/>\n<meta property=\"og:title\" content=\"Tienda de la f\u00e1brica Wheaton - Wheaton\" \/>\n<meta property=\"og:description\" content=\"Tienda de la f\u00e1brica Wheaton\u2013 Art\u00edculos para el hogar en vidrio Av. \u00c1lvaro Guimar\u00e3es, 2502S\u00e3o[...]\" \/>\n<meta property=\"og:url\" content=\"https:\/\/www.wheaton.com.br\/es\/contacto\/tienda-de-la-fabrica-wheaton\/\" \/>\n<meta property=\"og:site_name\" content=\"Wheaton\" \/>\n<meta property=\"article:modified_time\" content=\"2023-06-02T23:08:38+00:00\" \/>\n<meta property=\"og:image\" content=\"https:\/\/cdn.wheaton.com.br\/wp-content\/uploads\/2011\/12\/whatsapp2.jpg\" \/>\n<meta name=\"twitter:card\" content=\"summary_large_image\" \/>\n<script type=\"application\/ld+json\" class=\"yoast-schema-graph\">{\"@context\":\"https:\\\/\\\/schema.org\",\"@graph\":[{\"@type\":\"WebPage\",\"@id\":\"https:\\\/\\\/www.wheaton.com.br\\\/es\\\/contacto\\\/tienda-de-la-fabrica-wheaton\\\/\",\"url\":\"https:\\\/\\\/www.wheaton.com.br\\\/es\\\/contacto\\\/tienda-de-la-fabrica-wheaton\\\/\",\"name\":\"Tienda de la f\u00e1brica Wheaton - Wheaton\",\"isPartOf\":{\"@id\":\"https:\\\/\\\/www.wheaton.com.br\\\/es\\\/#website\"},\"primaryImageOfPage\":{\"@id\":\"https:\\\/\\\/www.wheaton.com.br\\\/es\\\/contacto\\\/tienda-de-la-fabrica-wheaton\\\/#primaryimage\"},\"image\":{\"@id\":\"https:\\\/\\\/www.wheaton.com.br\\\/es\\\/contacto\\\/tienda-de-la-fabrica-wheaton\\\/#primaryimage\"},\"thumbnailUrl\":\"https:\\\/\\\/cdn.wheaton.com.br\\\/wp-content\\\/uploads\\\/2011\\\/12\\\/whatsapp2.jpg\",\"datePublished\":\"2021-11-23T18:23:17+00:00\",\"dateModified\":\"2023-06-02T23:08:38+00:00\",\"breadcrumb\":{\"@id\":\"https:\\\/\\\/www.wheaton.com.br\\\/es\\\/contacto\\\/tienda-de-la-fabrica-wheaton\\\/#breadcrumb\"},\"inLanguage\":\"es\",\"potentialAction\":[{\"@type\":\"ReadAction\",\"target\":[\"https:\\\/\\\/www.wheaton.com.br\\\/es\\\/contacto\\\/tienda-de-la-fabrica-wheaton\\\/\"]}]},{\"@type\":\"ImageObject\",\"inLanguage\":\"es\",\"@id\":\"https:\\\/\\\/www.wheaton.com.br\\\/es\\\/contacto\\\/tienda-de-la-fabrica-wheaton\\\/#primaryimage\",\"url\":\"https:\\\/\\\/cdn.wheaton.com.br\\\/wp-content\\\/uploads\\\/2011\\\/12\\\/whatsapp2.jpg\",\"contentUrl\":\"https:\\\/\\\/cdn.wheaton.com.br\\\/wp-content\\\/uploads\\\/2011\\\/12\\\/whatsapp2.jpg\"},{\"@type\":\"BreadcrumbList\",\"@id\":\"https:\\\/\\\/www.wheaton.com.br\\\/es\\\/contacto\\\/tienda-de-la-fabrica-wheaton\\\/#breadcrumb\",\"itemListElement\":[{\"@type\":\"ListItem\",\"position\":1,\"name\":\"In\u00edcio\",\"item\":\"https:\\\/\\\/www.wheaton.com.br\\\/es\\\/\"},{\"@type\":\"ListItem\",\"position\":2,\"name\":\"Contacto\",\"item\":\"https:\\\/\\\/www.wheaton.com.br\\\/es\\\/contacto\\\/\"},{\"@type\":\"ListItem\",\"position\":3,\"name\":\"Tienda de la f\u00e1brica Wheaton\"}]},{\"@type\":\"WebSite\",\"@id\":\"https:\\\/\\\/www.wheaton.com.br\\\/es\\\/#website\",\"url\":\"https:\\\/\\\/www.wheaton.com.br\\\/es\\\/\",\"name\":\"Wheaton\",\"description\":\"Embalagens de vidro para perfumaria e utilidades dom\u00e9sticas\",\"publisher\":{\"@id\":\"https:\\\/\\\/www.wheaton.com.br\\\/es\\\/#organization\"},\"potentialAction\":[{\"@type\":\"SearchAction\",\"target\":{\"@type\":\"EntryPoint\",\"urlTemplate\":\"https:\\\/\\\/www.wheaton.com.br\\\/es\\\/?s={search_term_string}\"},\"query-input\":{\"@type\":\"PropertyValueSpecification\",\"valueRequired\":true,\"valueName\":\"search_term_string\"}}],\"inLanguage\":\"es\"},{\"@type\":\"Organization\",\"@id\":\"https:\\\/\\\/www.wheaton.com.br\\\/es\\\/#organization\",\"name\":\"Wheaton\",\"url\":\"https:\\\/\\\/www.wheaton.com.br\\\/es\\\/\",\"logo\":{\"@type\":\"ImageObject\",\"inLanguage\":\"es\",\"@id\":\"https:\\\/\\\/www.wheaton.com.br\\\/es\\\/#\\\/schema\\\/logo\\\/image\\\/\",\"url\":\"http:\\\/\\\/wheaton.com.br\\\/wp-content\\\/uploads\\\/2021\\\/09\\\/logo_btn-1.png\",\"contentUrl\":\"http:\\\/\\\/wheaton.com.br\\\/wp-content\\\/uploads\\\/2021\\\/09\\\/logo_btn-1.png\",\"width\":80,\"height\":64,\"caption\":\"Wheaton\"},\"image\":{\"@id\":\"https:\\\/\\\/www.wheaton.com.br\\\/es\\\/#\\\/schema\\\/logo\\\/image\\\/\"}}]}<\/script>\n<!-- \/ Yoast SEO plugin. -->","yoast_head_json":{"title":"Tienda de la f\u00e1brica Wheaton - Wheaton","robots":{"index":"index","follow":"follow","max-snippet":"max-snippet:-1","max-image-preview":"max-image-preview:large","max-video-preview":"max-video-preview:-1"},"canonical":"https:\/\/www.wheaton.com.br\/es\/contacto\/tienda-de-la-fabrica-wheaton\/","og_locale":"es_ES","og_type":"article","og_title":"Tienda de la f\u00e1brica Wheaton - Wheaton","og_description":"Tienda de la f\u00e1brica Wheaton\u2013 Art\u00edculos para el hogar en vidrio Av. \u00c1lvaro Guimar\u00e3es, 2502S\u00e3o[...]","og_url":"https:\/\/www.wheaton.com.br\/es\/contacto\/tienda-de-la-fabrica-wheaton\/","og_site_name":"Wheaton","article_modified_time":"2023-06-02T23:08:38+00:00","og_image":[{"url":"https:\/\/cdn.wheaton.com.br\/wp-content\/uploads\/2011\/12\/whatsapp2.jpg","type":"","width":"","height":""}],"twitter_card":"summary_large_image","schema":{"@context":"https:\/\/schema.org","@graph":[{"@type":"WebPage","@id":"https:\/\/www.wheaton.com.br\/es\/contacto\/tienda-de-la-fabrica-wheaton\/","url":"https:\/\/www.wheaton.com.br\/es\/contacto\/tienda-de-la-fabrica-wheaton\/","name":"Tienda de la f\u00e1brica Wheaton - Wheaton","isPartOf":{"@id":"https:\/\/www.wheaton.com.br\/es\/#website"},"primaryImageOfPage":{"@id":"https:\/\/www.wheaton.com.br\/es\/contacto\/tienda-de-la-fabrica-wheaton\/#primaryimage"},"image":{"@id":"https:\/\/www.wheaton.com.br\/es\/contacto\/tienda-de-la-fabrica-wheaton\/#primaryimage"},"thumbnailUrl":"https:\/\/cdn.wheaton.com.br\/wp-content\/uploads\/2011\/12\/whatsapp2.jpg","datePublished":"2021-11-23T18:23:17+00:00","dateModified":"2023-06-02T23:08:38+00:00","breadcrumb":{"@id":"https:\/\/www.wheaton.com.br\/es\/contacto\/tienda-de-la-fabrica-wheaton\/#breadcrumb"},"inLanguage":"es","potentialAction":[{"@type":"ReadAction","target":["https:\/\/www.wheaton.com.br\/es\/contacto\/tienda-de-la-fabrica-wheaton\/"]}]},{"@type":"ImageObject","inLanguage":"es","@id":"https:\/\/www.wheaton.com.br\/es\/contacto\/tienda-de-la-fabrica-wheaton\/#primaryimage","url":"https:\/\/cdn.wheaton.com.br\/wp-content\/uploads\/2011\/12\/whatsapp2.jpg","contentUrl":"https:\/\/cdn.wheaton.com.br\/wp-content\/uploads\/2011\/12\/whatsapp2.jpg"},{"@type":"BreadcrumbList","@id":"https:\/\/www.wheaton.com.br\/es\/contacto\/tienda-de-la-fabrica-wheaton\/#breadcrumb","itemListElement":[{"@type":"ListItem","position":1,"name":"In\u00edcio","item":"https:\/\/www.wheaton.com.br\/es\/"},{"@type":"ListItem","position":2,"name":"Contacto","item":"https:\/\/www.wheaton.com.br\/es\/contacto\/"},{"@type":"ListItem","position":3,"name":"Tienda de la f\u00e1brica Wheaton"}]},{"@type":"WebSite","@id":"https:\/\/www.wheaton.com.br\/es\/#website","url":"https:\/\/www.wheaton.com.br\/es\/","name":"Wheaton","description":"Embalagens de vidro para perfumaria e utilidades dom\u00e9sticas","publisher":{"@id":"https:\/\/www.wheaton.com.br\/es\/#organization"},"potentialAction":[{"@type":"SearchAction","target":{"@type":"EntryPoint","urlTemplate":"https:\/\/www.wheaton.com.br\/es\/?s={search_term_string}"},"query-input":{"@type":"PropertyValueSpecification","valueRequired":true,"valueName":"search_term_string"}}],"inLanguage":"es"},{"@type":"Organization","@id":"https:\/\/www.wheaton.com.br\/es\/#organization","name":"Wheaton","url":"https:\/\/www.wheaton.com.br\/es\/","logo":{"@type":"ImageObject","inLanguage":"es","@id":"https:\/\/www.wheaton.com.br\/es\/#\/schema\/logo\/image\/","url":"http:\/\/wheaton.com.br\/wp-content\/uploads\/2021\/09\/logo_btn-1.png","contentUrl":"http:\/\/wheaton.com.br\/wp-content\/uploads\/2021\/09\/logo_btn-1.png","width":80,"height":64,"caption":"Wheaton"},"image":{"@id":"https:\/\/www.wheaton.com.br\/es\/#\/schema\/logo\/image\/"}}]}},"_links":{"self":[{"href":"https:\/\/www.wheaton.com.br\/es\/wp-json\/wp\/v2\/pages\/10479","targetHints":{"allow":["GET"]}}],"collection":[{"href":"https:\/\/www.wheaton.com.br\/es\/wp-json\/wp\/v2\/pages"}],"about":[{"href":"https:\/\/www.wheaton.com.br\/es\/wp-json\/wp\/v2\/types\/page"}],"author":[{"embeddable":true,"href":"https:\/\/www.wheaton.com.br\/es\/wp-json\/wp\/v2\/users\/4"}],"replies":[{"embeddable":true,"href":"https:\/\/www.wheaton.com.br\/es\/wp-json\/wp\/v2\/comments?post=10479"}],"version-history":[{"count":0,"href":"https:\/\/www.wheaton.com.br\/es\/wp-json\/wp\/v2\/pages\/10479\/revisions"}],"up":[{"embeddable":true,"href":"https:\/\/www.wheaton.com.br\/es\/wp-json\/wp\/v2\/pages\/10470"}],"wp:attachment":[{"href":"https:\/\/www.wheaton.com.br\/es\/wp-json\/wp\/v2\/media?parent=10479"}],"curies":[{"name":"wp","href":"https:\/\/api.w.org\/{rel}","templated":true}]}}