{"id":10243,"date":"2023-05-11T18:44:50","date_gmt":"2023-05-11T21:44:50","guid":{"rendered":"http:\/\/wheaton.com.br\/?page_id=10243"},"modified":"2025-03-05T08:53:27","modified_gmt":"2025-03-05T11:53:27","slug":"sobre-wheaton","status":"publish","type":"page","link":"https:\/\/www.wheaton.com.br\/es\/grupo-wheaton\/sobre-wheaton\/","title":{"rendered":"Sobre Wheaton"},"content":{"rendered":"\n<p>Wheaton es el l\u00edder nacional en la provisi\u00f3n de envases de vidrio para los segmentos de Perfumer\u00eda, Cosm\u00e9ticos y Farmac\u00e9utico, y una de las cinco instalaciones m\u00e1s grandes especializadas en estos segmentos a nivel mundial, demostrando estar siempre a la vanguardia innovando en conceptos, tecnolog\u00eda, atenci\u00f3n al cliente y dise\u00f1o.<br>Actualmente, adem\u00e1s de Wheaton, responsable de la producci\u00f3n y decoraci\u00f3n de envases y art\u00edculos de vidrio para el hogar, el Grupo Wheaton Brasil est\u00e1 compuesto por las siguientes empresas:<\/p>\n\n\n\n<ul class=\"wp-block-list\">\n<li><strong>Viton<\/strong>, fabricante de maquinaria y equipos para industrias del vidrio;<\/li>\n\n\n\n<li><strong>Decor<\/strong>, unidad propia para la decoraci\u00f3n de frascos&nbsp; y utensilios de vidrio;<\/li>\n\n\n\n<li><strong>Extar<\/strong>, empresa dedicada al comercio y representaci\u00f3n de productos de vidrio;<\/li>\n\n\n\n<li><strong>Farmacap<\/strong>, fabricante de soluciones de cierre y accesorios de goma y aluminio para las industrias farmac\u00e9utica, veterinaria y afines.<\/li>\n<\/ul>\n\n\n\n<p>Adem\u00e1s del mercado nacional, Wheaton tambi\u00e9n tiene presencia en el mercado internacional, exportando a varios pa\u00edses. Entre sus principales clientes se encuentran empresas prestigiosas como Avon, Natura, O Botic\u00e1rio, Hinode, Jequiti, Yanbal, Eurofarma, EMS, Uni\u00e3o Qu\u00edmica, Novafarma, Ache, Casa de Madeira, Predilecta, Sakura, Grupo P\u00e3o de A\u00e7\u00facar, Lojas Americanas, etc.<\/p>\n\n\n\n<h2 class=\"wp-block-heading\">Historia<\/h2>\n\n\n\n<p>La historia del Grupo Wheaton Brasil comienza en 1888 con la fundaci\u00f3n de la empresa T. C. Wheaton en la ciudad de Millville, estado de Nueva Jersey, en Estados Unidos.<\/p>\n\n\n\n<p>En 1952, Wheaton fue fundada en S\u00e3o Paulo y fue pionera al lanzar, en 1953, el primer frasco de penicilina fabricado en una m\u00e1quina I.S. de 4 secciones y doble gota. En el mismo a\u00f1o, Wheaton comienza a fabricar frascos que tambi\u00e9n abastecen a las industrias de perfumer\u00eda y cosm\u00e9ticos, adem\u00e1s del sector farmac\u00e9utico.<br><br>En la d\u00e9cada de los 70, la producci\u00f3n de frascos experiment\u00f3 un gran impulso. Se ampliaron considerablemente sus instalaciones, alcanzando una capacidad diaria de 200 toneladas\/d\u00eda, utilizando m\u00e1quinas de cu\u00e1druple gota y produciendo vidrio en los colores como opalino, azul cobalto, co\u00f1ac y verde.<br><br>En noviembre de 1976, Wheaton produce el primer vaso prensado, marcando la creaci\u00f3n de la divisi\u00f3n de \u201cArt\u00edculos para el Hogar\u201d. En los a\u00f1os 80, con la reconstrucci\u00f3n y modernizaci\u00f3n de sus hornos, se ampl\u00eda el parque industrial para atender&nbsp; al crecimiento de esta l\u00ednea y del mercado de perfumer\u00eda y cosm\u00e9ticos.<br><br>En los a\u00f1os 90, Wheaton introduce las primeras m\u00e1quinas con control electr\u00f3nico, embalaje paletizado y termoencogido, horno de fusi\u00f3n con combusti\u00f3n a oxi-gas y monitoreo computarizado, adem\u00e1s de la producci\u00f3n de vidrio de colores mediante el sistema <em>color feeder<\/em>. Al final de la d\u00e9cada, la unidad administrativa de S\u00e3o Paulo se traslada al parque industrial de S\u00e3o Bernardo do Campo.<br><\/p>\n\n\n\n<h2 class=\"wp-block-heading\"><strong>Cronolog\u00eda<\/strong><\/h2>\n","protected":false},"excerpt":{"rendered":"<p>Wheaton es el l\u00edder nacional en la provisi\u00f3n de envases de vidrio para los segmentos[&#8230;]<\/p>\n","protected":false},"author":1,"featured_media":0,"parent":10244,"menu_order":50,"comment_status":"closed","ping_status":"closed","template":"","meta":{"_acf_changed":false,"inline_featured_image":false,"footnotes":""},"class_list":["post-10243","page","type-page","status-publish","hentry"],"acf":[],"yoast_head":"<!-- This site is optimized with the Yoast SEO plugin v27.4 - https:\/\/yoast.com\/product\/yoast-seo-wordpress\/ -->\n<title>Sobre Wheaton - Wheaton<\/title>\n<meta name=\"robots\" content=\"index, follow, max-snippet:-1, max-image-preview:large, max-video-preview:-1\" \/>\n<link rel=\"canonical\" href=\"https:\/\/www.wheaton.com.br\/es\/grupo-wheaton\/sobre-wheaton\/\" \/>\n<meta property=\"og:locale\" content=\"es_ES\" \/>\n<meta property=\"og:type\" content=\"article\" \/>\n<meta property=\"og:title\" content=\"Sobre Wheaton - Wheaton\" \/>\n<meta property=\"og:description\" content=\"Wheaton es el l\u00edder nacional en la provisi\u00f3n de envases de vidrio para los segmentos[...]\" \/>\n<meta property=\"og:url\" content=\"https:\/\/www.wheaton.com.br\/es\/grupo-wheaton\/sobre-wheaton\/\" \/>\n<meta property=\"og:site_name\" content=\"Wheaton\" \/>\n<meta property=\"article:modified_time\" content=\"2025-03-05T11:53:27+00:00\" \/>\n<meta name=\"twitter:card\" content=\"summary_large_image\" \/>\n<meta name=\"twitter:label1\" content=\"Tiempo de lectura\" \/>\n\t<meta name=\"twitter:data1\" content=\"3 minutos\" \/>\n<script type=\"application\/ld+json\" class=\"yoast-schema-graph\">{\"@context\":\"https:\\\/\\\/schema.org\",\"@graph\":[{\"@type\":\"WebPage\",\"@id\":\"https:\\\/\\\/www.wheaton.com.br\\\/es\\\/grupo-wheaton\\\/sobre-wheaton\\\/\",\"url\":\"https:\\\/\\\/www.wheaton.com.br\\\/es\\\/grupo-wheaton\\\/sobre-wheaton\\\/\",\"name\":\"Sobre Wheaton - Wheaton\",\"isPartOf\":{\"@id\":\"https:\\\/\\\/www.wheaton.com.br\\\/es\\\/#website\"},\"datePublished\":\"2023-05-11T21:44:50+00:00\",\"dateModified\":\"2025-03-05T11:53:27+00:00\",\"breadcrumb\":{\"@id\":\"https:\\\/\\\/www.wheaton.com.br\\\/es\\\/grupo-wheaton\\\/sobre-wheaton\\\/#breadcrumb\"},\"inLanguage\":\"es\",\"potentialAction\":[{\"@type\":\"ReadAction\",\"target\":[\"https:\\\/\\\/www.wheaton.com.br\\\/es\\\/grupo-wheaton\\\/sobre-wheaton\\\/\"]}]},{\"@type\":\"BreadcrumbList\",\"@id\":\"https:\\\/\\\/www.wheaton.com.br\\\/es\\\/grupo-wheaton\\\/sobre-wheaton\\\/#breadcrumb\",\"itemListElement\":[{\"@type\":\"ListItem\",\"position\":1,\"name\":\"In\u00edcio\",\"item\":\"https:\\\/\\\/www.wheaton.com.br\\\/es\\\/\"},{\"@type\":\"ListItem\",\"position\":2,\"name\":\"Grupo Wheaton\",\"item\":\"https:\\\/\\\/www.wheaton.com.br\\\/es\\\/grupo-wheaton\\\/\"},{\"@type\":\"ListItem\",\"position\":3,\"name\":\"Sobre Wheaton\"}]},{\"@type\":\"WebSite\",\"@id\":\"https:\\\/\\\/www.wheaton.com.br\\\/es\\\/#website\",\"url\":\"https:\\\/\\\/www.wheaton.com.br\\\/es\\\/\",\"name\":\"Wheaton\",\"description\":\"Embalagens de vidro para perfumaria e utilidades dom\u00e9sticas\",\"publisher\":{\"@id\":\"https:\\\/\\\/www.wheaton.com.br\\\/es\\\/#organization\"},\"potentialAction\":[{\"@type\":\"SearchAction\",\"target\":{\"@type\":\"EntryPoint\",\"urlTemplate\":\"https:\\\/\\\/www.wheaton.com.br\\\/es\\\/?s={search_term_string}\"},\"query-input\":{\"@type\":\"PropertyValueSpecification\",\"valueRequired\":true,\"valueName\":\"search_term_string\"}}],\"inLanguage\":\"es\"},{\"@type\":\"Organization\",\"@id\":\"https:\\\/\\\/www.wheaton.com.br\\\/es\\\/#organization\",\"name\":\"Wheaton\",\"url\":\"https:\\\/\\\/www.wheaton.com.br\\\/es\\\/\",\"logo\":{\"@type\":\"ImageObject\",\"inLanguage\":\"es\",\"@id\":\"https:\\\/\\\/www.wheaton.com.br\\\/es\\\/#\\\/schema\\\/logo\\\/image\\\/\",\"url\":\"http:\\\/\\\/wheaton.com.br\\\/wp-content\\\/uploads\\\/2021\\\/09\\\/logo_btn-1.png\",\"contentUrl\":\"http:\\\/\\\/wheaton.com.br\\\/wp-content\\\/uploads\\\/2021\\\/09\\\/logo_btn-1.png\",\"width\":80,\"height\":64,\"caption\":\"Wheaton\"},\"image\":{\"@id\":\"https:\\\/\\\/www.wheaton.com.br\\\/es\\\/#\\\/schema\\\/logo\\\/image\\\/\"}}]}<\/script>\n<!-- \/ Yoast SEO plugin. -->","yoast_head_json":{"title":"Sobre Wheaton - Wheaton","robots":{"index":"index","follow":"follow","max-snippet":"max-snippet:-1","max-image-preview":"max-image-preview:large","max-video-preview":"max-video-preview:-1"},"canonical":"https:\/\/www.wheaton.com.br\/es\/grupo-wheaton\/sobre-wheaton\/","og_locale":"es_ES","og_type":"article","og_title":"Sobre Wheaton - Wheaton","og_description":"Wheaton es el l\u00edder nacional en la provisi\u00f3n de envases de vidrio para los segmentos[...]","og_url":"https:\/\/www.wheaton.com.br\/es\/grupo-wheaton\/sobre-wheaton\/","og_site_name":"Wheaton","article_modified_time":"2025-03-05T11:53:27+00:00","twitter_card":"summary_large_image","twitter_misc":{"Tiempo de lectura":"3 minutos"},"schema":{"@context":"https:\/\/schema.org","@graph":[{"@type":"WebPage","@id":"https:\/\/www.wheaton.com.br\/es\/grupo-wheaton\/sobre-wheaton\/","url":"https:\/\/www.wheaton.com.br\/es\/grupo-wheaton\/sobre-wheaton\/","name":"Sobre Wheaton - Wheaton","isPartOf":{"@id":"https:\/\/www.wheaton.com.br\/es\/#website"},"datePublished":"2023-05-11T21:44:50+00:00","dateModified":"2025-03-05T11:53:27+00:00","breadcrumb":{"@id":"https:\/\/www.wheaton.com.br\/es\/grupo-wheaton\/sobre-wheaton\/#breadcrumb"},"inLanguage":"es","potentialAction":[{"@type":"ReadAction","target":["https:\/\/www.wheaton.com.br\/es\/grupo-wheaton\/sobre-wheaton\/"]}]},{"@type":"BreadcrumbList","@id":"https:\/\/www.wheaton.com.br\/es\/grupo-wheaton\/sobre-wheaton\/#breadcrumb","itemListElement":[{"@type":"ListItem","position":1,"name":"In\u00edcio","item":"https:\/\/www.wheaton.com.br\/es\/"},{"@type":"ListItem","position":2,"name":"Grupo Wheaton","item":"https:\/\/www.wheaton.com.br\/es\/grupo-wheaton\/"},{"@type":"ListItem","position":3,"name":"Sobre Wheaton"}]},{"@type":"WebSite","@id":"https:\/\/www.wheaton.com.br\/es\/#website","url":"https:\/\/www.wheaton.com.br\/es\/","name":"Wheaton","description":"Embalagens de vidro para perfumaria e utilidades dom\u00e9sticas","publisher":{"@id":"https:\/\/www.wheaton.com.br\/es\/#organization"},"potentialAction":[{"@type":"SearchAction","target":{"@type":"EntryPoint","urlTemplate":"https:\/\/www.wheaton.com.br\/es\/?s={search_term_string}"},"query-input":{"@type":"PropertyValueSpecification","valueRequired":true,"valueName":"search_term_string"}}],"inLanguage":"es"},{"@type":"Organization","@id":"https:\/\/www.wheaton.com.br\/es\/#organization","name":"Wheaton","url":"https:\/\/www.wheaton.com.br\/es\/","logo":{"@type":"ImageObject","inLanguage":"es","@id":"https:\/\/www.wheaton.com.br\/es\/#\/schema\/logo\/image\/","url":"http:\/\/wheaton.com.br\/wp-content\/uploads\/2021\/09\/logo_btn-1.png","contentUrl":"http:\/\/wheaton.com.br\/wp-content\/uploads\/2021\/09\/logo_btn-1.png","width":80,"height":64,"caption":"Wheaton"},"image":{"@id":"https:\/\/www.wheaton.com.br\/es\/#\/schema\/logo\/image\/"}}]}},"_links":{"self":[{"href":"https:\/\/www.wheaton.com.br\/es\/wp-json\/wp\/v2\/pages\/10243","targetHints":{"allow":["GET"]}}],"collection":[{"href":"https:\/\/www.wheaton.com.br\/es\/wp-json\/wp\/v2\/pages"}],"about":[{"href":"https:\/\/www.wheaton.com.br\/es\/wp-json\/wp\/v2\/types\/page"}],"author":[{"embeddable":true,"href":"https:\/\/www.wheaton.com.br\/es\/wp-json\/wp\/v2\/users\/1"}],"replies":[{"embeddable":true,"href":"https:\/\/www.wheaton.com.br\/es\/wp-json\/wp\/v2\/comments?post=10243"}],"version-history":[{"count":0,"href":"https:\/\/www.wheaton.com.br\/es\/wp-json\/wp\/v2\/pages\/10243\/revisions"}],"up":[{"embeddable":true,"href":"https:\/\/www.wheaton.com.br\/es\/wp-json\/wp\/v2\/pages\/10244"}],"wp:attachment":[{"href":"https:\/\/www.wheaton.com.br\/es\/wp-json\/wp\/v2\/media?parent=10243"}],"curies":[{"name":"wp","href":"https:\/\/api.w.org\/{rel}","templated":true}]}}