{"id":10475,"date":"2023-05-21T11:51:37","date_gmt":"2023-05-21T14:51:37","guid":{"rendered":"http:\/\/wheaton.com.br\/?page_id=10475"},"modified":"2025-01-24T19:12:47","modified_gmt":"2025-01-24T22:12:47","slug":"localization-map","status":"publish","type":"page","link":"https:\/\/www.wheaton.com.br\/en\/contact\/localization-map\/","title":{"rendered":"Localization Map"},"content":{"rendered":"\n<p><strong>Grupo Wheaton Brasil<\/strong><\/p>\n\n\n\n<p>Av. \u00c1lvaro Guimar\u00e3es, 2502<br>S\u00e3o Bernardo do Campo &#8211; SP \u2013 Brasil<br>CEP: 09810\u2013010<br>Tel: 55 11 4355\u20131800<\/p>\n\n\n\n<p><img decoding=\"async\" width=\"16\" height=\"24\" class=\"wp-image-10053\" style=\"width: 16px;\" src=\"http:\/\/wheaton.com.br\/wp-content\/uploads\/2023\/04\/pin-icon.png\" alt=\"pin icon\"> <a rel=\"noreferrer noopener\" href=\"https:\/\/goo.gl\/maps\/agTCqPy1EHEfHAmG6\" target=\"_blank\"><strong>Localization map<\/strong><\/a><strong><br><\/strong><\/p>\n\n\n\n<p><strong><strong>Directions<\/strong><\/strong>:<\/p>\n\n\n\n<ul class=\"wp-block-list\">\n<li>Take Via Anchieta towards Santos.<\/li>\n\n\n\n<li>Exit at <strong>20-A<\/strong>, near <strong>CENFORPE<\/strong>.<\/li>\n\n\n\n<li>Stay on <strong>Rua Jos\u00e9 Odorizze<\/strong>.<\/li>\n\n\n\n<li>Cross <strong>Avenida Jos\u00e9 Odorizze<\/strong> at the traffic light and continue along the road next to the Scania wall until the end.<\/li>\n\n\n\n<li>The entrance to Wheaton is located opposite the police station, next to Scania.<\/li>\n<\/ul>\n\n\n<div class=\"wp-block-image\">\n<figure class=\"alignleft size-full is-resized\"><img decoding=\"async\" width=\"604\" height=\"866\" src=\"http:\/\/wheaton.com.br\/wp-content\/uploads\/2023\/05\/mapa-wheaton.jpg\" alt=\"\" class=\"wp-image-10152\" style=\"width:434px;height:622px\" srcset=\"https:\/\/www.wheaton.com.br\/wp-content\/uploads\/2023\/05\/mapa-wheaton.jpg 604w, https:\/\/www.wheaton.com.br\/wp-content\/uploads\/2023\/05\/mapa-wheaton-209x300.jpg 209w, https:\/\/www.wheaton.com.br\/wp-content\/uploads\/2023\/05\/mapa-wheaton-600x860.jpg 600w\" sizes=\"(max-width: 604px) 100vw, 604px\" \/><\/figure>\n<\/div>","protected":false},"excerpt":{"rendered":"<p>Grupo Wheaton Brasil Av. \u00c1lvaro Guimar\u00e3es, 2502S\u00e3o Bernardo do Campo &#8211; SP \u2013 BrasilCEP: 09810\u2013010Tel:[&#8230;]<\/p>\n","protected":false},"author":3,"featured_media":0,"parent":10469,"menu_order":34,"comment_status":"closed","ping_status":"closed","template":"","meta":{"_acf_changed":false,"inline_featured_image":false,"footnotes":""},"class_list":["post-10475","page","type-page","status-publish","hentry"],"acf":[],"yoast_head":"<!-- This site is optimized with the Yoast SEO plugin v27.2 - https:\/\/yoast.com\/product\/yoast-seo-wordpress\/ -->\n<title>Localization Map - Wheaton<\/title>\n<meta name=\"robots\" content=\"index, follow, max-snippet:-1, max-image-preview:large, max-video-preview:-1\" \/>\n<link rel=\"canonical\" href=\"https:\/\/www.wheaton.com.br\/en\/contact\/localization-map\/\" \/>\n<meta property=\"og:locale\" content=\"en_US\" \/>\n<meta property=\"og:type\" content=\"article\" \/>\n<meta property=\"og:title\" content=\"Localization Map - Wheaton\" \/>\n<meta property=\"og:description\" content=\"Grupo Wheaton Brasil Av. \u00c1lvaro Guimar\u00e3es, 2502S\u00e3o Bernardo do Campo &#8211; SP \u2013 BrasilCEP: 09810\u2013010Tel:[...]\" \/>\n<meta property=\"og:url\" content=\"https:\/\/www.wheaton.com.br\/en\/contact\/localization-map\/\" \/>\n<meta property=\"og:site_name\" content=\"Wheaton\" \/>\n<meta property=\"article:modified_time\" content=\"2025-01-24T22:12:47+00:00\" \/>\n<meta property=\"og:image\" content=\"http:\/\/wheaton.com.br\/wp-content\/uploads\/2023\/04\/pin-icon.png\" \/>\n<meta name=\"twitter:card\" content=\"summary_large_image\" \/>\n<meta name=\"twitter:label1\" content=\"Est. reading time\" \/>\n\t<meta name=\"twitter:data1\" content=\"1 minute\" \/>\n<script type=\"application\/ld+json\" class=\"yoast-schema-graph\">{\"@context\":\"https:\/\/schema.org\",\"@graph\":[{\"@type\":\"WebPage\",\"@id\":\"https:\/\/www.wheaton.com.br\/en\/contact\/localization-map\/\",\"url\":\"https:\/\/www.wheaton.com.br\/en\/contact\/localization-map\/\",\"name\":\"Localization Map - Wheaton\",\"isPartOf\":{\"@id\":\"https:\/\/www.wheaton.com.br\/en\/#website\"},\"primaryImageOfPage\":{\"@id\":\"https:\/\/www.wheaton.com.br\/en\/contact\/localization-map\/#primaryimage\"},\"image\":{\"@id\":\"https:\/\/www.wheaton.com.br\/en\/contact\/localization-map\/#primaryimage\"},\"thumbnailUrl\":\"http:\/\/wheaton.com.br\/wp-content\/uploads\/2023\/04\/pin-icon.png\",\"datePublished\":\"2023-05-21T14:51:37+00:00\",\"dateModified\":\"2025-01-24T22:12:47+00:00\",\"breadcrumb\":{\"@id\":\"https:\/\/www.wheaton.com.br\/en\/contact\/localization-map\/#breadcrumb\"},\"inLanguage\":\"en-US\",\"potentialAction\":[{\"@type\":\"ReadAction\",\"target\":[\"https:\/\/www.wheaton.com.br\/en\/contact\/localization-map\/\"]}]},{\"@type\":\"ImageObject\",\"inLanguage\":\"en-US\",\"@id\":\"https:\/\/www.wheaton.com.br\/en\/contact\/localization-map\/#primaryimage\",\"url\":\"http:\/\/wheaton.com.br\/wp-content\/uploads\/2023\/04\/pin-icon.png\",\"contentUrl\":\"http:\/\/wheaton.com.br\/wp-content\/uploads\/2023\/04\/pin-icon.png\"},{\"@type\":\"BreadcrumbList\",\"@id\":\"https:\/\/www.wheaton.com.br\/en\/contact\/localization-map\/#breadcrumb\",\"itemListElement\":[{\"@type\":\"ListItem\",\"position\":1,\"name\":\"In\u00edcio\",\"item\":\"https:\/\/www.wheaton.com.br\/en\/\"},{\"@type\":\"ListItem\",\"position\":2,\"name\":\"Contact\",\"item\":\"https:\/\/www.wheaton.com.br\/en\/contact\/\"},{\"@type\":\"ListItem\",\"position\":3,\"name\":\"Localization Map\"}]},{\"@type\":\"WebSite\",\"@id\":\"https:\/\/www.wheaton.com.br\/en\/#website\",\"url\":\"https:\/\/www.wheaton.com.br\/en\/\",\"name\":\"Wheaton\",\"description\":\"Embalagens de vidro para perfumaria e utilidades dom\u00e9sticas\",\"publisher\":{\"@id\":\"https:\/\/www.wheaton.com.br\/en\/#organization\"},\"potentialAction\":[{\"@type\":\"SearchAction\",\"target\":{\"@type\":\"EntryPoint\",\"urlTemplate\":\"https:\/\/www.wheaton.com.br\/en\/?s={search_term_string}\"},\"query-input\":{\"@type\":\"PropertyValueSpecification\",\"valueRequired\":true,\"valueName\":\"search_term_string\"}}],\"inLanguage\":\"en-US\"},{\"@type\":\"Organization\",\"@id\":\"https:\/\/www.wheaton.com.br\/en\/#organization\",\"name\":\"Wheaton\",\"url\":\"https:\/\/www.wheaton.com.br\/en\/\",\"logo\":{\"@type\":\"ImageObject\",\"inLanguage\":\"en-US\",\"@id\":\"https:\/\/www.wheaton.com.br\/en\/#\/schema\/logo\/image\/\",\"url\":\"http:\/\/wheaton.com.br\/wp-content\/uploads\/2021\/09\/logo_btn-1.png\",\"contentUrl\":\"http:\/\/wheaton.com.br\/wp-content\/uploads\/2021\/09\/logo_btn-1.png\",\"width\":80,\"height\":64,\"caption\":\"Wheaton\"},\"image\":{\"@id\":\"https:\/\/www.wheaton.com.br\/en\/#\/schema\/logo\/image\/\"}}]}<\/script>\n<!-- \/ Yoast SEO plugin. -->","yoast_head_json":{"title":"Localization Map - Wheaton","robots":{"index":"index","follow":"follow","max-snippet":"max-snippet:-1","max-image-preview":"max-image-preview:large","max-video-preview":"max-video-preview:-1"},"canonical":"https:\/\/www.wheaton.com.br\/en\/contact\/localization-map\/","og_locale":"en_US","og_type":"article","og_title":"Localization Map - Wheaton","og_description":"Grupo Wheaton Brasil Av. \u00c1lvaro Guimar\u00e3es, 2502S\u00e3o Bernardo do Campo &#8211; SP \u2013 BrasilCEP: 09810\u2013010Tel:[...]","og_url":"https:\/\/www.wheaton.com.br\/en\/contact\/localization-map\/","og_site_name":"Wheaton","article_modified_time":"2025-01-24T22:12:47+00:00","og_image":[{"url":"http:\/\/wheaton.com.br\/wp-content\/uploads\/2023\/04\/pin-icon.png","type":"","width":"","height":""}],"twitter_card":"summary_large_image","twitter_misc":{"Est. reading time":"1 minute"},"schema":{"@context":"https:\/\/schema.org","@graph":[{"@type":"WebPage","@id":"https:\/\/www.wheaton.com.br\/en\/contact\/localization-map\/","url":"https:\/\/www.wheaton.com.br\/en\/contact\/localization-map\/","name":"Localization Map - Wheaton","isPartOf":{"@id":"https:\/\/www.wheaton.com.br\/en\/#website"},"primaryImageOfPage":{"@id":"https:\/\/www.wheaton.com.br\/en\/contact\/localization-map\/#primaryimage"},"image":{"@id":"https:\/\/www.wheaton.com.br\/en\/contact\/localization-map\/#primaryimage"},"thumbnailUrl":"http:\/\/wheaton.com.br\/wp-content\/uploads\/2023\/04\/pin-icon.png","datePublished":"2023-05-21T14:51:37+00:00","dateModified":"2025-01-24T22:12:47+00:00","breadcrumb":{"@id":"https:\/\/www.wheaton.com.br\/en\/contact\/localization-map\/#breadcrumb"},"inLanguage":"en-US","potentialAction":[{"@type":"ReadAction","target":["https:\/\/www.wheaton.com.br\/en\/contact\/localization-map\/"]}]},{"@type":"ImageObject","inLanguage":"en-US","@id":"https:\/\/www.wheaton.com.br\/en\/contact\/localization-map\/#primaryimage","url":"http:\/\/wheaton.com.br\/wp-content\/uploads\/2023\/04\/pin-icon.png","contentUrl":"http:\/\/wheaton.com.br\/wp-content\/uploads\/2023\/04\/pin-icon.png"},{"@type":"BreadcrumbList","@id":"https:\/\/www.wheaton.com.br\/en\/contact\/localization-map\/#breadcrumb","itemListElement":[{"@type":"ListItem","position":1,"name":"In\u00edcio","item":"https:\/\/www.wheaton.com.br\/en\/"},{"@type":"ListItem","position":2,"name":"Contact","item":"https:\/\/www.wheaton.com.br\/en\/contact\/"},{"@type":"ListItem","position":3,"name":"Localization Map"}]},{"@type":"WebSite","@id":"https:\/\/www.wheaton.com.br\/en\/#website","url":"https:\/\/www.wheaton.com.br\/en\/","name":"Wheaton","description":"Embalagens de vidro para perfumaria e utilidades dom\u00e9sticas","publisher":{"@id":"https:\/\/www.wheaton.com.br\/en\/#organization"},"potentialAction":[{"@type":"SearchAction","target":{"@type":"EntryPoint","urlTemplate":"https:\/\/www.wheaton.com.br\/en\/?s={search_term_string}"},"query-input":{"@type":"PropertyValueSpecification","valueRequired":true,"valueName":"search_term_string"}}],"inLanguage":"en-US"},{"@type":"Organization","@id":"https:\/\/www.wheaton.com.br\/en\/#organization","name":"Wheaton","url":"https:\/\/www.wheaton.com.br\/en\/","logo":{"@type":"ImageObject","inLanguage":"en-US","@id":"https:\/\/www.wheaton.com.br\/en\/#\/schema\/logo\/image\/","url":"http:\/\/wheaton.com.br\/wp-content\/uploads\/2021\/09\/logo_btn-1.png","contentUrl":"http:\/\/wheaton.com.br\/wp-content\/uploads\/2021\/09\/logo_btn-1.png","width":80,"height":64,"caption":"Wheaton"},"image":{"@id":"https:\/\/www.wheaton.com.br\/en\/#\/schema\/logo\/image\/"}}]}},"_links":{"self":[{"href":"https:\/\/www.wheaton.com.br\/en\/wp-json\/wp\/v2\/pages\/10475","targetHints":{"allow":["GET"]}}],"collection":[{"href":"https:\/\/www.wheaton.com.br\/en\/wp-json\/wp\/v2\/pages"}],"about":[{"href":"https:\/\/www.wheaton.com.br\/en\/wp-json\/wp\/v2\/types\/page"}],"author":[{"embeddable":true,"href":"https:\/\/www.wheaton.com.br\/en\/wp-json\/wp\/v2\/users\/3"}],"replies":[{"embeddable":true,"href":"https:\/\/www.wheaton.com.br\/en\/wp-json\/wp\/v2\/comments?post=10475"}],"version-history":[{"count":0,"href":"https:\/\/www.wheaton.com.br\/en\/wp-json\/wp\/v2\/pages\/10475\/revisions"}],"up":[{"embeddable":true,"href":"https:\/\/www.wheaton.com.br\/en\/wp-json\/wp\/v2\/pages\/10469"}],"wp:attachment":[{"href":"https:\/\/www.wheaton.com.br\/en\/wp-json\/wp\/v2\/media?parent=10475"}],"curies":[{"name":"wp","href":"https:\/\/api.w.org\/{rel}","templated":true}]}}