{"id":10279,"date":"2023-05-14T18:12:08","date_gmt":"2023-05-14T21:12:08","guid":{"rendered":"http:\/\/wheaton.com.br\/?page_id=10279"},"modified":"2025-01-24T19:07:27","modified_gmt":"2025-01-24T22:07:27","slug":"contact-us","status":"publish","type":"page","link":"https:\/\/www.wheaton.com.br\/en\/contact\/contact-us\/","title":{"rendered":"Contact us"},"content":{"rendered":"\n<p>Wheaton Brasil Group is here to assist you. Feel free to reach out for compliments, complaints, or inquiries about our products and services. You can contact us via:<\/p>\n\n\n\n<ul class=\"wp-block-list\">\n<li><strong>Form Submission<\/strong>: Fill out the form below.<\/li>\n\n\n\n<li><strong>Email<\/strong><\/li>\n\n\n\n<li><strong>WhatsApp<\/strong><\/li>\n<\/ul>\n\n\n\n<div class=\"wp-block-columns is-layout-flex wp-container-core-columns-is-layout-9d6595d7 wp-block-columns-is-layout-flex\">\n<div class=\"wp-block-column is-layout-flow wp-block-column-is-layout-flow\">\n<h5 class=\"wp-block-heading\">International Sales \/ Exports<\/h5>\n\n\n\n<ul class=\"wp-block-list\">\n<li>&nbsp;(11) 4355-1210 <\/li>\n\n\n\n<li><a href=\"mailto:&nbsp;export@wheaton.com.br\">export@wheaton.com.br<\/a><\/li>\n<\/ul>\n<\/div>\n<\/div>\n\n\n\n<div class=\"wp-block-columns is-layout-flex wp-container-core-columns-is-layout-9d6595d7 wp-block-columns-is-layout-flex\"><\/div>\n\n\n\n<p><\/p>\n\n\n\n<h5 class=\"wp-block-heading\"><strong>Grupo Wheaton Brasil<\/strong><\/h5>\n\n\n\n<ul class=\"wp-block-list\">\n<li>Av. \u00c1lvaro Guimar\u00e3es, 2502 &#8211; S\u00e3o Bernardo do Campo &#8211; SP \u2013 Brasil CEP: 09810\u2013010<\/li>\n\n\n\n<li><a rel=\"noreferrer noopener\" href=\"tel:+551143551800\" target=\"_blank\">55 11 4355\u20131800<\/a><\/li>\n<\/ul>\n\n\n\n<div class=\"wp-block-contact-form-7-contact-form-selector\">\n<div class=\"wpcf7 no-js\" id=\"wpcf7-f10161-o1\" lang=\"en-US\" dir=\"ltr\" data-wpcf7-id=\"10161\">\n<div class=\"screen-reader-response\"><p role=\"status\" aria-live=\"polite\" aria-atomic=\"true\"><\/p> <ul><\/ul><\/div>\n<form action=\"\/en\/wp-json\/wp\/v2\/pages\/10279#wpcf7-f10161-o1\" method=\"post\" class=\"wpcf7-form init\" aria-label=\"Contact form\" novalidate=\"novalidate\" data-status=\"init\">\n<fieldset class=\"hidden-fields-container\"><input type=\"hidden\" name=\"_wpcf7\" value=\"10161\" \/><input type=\"hidden\" name=\"_wpcf7_version\" value=\"6.1.6\" \/><input type=\"hidden\" name=\"_wpcf7_locale\" value=\"en_US\" \/><input type=\"hidden\" name=\"_wpcf7_unit_tag\" value=\"wpcf7-f10161-o1\" \/><input type=\"hidden\" name=\"_wpcf7_container_post\" value=\"0\" \/><input type=\"hidden\" name=\"_wpcf7_posted_data_hash\" value=\"\" \/><input type=\"hidden\" name=\"_wpcf7_recaptcha_response\" value=\"\" \/>\n<\/fieldset>\n<div class=\"form-container\">\n\t<div class=\"row justify-center\">\n\t\t<div class=\"col-12 col-md-12 text-center\">\n\t\t<div class=\"wpcf7-response-output\" aria-hidden=\"true\"><\/div>\n\t\t<\/div>\n\t\t<div class=\"col-12 col-md-6\">\n\t\t\t<div class=\"form-group\">\n\t\t\t\t<p><label class=\"control-label\">Name:<\/label><br \/>\n<span class=\"wpcf7-form-control-wrap\" data-name=\"nome\"><input size=\"40\" maxlength=\"400\" class=\"wpcf7-form-control wpcf7-text wpcf7-validates-as-required\" aria-required=\"true\" aria-invalid=\"false\" value=\"\" type=\"text\" name=\"nome\" \/><\/span>\n\t\t\t\t<\/p>\n\t\t\t<\/div>\n\t\t<\/div>\n\t\t<div class=\"col-12 col-md-6\">\n\t\t\t<div class=\"form-group\">\n\t\t\t\t<p><label for=\"input\" class=\"control-label\">Email: *<\/label><br \/>\n<span class=\"wpcf7-form-control-wrap\" data-name=\"email\"><input size=\"40\" maxlength=\"400\" class=\"wpcf7-form-control wpcf7-email wpcf7-validates-as-required wpcf7-text wpcf7-validates-as-email\" aria-required=\"true\" aria-invalid=\"false\" value=\"\" type=\"email\" name=\"email\" \/><\/span>\n\t\t\t\t<\/p>\n\t\t\t<\/div>\n\t\t<\/div>\n\t\t<div class=\"col-12 col-md-6\">\n\t\t\t<div class=\"form-group\">\n\t\t\t\t<p><label for=\"input\" class=\"control-label\">Phone: *<\/label><br \/>\n<span class=\"wpcf7-form-control-wrap\" data-name=\"fone\"><input size=\"40\" maxlength=\"400\" class=\"wpcf7-form-control wpcf7-tel wpcf7-validates-as-required wpcf7-text wpcf7-validates-as-tel\" aria-required=\"true\" aria-invalid=\"false\" value=\"\" type=\"tel\" name=\"fone\" \/><\/span>\n\t\t\t\t<\/p>\n\t\t\t<\/div>\n\t\t<\/div>\n\t\t<div class=\"col-12 col-md-6\">\n\t\t\t<div class=\"form-group\">\n\t\t\t\t<p><label for=\"input\" class=\"control-label\"> Subject:<\/label><br \/>\n<span class=\"wpcf7-form-control-wrap\" data-name=\"assunto\"><select class=\"wpcf7-form-control wpcf7-select wpcf7-validates-as-required\" aria-required=\"true\" aria-invalid=\"false\" name=\"assunto\"><option value=\"\">Subject<\/option><option value=\"Glass Packaging\">Glass Packaging<\/option><option value=\"Domestic Utility\">Domestic Utility<\/option><option value=\"Export\">Export<\/option><option value=\"Customer Service\">Customer Service<\/option><option value=\"Marketing\">Marketing<\/option><\/select><\/span>\n\t\t\t\t<\/p>\n\t\t\t<\/div>\n\t\t<\/div>\n\t\t<div class=\"col-12 col-md-12\">\n\t\t\t<div class=\"form-group\">\n\t\t\t\t<p><label class=\"control-label\"> Message: *<\/label><br \/>\n<span class=\"wpcf7-form-control-wrap\" data-name=\"mensagem\"><textarea cols=\"40\" rows=\"10\" maxlength=\"2000\" class=\"wpcf7-form-control wpcf7-textarea wpcf7-validates-as-required\" aria-required=\"true\" aria-invalid=\"false\" name=\"mensagem\"><\/textarea><\/span>\n\t\t\t\t<\/p>\n\t\t\t<\/div>\n\t\t<\/div>\n\t\t<div class=\"col-12 col-md-12\">\n\t\t\t<div class=\"row align-items-center\">\n\t\t\t\t<div class=\"col-auto\">\n\t\t\t\t\t<p><button type=\"submit\" class=\"button btn btn-rounded btn-secondary\"><span>Send<\/span><\/button>\n\t\t\t\t\t<\/p>\n\t\t\t\t<\/div>\n\t\t\t\t<div class=\"col-auto\">\n\t\t\t\t\t<div class=\"form-help\">\n\t\t\t\t\t\t<p>(*) Required field\n\t\t\t\t\t\t<\/p>\n\t\t\t\t\t<\/div>\n\t\t\t\t<\/div>\n\t\t\t<\/div>\n\t\t<\/div>\n\t\t<div class=\"col-12 col-md-12 text-center\">\n\t\t<div class=\"wpcf7-response-output\" aria-hidden=\"true\"><\/div>\n\t\t<\/div>\n\t<\/div>\n<\/div>\n<\/form>\n<\/div>\n<\/div>\n","protected":false},"excerpt":{"rendered":"<p>Wheaton Brasil Group is here to assist you. Feel free to reach out for compliments,[&#8230;]<\/p>\n","protected":false},"author":1,"featured_media":6802,"parent":10469,"menu_order":27,"comment_status":"closed","ping_status":"closed","template":"","meta":{"_acf_changed":false,"inline_featured_image":false,"footnotes":""},"class_list":["post-10279","page","type-page","status-publish","has-post-thumbnail","hentry"],"acf":[],"yoast_head":"<!-- This site is optimized with the Yoast SEO plugin v27.6 - https:\/\/yoast.com\/product\/yoast-seo-wordpress\/ -->\n<title>Contact us - Wheaton<\/title>\n<meta name=\"robots\" content=\"index, follow, max-snippet:-1, max-image-preview:large, max-video-preview:-1\" \/>\n<link rel=\"canonical\" href=\"https:\/\/www.wheaton.com.br\/en\/contact\/contact-us\/\" \/>\n<meta property=\"og:locale\" content=\"en_US\" \/>\n<meta property=\"og:type\" content=\"article\" \/>\n<meta property=\"og:title\" content=\"Contact us - Wheaton\" \/>\n<meta property=\"og:description\" content=\"Wheaton Brasil Group is here to assist you. Feel free to reach out for compliments,[...]\" \/>\n<meta property=\"og:url\" content=\"https:\/\/www.wheaton.com.br\/en\/contact\/contact-us\/\" \/>\n<meta property=\"og:site_name\" content=\"Wheaton\" \/>\n<meta property=\"article:modified_time\" content=\"2025-01-24T22:07:27+00:00\" \/>\n<meta property=\"og:image\" content=\"https:\/\/www.wheaton.com.br\/wp-content\/uploads\/2021\/11\/capa-esp-e1624979929666.jpg\" \/>\n\t<meta property=\"og:image:width\" content=\"1403\" \/>\n\t<meta property=\"og:image:height\" content=\"1552\" \/>\n\t<meta property=\"og:image:type\" content=\"image\/jpeg\" \/>\n<meta name=\"twitter:card\" content=\"summary_large_image\" \/>\n<meta name=\"twitter:label1\" content=\"Est. reading time\" \/>\n\t<meta name=\"twitter:data1\" content=\"1 minute\" \/>\n<script type=\"application\/ld+json\" class=\"yoast-schema-graph\">{\"@context\":\"https:\\\/\\\/schema.org\",\"@graph\":[{\"@type\":\"WebPage\",\"@id\":\"https:\\\/\\\/www.wheaton.com.br\\\/en\\\/contact\\\/contact-us\\\/\",\"url\":\"https:\\\/\\\/www.wheaton.com.br\\\/en\\\/contact\\\/contact-us\\\/\",\"name\":\"Contact us - Wheaton\",\"isPartOf\":{\"@id\":\"https:\\\/\\\/www.wheaton.com.br\\\/en\\\/#website\"},\"primaryImageOfPage\":{\"@id\":\"https:\\\/\\\/www.wheaton.com.br\\\/en\\\/contact\\\/contact-us\\\/#primaryimage\"},\"image\":{\"@id\":\"https:\\\/\\\/www.wheaton.com.br\\\/en\\\/contact\\\/contact-us\\\/#primaryimage\"},\"thumbnailUrl\":\"https:\\\/\\\/www.wheaton.com.br\\\/wp-content\\\/uploads\\\/2021\\\/11\\\/capa-esp-e1624979929666.jpg\",\"datePublished\":\"2023-05-14T21:12:08+00:00\",\"dateModified\":\"2025-01-24T22:07:27+00:00\",\"breadcrumb\":{\"@id\":\"https:\\\/\\\/www.wheaton.com.br\\\/en\\\/contact\\\/contact-us\\\/#breadcrumb\"},\"inLanguage\":\"en-US\",\"potentialAction\":[{\"@type\":\"ReadAction\",\"target\":[\"https:\\\/\\\/www.wheaton.com.br\\\/en\\\/contact\\\/contact-us\\\/\"]}]},{\"@type\":\"ImageObject\",\"inLanguage\":\"en-US\",\"@id\":\"https:\\\/\\\/www.wheaton.com.br\\\/en\\\/contact\\\/contact-us\\\/#primaryimage\",\"url\":\"https:\\\/\\\/www.wheaton.com.br\\\/wp-content\\\/uploads\\\/2021\\\/11\\\/capa-esp-e1624979929666.jpg\",\"contentUrl\":\"https:\\\/\\\/www.wheaton.com.br\\\/wp-content\\\/uploads\\\/2021\\\/11\\\/capa-esp-e1624979929666.jpg\",\"width\":1403,\"height\":1552},{\"@type\":\"BreadcrumbList\",\"@id\":\"https:\\\/\\\/www.wheaton.com.br\\\/en\\\/contact\\\/contact-us\\\/#breadcrumb\",\"itemListElement\":[{\"@type\":\"ListItem\",\"position\":1,\"name\":\"In\u00edcio\",\"item\":\"https:\\\/\\\/www.wheaton.com.br\\\/en\\\/\"},{\"@type\":\"ListItem\",\"position\":2,\"name\":\"Contact\",\"item\":\"https:\\\/\\\/www.wheaton.com.br\\\/en\\\/contact\\\/\"},{\"@type\":\"ListItem\",\"position\":3,\"name\":\"Contact us\"}]},{\"@type\":\"WebSite\",\"@id\":\"https:\\\/\\\/www.wheaton.com.br\\\/en\\\/#website\",\"url\":\"https:\\\/\\\/www.wheaton.com.br\\\/en\\\/\",\"name\":\"Wheaton\",\"description\":\"Embalagens de vidro para perfumaria e utilidades dom\u00e9sticas\",\"publisher\":{\"@id\":\"https:\\\/\\\/www.wheaton.com.br\\\/en\\\/#organization\"},\"potentialAction\":[{\"@type\":\"SearchAction\",\"target\":{\"@type\":\"EntryPoint\",\"urlTemplate\":\"https:\\\/\\\/www.wheaton.com.br\\\/en\\\/?s={search_term_string}\"},\"query-input\":{\"@type\":\"PropertyValueSpecification\",\"valueRequired\":true,\"valueName\":\"search_term_string\"}}],\"inLanguage\":\"en-US\"},{\"@type\":\"Organization\",\"@id\":\"https:\\\/\\\/www.wheaton.com.br\\\/en\\\/#organization\",\"name\":\"Wheaton\",\"url\":\"https:\\\/\\\/www.wheaton.com.br\\\/en\\\/\",\"logo\":{\"@type\":\"ImageObject\",\"inLanguage\":\"en-US\",\"@id\":\"https:\\\/\\\/www.wheaton.com.br\\\/en\\\/#\\\/schema\\\/logo\\\/image\\\/\",\"url\":\"http:\\\/\\\/wheaton.com.br\\\/wp-content\\\/uploads\\\/2021\\\/09\\\/logo_btn-1.png\",\"contentUrl\":\"http:\\\/\\\/wheaton.com.br\\\/wp-content\\\/uploads\\\/2021\\\/09\\\/logo_btn-1.png\",\"width\":80,\"height\":64,\"caption\":\"Wheaton\"},\"image\":{\"@id\":\"https:\\\/\\\/www.wheaton.com.br\\\/en\\\/#\\\/schema\\\/logo\\\/image\\\/\"}}]}<\/script>\n<!-- \/ Yoast SEO plugin. -->","yoast_head_json":{"title":"Contact us - Wheaton","robots":{"index":"index","follow":"follow","max-snippet":"max-snippet:-1","max-image-preview":"max-image-preview:large","max-video-preview":"max-video-preview:-1"},"canonical":"https:\/\/www.wheaton.com.br\/en\/contact\/contact-us\/","og_locale":"en_US","og_type":"article","og_title":"Contact us - Wheaton","og_description":"Wheaton Brasil Group is here to assist you. Feel free to reach out for compliments,[...]","og_url":"https:\/\/www.wheaton.com.br\/en\/contact\/contact-us\/","og_site_name":"Wheaton","article_modified_time":"2025-01-24T22:07:27+00:00","og_image":[{"width":1403,"height":1552,"url":"https:\/\/www.wheaton.com.br\/wp-content\/uploads\/2021\/11\/capa-esp-e1624979929666.jpg","type":"image\/jpeg"}],"twitter_card":"summary_large_image","twitter_misc":{"Est. reading time":"1 minute"},"schema":{"@context":"https:\/\/schema.org","@graph":[{"@type":"WebPage","@id":"https:\/\/www.wheaton.com.br\/en\/contact\/contact-us\/","url":"https:\/\/www.wheaton.com.br\/en\/contact\/contact-us\/","name":"Contact us - Wheaton","isPartOf":{"@id":"https:\/\/www.wheaton.com.br\/en\/#website"},"primaryImageOfPage":{"@id":"https:\/\/www.wheaton.com.br\/en\/contact\/contact-us\/#primaryimage"},"image":{"@id":"https:\/\/www.wheaton.com.br\/en\/contact\/contact-us\/#primaryimage"},"thumbnailUrl":"https:\/\/www.wheaton.com.br\/wp-content\/uploads\/2021\/11\/capa-esp-e1624979929666.jpg","datePublished":"2023-05-14T21:12:08+00:00","dateModified":"2025-01-24T22:07:27+00:00","breadcrumb":{"@id":"https:\/\/www.wheaton.com.br\/en\/contact\/contact-us\/#breadcrumb"},"inLanguage":"en-US","potentialAction":[{"@type":"ReadAction","target":["https:\/\/www.wheaton.com.br\/en\/contact\/contact-us\/"]}]},{"@type":"ImageObject","inLanguage":"en-US","@id":"https:\/\/www.wheaton.com.br\/en\/contact\/contact-us\/#primaryimage","url":"https:\/\/www.wheaton.com.br\/wp-content\/uploads\/2021\/11\/capa-esp-e1624979929666.jpg","contentUrl":"https:\/\/www.wheaton.com.br\/wp-content\/uploads\/2021\/11\/capa-esp-e1624979929666.jpg","width":1403,"height":1552},{"@type":"BreadcrumbList","@id":"https:\/\/www.wheaton.com.br\/en\/contact\/contact-us\/#breadcrumb","itemListElement":[{"@type":"ListItem","position":1,"name":"In\u00edcio","item":"https:\/\/www.wheaton.com.br\/en\/"},{"@type":"ListItem","position":2,"name":"Contact","item":"https:\/\/www.wheaton.com.br\/en\/contact\/"},{"@type":"ListItem","position":3,"name":"Contact us"}]},{"@type":"WebSite","@id":"https:\/\/www.wheaton.com.br\/en\/#website","url":"https:\/\/www.wheaton.com.br\/en\/","name":"Wheaton","description":"Embalagens de vidro para perfumaria e utilidades dom\u00e9sticas","publisher":{"@id":"https:\/\/www.wheaton.com.br\/en\/#organization"},"potentialAction":[{"@type":"SearchAction","target":{"@type":"EntryPoint","urlTemplate":"https:\/\/www.wheaton.com.br\/en\/?s={search_term_string}"},"query-input":{"@type":"PropertyValueSpecification","valueRequired":true,"valueName":"search_term_string"}}],"inLanguage":"en-US"},{"@type":"Organization","@id":"https:\/\/www.wheaton.com.br\/en\/#organization","name":"Wheaton","url":"https:\/\/www.wheaton.com.br\/en\/","logo":{"@type":"ImageObject","inLanguage":"en-US","@id":"https:\/\/www.wheaton.com.br\/en\/#\/schema\/logo\/image\/","url":"http:\/\/wheaton.com.br\/wp-content\/uploads\/2021\/09\/logo_btn-1.png","contentUrl":"http:\/\/wheaton.com.br\/wp-content\/uploads\/2021\/09\/logo_btn-1.png","width":80,"height":64,"caption":"Wheaton"},"image":{"@id":"https:\/\/www.wheaton.com.br\/en\/#\/schema\/logo\/image\/"}}]}},"_links":{"self":[{"href":"https:\/\/www.wheaton.com.br\/en\/wp-json\/wp\/v2\/pages\/10279","targetHints":{"allow":["GET"]}}],"collection":[{"href":"https:\/\/www.wheaton.com.br\/en\/wp-json\/wp\/v2\/pages"}],"about":[{"href":"https:\/\/www.wheaton.com.br\/en\/wp-json\/wp\/v2\/types\/page"}],"author":[{"embeddable":true,"href":"https:\/\/www.wheaton.com.br\/en\/wp-json\/wp\/v2\/users\/1"}],"replies":[{"embeddable":true,"href":"https:\/\/www.wheaton.com.br\/en\/wp-json\/wp\/v2\/comments?post=10279"}],"version-history":[{"count":0,"href":"https:\/\/www.wheaton.com.br\/en\/wp-json\/wp\/v2\/pages\/10279\/revisions"}],"up":[{"embeddable":true,"href":"https:\/\/www.wheaton.com.br\/en\/wp-json\/wp\/v2\/pages\/10469"}],"wp:featuredmedia":[{"embeddable":true,"href":"https:\/\/www.wheaton.com.br\/en\/wp-json\/wp\/v2\/media\/6802"}],"wp:attachment":[{"href":"https:\/\/www.wheaton.com.br\/en\/wp-json\/wp\/v2\/media?parent=10279"}],"curies":[{"name":"wp","href":"https:\/\/api.w.org\/{rel}","templated":true}]}}