{"id":10242,"date":"2023-05-11T18:40:02","date_gmt":"2023-05-11T21:40:02","guid":{"rendered":"http:\/\/wheaton.com.br\/?page_id=10242"},"modified":"2025-03-05T08:52:04","modified_gmt":"2025-03-05T11:52:04","slug":"about-wheaton","status":"publish","type":"page","link":"https:\/\/www.wheaton.com.br\/en\/wheaton-group\/about-wheaton\/","title":{"rendered":"About Wheaton"},"content":{"rendered":"\n<p>Wheaton is the national leader in glass packaging for the perfumery, cosmetics, and pharmaceutical sectors. Globally, it is among the five largest facilities specializing in these segments, known for its innovation in concepts, technology, service, and design.<\/p>\n\n\n\n<p>The <strong>Wheaton Brasil Group<\/strong> includes:<\/p>\n\n\n\n<ul class=\"wp-block-list\">\n<li><strong>Viton<\/strong>: Manufacturer of machines and equipment for the glass industry.<\/li>\n\n\n\n<li><strong>Decor<\/strong>: In-house unit specializing in glass bottle and utensil decoration.<\/li>\n\n\n\n<li><strong>Extar<\/strong>: Trading and representation company for glass products.<\/li>\n\n\n\n<li><strong>Farmacap<\/strong>: Producer of closure solutions and rubber and aluminum accessories for pharmaceutical, veterinary, and related industries.<\/li>\n<\/ul>\n\n\n\n<p>In addition to dominating the national market, Wheaton exports to several countries. Its prestigious clients include Avon, Natura, O Botic\u00e1rio, Hinode, Jequiti, Yanbal, Eurofarma, EMS, Uni\u00e3o Qu\u00edmica, Novafarma, Ache, Casa de Madeira, Predilecta, Sakura, Grupo P\u00e3o de A\u00e7\u00facar, and Lojas Americanas.<\/p>\n\n\n\n<h2 class=\"wp-block-heading\">History<\/h2>\n\n\n\n<p>Wheaton Brasil Group\u2019s origins trace back to 1888 with the founding of T.C. Wheaton in Millville, New Jersey, USA. In 1952, Wheaton established its operations in S\u00e3o Paulo, Brazil, pioneering the production of penicillin bottles using a 4-section, double-gob I.S. machine in 1953. That same year, Wheaton expanded to produce bottles for the perfumery and cosmetics industries.<\/p>\n\n\n\n<p>In the <strong>1970s<\/strong>, Wheaton saw significant growth, expanding its facilities to reach a daily production capacity of 200 tons. The company introduced quadruple-gob machines to produce glass in colors like opaline, cobalt blue, cognac, and green.<\/p>\n\n\n\n<p>In <strong>1976<\/strong>, Wheaton launched its Household Goods division with the production of its first pressed glass cup. During the <strong>1980s<\/strong>, with modernized furnaces and an expanded industrial park, the company increased production for tableware and the perfumery and cosmetics markets. <\/p>\n\n\n\n<p>The <strong>1990s<\/strong> brought further innovation, including electronically controlled machines, palletized and shrink-wrapped packaging, oxy-gas combustion furnaces, computerized monitoring, and a color feeder system for colored glass. <\/p>\n\n\n\n<p>Quality programs were formalized during this period, and by the end of the decade, Wheaton\u2019s administrative unit in S\u00e3o Paulo moved to its industrial park in S\u00e3o Bernardo do Campo.<\/p>\n\n\n\n<h3 class=\"wp-block-heading\">Key Milestones in Wheaton&#8217;s History<\/h3>\n","protected":false},"excerpt":{"rendered":"<p>Wheaton is the national leader in glass packaging for the perfumery, cosmetics, and pharmaceutical sectors.[&#8230;]<\/p>\n","protected":false},"author":1,"featured_media":0,"parent":10075,"menu_order":49,"comment_status":"closed","ping_status":"closed","template":"","meta":{"_acf_changed":false,"inline_featured_image":false,"footnotes":""},"class_list":["post-10242","page","type-page","status-publish","hentry"],"acf":[],"yoast_head":"<!-- This site is optimized with the Yoast SEO plugin v27.2 - https:\/\/yoast.com\/product\/yoast-seo-wordpress\/ -->\n<title>About Wheaton - Wheaton<\/title>\n<meta name=\"robots\" content=\"index, follow, max-snippet:-1, max-image-preview:large, max-video-preview:-1\" \/>\n<link rel=\"canonical\" href=\"https:\/\/www.wheaton.com.br\/en\/wheaton-group\/about-wheaton\/\" \/>\n<meta property=\"og:locale\" content=\"en_US\" \/>\n<meta property=\"og:type\" content=\"article\" \/>\n<meta property=\"og:title\" content=\"About Wheaton - Wheaton\" \/>\n<meta property=\"og:description\" content=\"Wheaton is the national leader in glass packaging for the perfumery, cosmetics, and pharmaceutical sectors.[...]\" \/>\n<meta property=\"og:url\" content=\"https:\/\/www.wheaton.com.br\/en\/wheaton-group\/about-wheaton\/\" \/>\n<meta property=\"og:site_name\" content=\"Wheaton\" \/>\n<meta property=\"article:modified_time\" content=\"2025-03-05T11:52:04+00:00\" \/>\n<meta name=\"twitter:card\" content=\"summary_large_image\" \/>\n<meta name=\"twitter:label1\" content=\"Est. reading time\" \/>\n\t<meta name=\"twitter:data1\" content=\"2 minutes\" \/>\n<script type=\"application\/ld+json\" class=\"yoast-schema-graph\">{\"@context\":\"https:\/\/schema.org\",\"@graph\":[{\"@type\":\"WebPage\",\"@id\":\"https:\/\/www.wheaton.com.br\/en\/wheaton-group\/about-wheaton\/\",\"url\":\"https:\/\/www.wheaton.com.br\/en\/wheaton-group\/about-wheaton\/\",\"name\":\"About Wheaton - Wheaton\",\"isPartOf\":{\"@id\":\"https:\/\/www.wheaton.com.br\/en\/#website\"},\"datePublished\":\"2023-05-11T21:40:02+00:00\",\"dateModified\":\"2025-03-05T11:52:04+00:00\",\"breadcrumb\":{\"@id\":\"https:\/\/www.wheaton.com.br\/en\/wheaton-group\/about-wheaton\/#breadcrumb\"},\"inLanguage\":\"en-US\",\"potentialAction\":[{\"@type\":\"ReadAction\",\"target\":[\"https:\/\/www.wheaton.com.br\/en\/wheaton-group\/about-wheaton\/\"]}]},{\"@type\":\"BreadcrumbList\",\"@id\":\"https:\/\/www.wheaton.com.br\/en\/wheaton-group\/about-wheaton\/#breadcrumb\",\"itemListElement\":[{\"@type\":\"ListItem\",\"position\":1,\"name\":\"In\u00edcio\",\"item\":\"https:\/\/www.wheaton.com.br\/en\/\"},{\"@type\":\"ListItem\",\"position\":2,\"name\":\"Wheaton Group\",\"item\":\"https:\/\/www.wheaton.com.br\/en\/wheaton-group\/\"},{\"@type\":\"ListItem\",\"position\":3,\"name\":\"About Wheaton\"}]},{\"@type\":\"WebSite\",\"@id\":\"https:\/\/www.wheaton.com.br\/en\/#website\",\"url\":\"https:\/\/www.wheaton.com.br\/en\/\",\"name\":\"Wheaton\",\"description\":\"Embalagens de vidro para perfumaria e utilidades dom\u00e9sticas\",\"publisher\":{\"@id\":\"https:\/\/www.wheaton.com.br\/en\/#organization\"},\"potentialAction\":[{\"@type\":\"SearchAction\",\"target\":{\"@type\":\"EntryPoint\",\"urlTemplate\":\"https:\/\/www.wheaton.com.br\/en\/?s={search_term_string}\"},\"query-input\":{\"@type\":\"PropertyValueSpecification\",\"valueRequired\":true,\"valueName\":\"search_term_string\"}}],\"inLanguage\":\"en-US\"},{\"@type\":\"Organization\",\"@id\":\"https:\/\/www.wheaton.com.br\/en\/#organization\",\"name\":\"Wheaton\",\"url\":\"https:\/\/www.wheaton.com.br\/en\/\",\"logo\":{\"@type\":\"ImageObject\",\"inLanguage\":\"en-US\",\"@id\":\"https:\/\/www.wheaton.com.br\/en\/#\/schema\/logo\/image\/\",\"url\":\"http:\/\/wheaton.com.br\/wp-content\/uploads\/2021\/09\/logo_btn-1.png\",\"contentUrl\":\"http:\/\/wheaton.com.br\/wp-content\/uploads\/2021\/09\/logo_btn-1.png\",\"width\":80,\"height\":64,\"caption\":\"Wheaton\"},\"image\":{\"@id\":\"https:\/\/www.wheaton.com.br\/en\/#\/schema\/logo\/image\/\"}}]}<\/script>\n<!-- \/ Yoast SEO plugin. -->","yoast_head_json":{"title":"About Wheaton - Wheaton","robots":{"index":"index","follow":"follow","max-snippet":"max-snippet:-1","max-image-preview":"max-image-preview:large","max-video-preview":"max-video-preview:-1"},"canonical":"https:\/\/www.wheaton.com.br\/en\/wheaton-group\/about-wheaton\/","og_locale":"en_US","og_type":"article","og_title":"About Wheaton - Wheaton","og_description":"Wheaton is the national leader in glass packaging for the perfumery, cosmetics, and pharmaceutical sectors.[...]","og_url":"https:\/\/www.wheaton.com.br\/en\/wheaton-group\/about-wheaton\/","og_site_name":"Wheaton","article_modified_time":"2025-03-05T11:52:04+00:00","twitter_card":"summary_large_image","twitter_misc":{"Est. reading time":"2 minutes"},"schema":{"@context":"https:\/\/schema.org","@graph":[{"@type":"WebPage","@id":"https:\/\/www.wheaton.com.br\/en\/wheaton-group\/about-wheaton\/","url":"https:\/\/www.wheaton.com.br\/en\/wheaton-group\/about-wheaton\/","name":"About Wheaton - Wheaton","isPartOf":{"@id":"https:\/\/www.wheaton.com.br\/en\/#website"},"datePublished":"2023-05-11T21:40:02+00:00","dateModified":"2025-03-05T11:52:04+00:00","breadcrumb":{"@id":"https:\/\/www.wheaton.com.br\/en\/wheaton-group\/about-wheaton\/#breadcrumb"},"inLanguage":"en-US","potentialAction":[{"@type":"ReadAction","target":["https:\/\/www.wheaton.com.br\/en\/wheaton-group\/about-wheaton\/"]}]},{"@type":"BreadcrumbList","@id":"https:\/\/www.wheaton.com.br\/en\/wheaton-group\/about-wheaton\/#breadcrumb","itemListElement":[{"@type":"ListItem","position":1,"name":"In\u00edcio","item":"https:\/\/www.wheaton.com.br\/en\/"},{"@type":"ListItem","position":2,"name":"Wheaton Group","item":"https:\/\/www.wheaton.com.br\/en\/wheaton-group\/"},{"@type":"ListItem","position":3,"name":"About Wheaton"}]},{"@type":"WebSite","@id":"https:\/\/www.wheaton.com.br\/en\/#website","url":"https:\/\/www.wheaton.com.br\/en\/","name":"Wheaton","description":"Embalagens de vidro para perfumaria e utilidades dom\u00e9sticas","publisher":{"@id":"https:\/\/www.wheaton.com.br\/en\/#organization"},"potentialAction":[{"@type":"SearchAction","target":{"@type":"EntryPoint","urlTemplate":"https:\/\/www.wheaton.com.br\/en\/?s={search_term_string}"},"query-input":{"@type":"PropertyValueSpecification","valueRequired":true,"valueName":"search_term_string"}}],"inLanguage":"en-US"},{"@type":"Organization","@id":"https:\/\/www.wheaton.com.br\/en\/#organization","name":"Wheaton","url":"https:\/\/www.wheaton.com.br\/en\/","logo":{"@type":"ImageObject","inLanguage":"en-US","@id":"https:\/\/www.wheaton.com.br\/en\/#\/schema\/logo\/image\/","url":"http:\/\/wheaton.com.br\/wp-content\/uploads\/2021\/09\/logo_btn-1.png","contentUrl":"http:\/\/wheaton.com.br\/wp-content\/uploads\/2021\/09\/logo_btn-1.png","width":80,"height":64,"caption":"Wheaton"},"image":{"@id":"https:\/\/www.wheaton.com.br\/en\/#\/schema\/logo\/image\/"}}]}},"_links":{"self":[{"href":"https:\/\/www.wheaton.com.br\/en\/wp-json\/wp\/v2\/pages\/10242","targetHints":{"allow":["GET"]}}],"collection":[{"href":"https:\/\/www.wheaton.com.br\/en\/wp-json\/wp\/v2\/pages"}],"about":[{"href":"https:\/\/www.wheaton.com.br\/en\/wp-json\/wp\/v2\/types\/page"}],"author":[{"embeddable":true,"href":"https:\/\/www.wheaton.com.br\/en\/wp-json\/wp\/v2\/users\/1"}],"replies":[{"embeddable":true,"href":"https:\/\/www.wheaton.com.br\/en\/wp-json\/wp\/v2\/comments?post=10242"}],"version-history":[{"count":0,"href":"https:\/\/www.wheaton.com.br\/en\/wp-json\/wp\/v2\/pages\/10242\/revisions"}],"up":[{"embeddable":true,"href":"https:\/\/www.wheaton.com.br\/en\/wp-json\/wp\/v2\/pages\/10075"}],"wp:attachment":[{"href":"https:\/\/www.wheaton.com.br\/en\/wp-json\/wp\/v2\/media?parent=10242"}],"curies":[{"name":"wp","href":"https:\/\/api.w.org\/{rel}","templated":true}]}}